{"id":30058,"date":"2022-10-31T09:53:35","date_gmt":"2022-10-31T08:53:35","guid":{"rendered":"https:\/\/katalog.engel-kunst.com\/online-live-bidding\/"},"modified":"2024-06-13T11:27:18","modified_gmt":"2024-06-13T09:27:18","slug":"online-live-bidding","status":"publish","type":"page","link":"https:\/\/engel-kunst.com\/en\/online-live-bidding\/","title":{"rendered":"Online Live Bidding"},"content":{"rendered":"\n\n\t\t\t<a href=\"https:\/\/www.lot-tissimo.com\/de-de\/auction-catalogues\/search-filter?clientID=Engel%20Kunstauktionen\" download target=\"_blank\" rel=\"noopener\">\n\t\t\t\t\t\tLive-Auktion\n\t\t\t\t\t<\/a>\n\t\t\t<a href=\"\" download target=\"_blank\" rel=\"noopener\">\n\t\t\t\t\t\tErstbieter-Anmeldung\n\t\t\t\t\t<\/a>\n\t\t\t\t<img loading=\"lazy\" decoding=\"async\" src=\"https:\/\/engel-kunst.com\/wp-content\/uploads\/2022\/10\/online-live-bieten.jpg\" alt=\"Lupe und Auktionshammer liegen auf einem Buch. Online live bieten als Slogan\" itemprop=\"image\" height=\"480\" width=\"640\" title=\"online-live-bieten\" onerror=\"this.style.display='none'\"  \/>\n\t<h4><strong>Online Live Bieten<\/strong><\/h4>\n\u00dcber den angegebenen Link gelangen Sie zu Lot-tissimo.<br \/>\nSie k\u00f6nnen live an einer Auktion von zu Hause oder unterwegs<br \/>\nteilnehmen.\nDie Registrierung ist bis zu\u00a0<strong>24 Stunden<\/strong>\u00a0vor der Auktion m\u00f6glich.<br \/>\nSie k\u00f6nnen dann in Echtzeit von jedem PC, Tablet oder Smartphone<br \/>\nan der Auktion teilnehmen.\n<p>Sie m\u00fcssen sich zun\u00e4chst registrieren und dann f\u00fcr die jeweilige Auktion \u201eLive anmelden&#8221; .<\/p>\n<p><strong>Bitte beachten Sie, dass f\u00fcr das Live-Bieten gesonderte Bestimmungen gelten.<\/strong><\/p>\n<ul>\n<li>Sollten Sie Erstbieter sein, erhalten Sie mit der Best\u00e4tigungs-E-Mail eine Aufforderung<br \/>\nzur Erstbieterregistrierung und der Forderung nach einer Kopie Ihres Personalausweises.<\/li>\n<\/ul>\n<ul>\n<li>F\u00fcr die Nutzung des Onlinedienstes erh\u00f6ht sich das Aufgeld um 5%.<\/li>\n<\/ul>\n<p>Sie m\u00fcssen sich nicht als Live-Bieter registrieren, wenn Sie die Auktion nur ansehen und live verfolgen m\u00f6chten.<\/p>\n\n","protected":false},"excerpt":{"rendered":"<p>Live-Auktion Erstbieter-Anmeldung Online Live Bieten \u00dcber den angegebenen Link gelangen Sie zu Lot-tissimo. Sie k\u00f6nnen live an einer Auktion von zu Hause oder unterwegs teilnehmen. Die Registrierung ist bis zu\u00a024 Stunden\u00a0vor der Auktion m\u00f6glich. Sie k\u00f6nnen dann in Echtzeit von jedem PC, Tablet oder Smartphone an der Auktion teilnehmen. Sie m\u00fcssen sich zun\u00e4chst registrieren und &#8230; <a title=\"Online Live Bidding\" class=\"read-more\" href=\"https:\/\/engel-kunst.com\/en\/online-live-bidding\/\" aria-label=\"Read more about Online Live Bidding\">Read more<\/a><\/p>\n","protected":false},"author":2,"featured_media":0,"parent":0,"menu_order":0,"comment_status":"closed","ping_status":"closed","template":"","meta":{"_acf_changed":false,"_seopress_robots_primary_cat":"","_seopress_titles_title":"","_seopress_titles_desc":"","_seopress_robots_index":"","footnotes":""},"class_list":["post-30058","page","type-page","status-publish"],"acf":[],"_links":{"self":[{"href":"https:\/\/engel-kunst.com\/en\/wp-json\/wp\/v2\/pages\/30058","targetHints":{"allow":["GET"]}}],"collection":[{"href":"https:\/\/engel-kunst.com\/en\/wp-json\/wp\/v2\/pages"}],"about":[{"href":"https:\/\/engel-kunst.com\/en\/wp-json\/wp\/v2\/types\/page"}],"author":[{"embeddable":true,"href":"https:\/\/engel-kunst.com\/en\/wp-json\/wp\/v2\/users\/2"}],"replies":[{"embeddable":true,"href":"https:\/\/engel-kunst.com\/en\/wp-json\/wp\/v2\/comments?post=30058"}],"version-history":[{"count":3,"href":"https:\/\/engel-kunst.com\/en\/wp-json\/wp\/v2\/pages\/30058\/revisions"}],"predecessor-version":[{"id":45323,"href":"https:\/\/engel-kunst.com\/en\/wp-json\/wp\/v2\/pages\/30058\/revisions\/45323"}],"wp:attachment":[{"href":"https:\/\/engel-kunst.com\/en\/wp-json\/wp\/v2\/media?parent=30058"}],"curies":[{"name":"wp","href":"https:\/\/api.w.org\/{rel}","templated":true}]}}