{"id":30086,"date":"2022-10-31T10:11:54","date_gmt":"2022-10-31T09:11:54","guid":{"rendered":"https:\/\/katalog.engel-kunst.com\/buy\/"},"modified":"2024-03-04T10:28:35","modified_gmt":"2024-03-04T09:28:35","slug":"buy","status":"publish","type":"page","link":"https:\/\/engel-kunst.com\/en\/buy\/","title":{"rendered":"Buy"},"content":{"rendered":"\n\n\t\tSchnellnavigation\n\t\t\t\t\t\n\t<h2 id=\"vorbesichtigung_link\">Vorbesichtigung | Katalog<\/h2>\n<p>W\u00e4hrend der Vorbesichtigung in unseren R\u00e4umen haben Sie Gelegenheit alle zum Aufruf gelangenden Objekte zu besichtigen. Unter unserer Telefonnummer +49 (0) 2 61 &#8211; 9 14 37 51 oder \u00fcber das Internet k\u00f6nnen Sie unseren aktuellen Katalog bestellen. Auf gleichem Wege k\u00f6nnen Sie auch ein Katalogabonnement bestellen.\u00a0 Bitte klicken Sie\u00a0<a href=\"http:\/\/engel-kunst.com\/de\/katalogbestellung\/\"><strong>hier<\/strong><\/a>.<\/p>\n\t<h2 id=\"Zustandsberichte_link\">Zustandsberichte<\/h2>\n<p>Zustandsberichte zu den einzelnen Objekten sind auf Anfrage erh\u00e4ltlich.<\/p>\n\t<h2 id=\"Fotoservice_link\">Fotoservice<\/h2>\n<p>Auf Wunsch fotografieren wir einzelne Objekte f\u00fcr Sie und senden sie Ihnen per E-Mail zu. Eine Zusendung erfolgt erst mit Beginn der Vorbesichtigung.<\/p>\n\t<h2 id=\"gebot_link\">Gebote abgeben<\/h2>\n<h3>Pers\u00f6nlich:<\/h3>\n<p>Bei pers\u00f6nlicher Teilnahme an unseren Auktionen erhalten Sie vor Ort nach Ihrer Registrierung eine Bieternummer, die Sie zum Mitbieten berechtigt.<\/p>\n<h3>Schriftlich:<b><br \/>\n<\/b><\/h3>\n<p>Sie k\u00f6nnen auch schriftliche Gebote abgeben, wobei Ihre angegebenen H\u00f6chstgebote nur in Anspruch genommen werden, bis andere Bieter \u00fcberboten sind. Ein entsprechendes Formular finden Sie in unserem Katalog oder\u00a0<a href=\"https:\/\/engel-kunst.com\/wp-content\/uploads\/2022\/10\/schriftliches-gebot.pdf\" target=\"_blank\" rel=\"noopener\"><strong>hier<\/strong><\/a>\u00a0auf unserer Webseite.<\/p>\n<p>Zudem besteht die M\u00f6glichkeit Ihr Gebot \u00fcber unseren\u00a0<strong>Online-Katalog<\/strong>\u00a0abzugeben.<\/p>\n<h3>Telefonisch:<\/h3>\n<p>Bei Limitpreisen ab \u20ac 250,- haben Sie auch die M\u00f6glichkeit telefonisch mitzusteigern. Entsprechendes Formular erhalten Sie in unserer Vorbesichtigung oder\u00a0<strong><a href=\"https:\/\/engel-kunst.com\/wp-content\/uploads\/2022\/10\/telefonisches-gebot.pdf\" target=\"_blank\" rel=\"noopener\">hier<\/a><\/strong>\u00a0auf unserer Webseite und auf telefonische Anfrage. Wir rufen Sie w\u00e4hrend der Auktion an, damit Sie telefonisch auf die gew\u00fcnschte Losnummer mitbieten k\u00f6nnen.<\/p>\n<h3>Live Online Bieten:<\/h3>\n<p>Unsere Auktionen werden live ins Internet \u00fcbertragen. Damit erhalten Sie die M\u00f6glichkeit an der Versteigerung teilzunehmen. F\u00fcr die Teilnahme an der Auktion registrieren Sie sich bitte\u00a0vorab auf unserer Webseite. So k\u00f6nnen Sie live w\u00e4hrend der Auktion von Ihrem PC, Tablet oder Smartphone aus mitbieten.<\/p>\n<p><strong>Neukunden<\/strong>\u00a0m\u00fcssen zus\u00e4tzlich unsere\u00a0<strong><a href=\"https:\/\/engel-kunst.com\/wp-content\/uploads\/2022\/10\/Bietererstanmeldung-interaktiv-de.pdf\" target=\"_blank\" rel=\"noopener\">Erstbieter-Anmeldung<\/a><\/strong>\u00a0ausf\u00fcllen und Ihren Personalausweis vorlegen.<\/p>\n<p><strong>Achtung:<\/strong><\/p>\n<p>Damit wir Ihr schriftliches oder telefonisches Gebot ber\u00fccksichtigen k\u00f6nnen, drucken Sie unser entsprechendes Formular aus und senden es mit Ihrer Unterschrift versehen per Post, E-Mail oder Fax an:<\/p>\nENGEL Kunstauktionen<br \/>\nFriedrich-Ebert-Ring 12<br \/>\nD-56068 Koblenz\nE-Mail:\u00a0<a title=\"mailto:webmaster@engel-kunst.com\" href=\"mailto:info@engel-kunst.com\">info@engel-kunst.com<\/a><br \/>\nFax +49 (0) 2 61 &#8211; 9 14 37 52\n<p><strong>Abgabefrist<\/strong><\/p>\n<p>Schriftliche Gebote, Auftr\u00e4ge f\u00fcr telefonische Gebote und die Erstbieter-Anmeldung zum Live Online Bieten m\u00fcssen sp\u00e4testens 24 Stunden vor Versteigerungsbeginn eingehen, da wir sonst\u00a0 deren Ausf\u00fchrung nicht gew\u00e4hrleisten k\u00f6nnen.<\/p>\n\t<h2 id=\"Aufruf und Steigerung_link\">Aufruf und Steigerung<\/h2>\n<p>Die im Katalog aufgef\u00fchrten Objekte werden zu den angegebenen Limits aufgerufen. Gesteigert wird in \u00a0der Regel um 10 % des Aufrufpreises (von vollen Hundert oder Tausend, ab 100,00 \u20ac bis 300,00 \u20ac, ab 1000,00 \u20ac bis 3000,00 \u20ac etc., dar\u00fcber um jeweils 50,00 \u20ac, 500,00 \u20ac etc.), bis 100,00 \u20ac jedoch mindestens um 5,00 \u20ac.<\/p>\n\t<h2 id=\"aufgeld_link\">Aufgeld | Mehrwertsteuer<\/h2>\n<p>Auf den Zuschlagpreis wird ein Aufgeld von 23 % erhoben zzgl. 19% Mehrwertsteuer, gerechnet nur auf das Aufgeld. Es findet Regelbesteuerung statt.<\/p>\n<h3>Export<\/h3>\n<p>Sofern der ersteigerte Gegenstand von einem im Ausland ans\u00e4ssigen K\u00e4ufer ins Nicht-EU-Ausland mitgenommen wird, wird ihm die auf das Aufgeld entfallende Mehrwertsteuer erstattet, sobald dem Versteigerer der Ausfuhr- und Abnehmernachweis vorliegt. Von der Mehrwertsteuer befreit sind auch Ausfuhrlieferungen an Unternehmen in EU-Mietgliedsl\u00e4ndern bei Angabe der USt.-ID-Nr..<\/p>\n<h3 id=\"zahlung_link\">Zahlung<\/h3>\n<p>Rechnungen werden w\u00e4hrend der Auktion in bar oder mit EC-Karte bezahlt oder nach Erhalt per Post \u00fcberwiesen. Schecks ausl\u00e4ndischer Banken werden nicht akzeptiert. Die Zahlung ist mit dem Zuschlag f\u00e4llig. Erworbene Objekte k\u00f6nnen nur nach vollst\u00e4ndig erfolgter Zahlung an den K\u00e4ufer ausgeh\u00e4ndigt werden. Bei Zahlungsverzug werden auf den Rechnungsbetrag Zinsen in H\u00f6he von 5% \u00fcber dem jeweils g\u00fcltigen Bankzins p.a. bis zum Eingang der Zahlung berechnet. W\u00e4hrend oder unmittelbar nach der Versteigerung ausgestellte Rechnungen bed\u00fcrfen wegen \u00dcberlastung des B\u00fcros einer besonderen Nachpr\u00fcfung und evtl. Berichtigung; Irrtum vorbehalten! Alle Steuern, Kosten, Geb\u00fchren der \u00dcberweisung oder der Scheckeinl\u00f6sung und der E N G E L KUNSTAUKTIONEN in Abzug gebrachten Bankspesen gehen zu Lasten des K\u00e4ufers. Kursverluste bei Zahlung in anderer W\u00e4hrung gehen zu Lasten des K\u00e4ufers. Rechnungen werden per Post und ggf. zus\u00e4tzlich per E-Mail versendet.<\/p>\n\t<h2 id=\"abholung_link\">Abholung<\/h2>\n<p>Bezahlte Objekte k\u00f6nnen am Auktionstag abgeholt werden. Wir bitten jedoch um Verst\u00e4ndnis, dass dies w\u00e4hrend der laufenden Auktion nur in Ausnahmef\u00e4llen m\u00f6glich ist. Bitte nutzen Sie die Pause oder die Zeit nach der Auktion bis Gesch\u00e4ftsschluss. Abwesende K\u00e4ufer sind verpflichtet, die Gegenst\u00e4nde unverz\u00fcglich nach Mitteilung des Zuschlages bei uns abzuholen. Bitte beachten Sie\u00a0<a href=\"https:\/\/engel-kunst.com\/en\/contact\/\">unsere Gesch\u00e4ftszeiten.<\/a><\/p>\n\t<h2 id=\"versand_link\">Versand | Zoll<\/h2>\n<p>Auf Kundenwunsch organisieren wir den Versand der Objekte. Nach Erhalt einer schriftlichen Versandanweisung wird der Versand von uns organisiert und bestm\u00f6glich ausgef\u00fchrt. Bitte verwenden Sie unser Formular \u201eVersandanweisung&#8221;, das den per E-Mail oder per Post zugestellten Rechnungen beiliegt oder drucken Sie es\u00a0<strong><a href=\"https:\/\/engel-kunst.com\/wp-content\/uploads\/2022\/10\/Versandanweisung-Dispatch-Order.pdf\" target=\"_blank\" rel=\"noopener\">hier<\/a><\/strong>\u00a0erneut aus.\u00a0<strong>Ohne eine ausgef\u00fcllte Versandanweisung erfolgt kein Versand<\/strong>. Die Zahlung der Versandkosten alleine gen\u00fcgt nicht zur Ausf\u00fchrung des Versandes. Auf Wunsch organisieren wir f\u00fcr Sie ad\u00e4quate und versicherte Transporte durch Post- oder Kurierdienste oder Speditionen weltweit. Bei einem Versand in ein Nicht-EU-Land ist bei einem Gesamtwarenwert ab \u20ac 1.000,- die Vorlage von Ausfuhrgenehmigungen beim Zoll zwingend erforderlich. F\u00fcr die Erstellung dieser Papiere berechnen wir netto mindestens \u20ac 35,-.<\/p>\n\t<h2 id=\"Auktionsergebnisse_link\">Auktionsergebnisse<\/h2>\n<p>Die Auktionsergebnisse werden in den Onlinekatalog \u00fcbertragen. Diese bed\u00fcrfen der Nachpr\u00fcfung und sind ohne Gew\u00e4hr. Auf Wunsch schicken wir Ihnen eine Ergebnisliste zu. Ab dem 1. Werktag nach der Auktion k\u00f6nnen Sie bei uns die Ergebnisse erhalten und unter (www.engel-kunst.com) einsehen (Telefon: 0261 \/ 914 3751).<\/p>\n\t<h2 id=\"Nachverkauf | Nachgebot_link\">Nachverkauf | Nachgebot<strong><br \/>\n<\/strong><\/h2>\n<p>In der Woche nach der Auktion k\u00f6nnen die unverkauften Objekte bei uns besichtigt und zum Limitpreis plus Aufgeld erworben werden.<\/p>\n<p>Bei Verk\u00e4ufen unter dem Limitpreis betr\u00e4gt das Aufgeld 25 % zzgl. 19 % Mehrwertsteuer, gerechnet auf das Aufgeld.<\/p>\n<p>Bei Objekten, die mit \u201eo. L.&#8221; (ohne Limit) ausgezeichnet sind, erhalten Sie den Preis auf Anfrage.<\/p>\n\t<h2 id=\"bankverbindungen_link\">Bankverbindung<\/h2>\n<p><strong>Volksbank RheinAhrEifel eG<\/strong><\/p>\nSwift-BIC: GENODED1BNA<br \/>\nIBAN: DE04 5776 1591 1031 7220 00\n\n","protected":false},"excerpt":{"rendered":"<p>Schnellnavigation Vorbesichtigung | Katalog W\u00e4hrend der Vorbesichtigung in unseren R\u00e4umen haben Sie Gelegenheit alle zum Aufruf gelangenden Objekte zu besichtigen. Unter unserer Telefonnummer +49 (0) 2 61 &#8211; 9 14 37 51 oder \u00fcber das Internet k\u00f6nnen Sie unseren aktuellen Katalog bestellen. Auf gleichem Wege k\u00f6nnen Sie auch ein Katalogabonnement bestellen.\u00a0 Bitte klicken Sie\u00a0hier. Zustandsberichte &#8230; <a title=\"Buy\" class=\"read-more\" href=\"https:\/\/engel-kunst.com\/en\/buy\/\" aria-label=\"Read more about Buy\">Read more<\/a><\/p>\n","protected":false},"author":2,"featured_media":0,"parent":0,"menu_order":0,"comment_status":"closed","ping_status":"closed","template":"","meta":{"_acf_changed":false,"_seopress_robots_primary_cat":"","_seopress_titles_title":"","_seopress_titles_desc":"","_seopress_robots_index":"","footnotes":""},"class_list":["post-30086","page","type-page","status-publish"],"acf":[],"_links":{"self":[{"href":"https:\/\/engel-kunst.com\/en\/wp-json\/wp\/v2\/pages\/30086","targetHints":{"allow":["GET"]}}],"collection":[{"href":"https:\/\/engel-kunst.com\/en\/wp-json\/wp\/v2\/pages"}],"about":[{"href":"https:\/\/engel-kunst.com\/en\/wp-json\/wp\/v2\/types\/page"}],"author":[{"embeddable":true,"href":"https:\/\/engel-kunst.com\/en\/wp-json\/wp\/v2\/users\/2"}],"replies":[{"embeddable":true,"href":"https:\/\/engel-kunst.com\/en\/wp-json\/wp\/v2\/comments?post=30086"}],"version-history":[{"count":2,"href":"https:\/\/engel-kunst.com\/en\/wp-json\/wp\/v2\/pages\/30086\/revisions"}],"predecessor-version":[{"id":35296,"href":"https:\/\/engel-kunst.com\/en\/wp-json\/wp\/v2\/pages\/30086\/revisions\/35296"}],"wp:attachment":[{"href":"https:\/\/engel-kunst.com\/en\/wp-json\/wp\/v2\/media?parent=30086"}],"curies":[{"name":"wp","href":"https:\/\/api.w.org\/{rel}","templated":true}]}}