{"id":30094,"date":"2022-10-31T10:44:44","date_gmt":"2022-10-31T09:44:44","guid":{"rendered":"https:\/\/katalog.engel-kunst.com\/sell\/"},"modified":"2023-05-26T11:30:36","modified_gmt":"2023-05-26T09:30:36","slug":"sell","status":"publish","type":"page","link":"https:\/\/engel-kunst.com\/en\/sell\/","title":{"rendered":"Sell"},"content":{"rendered":"\n\n\t\tSchnellnavigation\n\t\t\t\t\t\n\t<h2>Sch\u00e4tzungen<\/h2>\n<p>Auf Wunsch geben wir Ihnen gerne kostenlose und unverbindliche m\u00fcndliche Sch\u00e4tzungen f\u00fcr Ihre Objekte, die Sie uns w\u00e4hrend unserer Gesch\u00e4ftszeiten pr\u00e4sentieren. K\u00f6nnen Sie nicht pers\u00f6nlich kommen, geben wir Ihnen gerne eine Sch\u00e4tzung anhand von Fotos, die Sie uns mit zus\u00e4tzlichen Informationen \u00fcber Gr\u00f6\u00dfe, Zustand, Signaturen etc. per Post oder E-Mail (info@engel-kunst.com) zusenden. Bei gr\u00f6\u00dferen Nachl\u00e4ssen, Sammlungen und gro\u00dfen Kunstobjekten besuchen wir Sie auf Wunsch auch gerne zu Hause.<\/p>\n<p>Dar\u00fcber hinaus bieten wir Ihnen unsere kompetente Bewertung Ihrer Objekte in Versicherungs- und Erbschaftsangelegenheiten.<\/p>\n<h2>Provision<\/h2>\n<p>20 % des Zuschlagpreises als Provision zuz\u00fcglich Mehrwertsteuer aus der Provision, bei Zuschl\u00e4gen bis \u20ac 200,- betr\u00e4gt die Provision 25 % zuz\u00fcglich Mehrwertsteuer aus der Provision. Im Falle des Nichtverkaufs wird keine Provision berechnet.<\/p>\n<h2>Bearbeitungskosten<\/h2>\n<p>\u20ac 12 netto je eingeliefertem Objekt als Druckkostenpauschale f\u00fcr die Aufnahme in den Katalog und ein obligatorisches Foto f\u00fcr unseren Internet-Katalog.<\/p>\n<h2>Abbildungen<\/h2>\n<p>Die Kosten f\u00fcr Farbabbildungen im Printkatalog sind nach Gr\u00f6\u00dfe gestaffelt (\u20ac 40 netto bis \u20ac 170 netto).<\/p>\n<h2>Folgerechtsabgabe<\/h2>\n<p>Falls das Urheberrecht (Folgerecht) geltend gemacht wird (Originalwerke der Bildenden Kunst seit Entstehungsjahr 1900) und gem.\u00a0\u00a7 26 Urheberrechtsgesetz (UrhG) beglichen werden muss, ist der Auftraggeber, f\u00fcr dessen Rechnung weiter ver\u00e4u\u00dfert worden ist, zur R\u00fcckerstattung verpflichtet. Diese Folgerechtsabgabe ist nach dem Verkaufserl\u00f6s gestaffelt und betr\u00e4gt zwischen 4% bis 0,25%, bei weniger als 400 \u20ac entf\u00e4llt diese umsatzsteuerfreie Geb\u00fchr.<\/p>\n<h2>Transport<\/h2>\n<p>Kleinere Objekte k\u00f6nnen bei Hausbesuch gleich nach Koblenz mitgenommen werden. Dies erspart Transportkosten. Bei gr\u00f6\u00dferen Einlieferungen, Nachl\u00e4ssen und Sammlungsaufl\u00f6sungen vermitteln wir Ihnen g\u00fcnstige Transporte auf Anfrage.<\/p>\n<h2>Versicherung<\/h2>\n<p>Wir \u00fcbernehmen die Versicherung des Versteigerungsgutes gegen Sch\u00e4den durch Einbruch-Diebstahl, Feuer, Leitungswasser, Sturm und h\u00f6here Gewalt f\u00fcr die Dauer der Auktion und die Zeit danach w\u00e4hrend des Nachverkaufs. Details entnehmen Sie bitte unseren AGB.<\/p>\n<h2>Restaurierung<\/h2>\n<p>Gerne beraten wir Sie in Fragen der Restaurierung und vermitteln Ihnen kompetente Partner.<\/p>\n<h2>Abrechnung<\/h2>\n<p>F\u00fcnf bis sechs Wochen nach der Auktion erhalten Sie Ihre Abrechnung zusammen mit einem Verrechnungsscheck, vorbehaltlich des Zahlungseingangs vom K\u00e4ufer. Auf Wunsch erfolgt Bank\u00fcberweisung.<\/p>\n<h2>Expertentage<\/h2>\n<p>Mehrmals im Jahr veranstalten wir im eigenen Haus und in verschiedenen St\u00e4dten Deutschlands Expertentage.\u00a0Ganz gleich, ob es sich um Objekte aus einer lang gehegten Sammlung, um Erbst\u00fccke, Dachboden- oder Kellerfunde handelt, unsere Experten informieren Sie vor Ort kompetent \u00fcber die Wertigkeit und die aktuellen Verkaufsaussichten auf dem Kunstmarkt.<\/p>\n<p>So bieten wir Ihnen die M\u00f6glichkeit, unseren Experten Kunstobjekte und Antiquit\u00e4ten zur kostenlosen Begutachtung und Sch\u00e4tzung vorzustellen und sich zum Thema Versteigerung zu informieren. Wenn Sie teilnehmen m\u00f6chten, geben Sie uns vorab Ihre Anmeldung unter +49 (0) 2 61 &#8211; 9 14 37 51\u00a0 oder per\u00a0E-Mail.<\/p>\n<p>Auf Wunsch \u00fcbernehmen wir gerne ausgew\u00e4hlte Objekte in unsere Auktionen.<\/p>\n<p><strong>Termine 2023:<\/strong><\/p>\n<p>N.N<\/p>\n<h3>Terminvereinbarung<\/h3>\n<p>Zur Vermeidung langer Wartezeiten vereinbaren Sie bitte vorab einen Termin.<\/p>\n<h3>Teilnahmevorausetzungen<\/h3>\nGrunds\u00e4tzlich kann jeder an unseren Expertentagen teilnehmen. Aus organisatorischen Gr\u00fcnden ist jedoch eine schriftliche Anmeldung zwingend erforderlich (per E-Mail oder auf dem Postweg).<br \/>\nUm Ihnen m\u00f6glichst genaue Ausk\u00fcnfte \u00fcber die aktuelle Wertigkeit Ihrer Kunstobjekte und Antiquit\u00e4ten geben zu k\u00f6nnen, ben\u00f6tigen wir vorab unbedingt aussagekr\u00e4ftige Fotos, die Sie uns zusammen mit Ihrer schriftlichen Anmeldung per E-Mail oder auf dem Postweg zukommen lassen k\u00f6nnen. (Achtung: Fotos werden nicht zur\u00fcckgeschickt. Wir bitten um Ihr Verst\u00e4ndnis). Weiterhin ist es f\u00fcr unsere Experten immer sehr hilfreich, m\u00f6glichst viele Hintergrundinformationen bez\u00fcglich der Objekte zu erhalten (z.B.: K\u00fcnstler\/Marken, Technik, Ma\u00dfangaben, Jahr\/Datierung, Provenienz).\n<h3>Tipps zur Anfertigung von aussagekr\u00e4ftigen Fotos<\/h3>\nfertigen Sie die Fotos bei Tageslicht an und vermeiden Sie &#8211; wegen der Oberfl\u00e4chenreflexionen &#8211; Aufnahmen mit eingeschaltetem Blitz.<br \/>\nWir ben\u00f6tigen eine umseitige Ansicht der Objekte (z.B. bei Gem\u00e4lden ein Foto der Vorder- und R\u00fcckseite).<br \/>\nBitte untersuchen Sie die Objekte nach m\u00f6glichen Stempeln, Punzen, Klebeetiketten, K\u00fcnstlersignaturen und fertigen Sie Detailaufnahmen an.\n<p><strong>Wichtige Hinweise<\/strong><\/p>\n<p>Die Teilnahme am Expertentag und die damit zusammenh\u00e4ngende erste Begutachtung ist selbstverst\u00e4ndlich kostenfrei. Entscheiden Sie sich dann ein oder mehrere Objekte in unserem Haus versteigern zu lassen, erheben wir entsprechende Kosten, die Sie bitte unseren AGB entnehmen.\u00a0Bewertungen auf Grund zugesendeter Fotos erfolgen, bis zur Ansicht des Originals, nur unter Vorbehalt. Wir erteilen keine Bewertung f\u00fcr Objekte, die nicht in unseren Auktionen angeboten werden.\u00a0Die Anfragen werden von uns nur bei vollst\u00e4ndiger Angabe des Namens, der Adresse und Telefon bzw. E-Mail bearbeitet.\u00a0ENGEL Kunstauktionen kann in keinster Weise f\u00fcr Bewertungen, die auf Grund dieses Services erfolgt sind, juristisch haftbar gemacht werden.<\/p>\n<strong>F\u00fcr weitere Informationen wenden Sie sich bitte an<\/strong><br \/>\nWolfgang Engel<br \/>\ninfo@engel-kunst.com<br \/>\n+49 (0) 2 61 &#8211; 9 14 37 51\n<h2>\n\t\tFormulare und Informationen zum Download\n\t<\/h2>\n\t<p>Versteigerung<\/p>\n\t\t\t<a href=\"\" download target=\"_blank\" role=\"button\" rel=\"noopener\">\n\t\t\t\t\t\t\tAuftragsbedingungen\n\t\t\t\t\t<\/a>\n\t\t\t<a href=\"\" download target=\"_blank\" role=\"button\" rel=\"noopener\">\n\t\t\t\t\t\t\tVersteigerungsbedingungen\n\t\t\t\t\t<\/a>\n\t\t\t<a href=\"\" download target=\"_blank\" role=\"button\" rel=\"noopener\">\n\t\t\t\t\t\t\tErstbieter-Anmeldung\n\t\t\t\t\t<\/a>\n\t\t\t<a href=\"\" download target=\"_blank\" role=\"button\" rel=\"noopener\">\n\t\t\t\t\t\t\tSchriftliche Gebote\n\t\t\t\t\t<\/a>\n\t\t\t<a href=\"\" download target=\"_blank\" role=\"button\" rel=\"noopener\">\n\t\t\t\t\t\t\tTelefonische Gebote\n\t\t\t\t\t<\/a>\n\t<p>Versand<\/p>\n\t\t\t<a href=\"\" download target=\"_blank\" role=\"button\" rel=\"noopener\">\n\t\t\t\t\t\t\tVersandkosten\n\t\t\t\t\t<\/a>\n\t\t\t<a href=\"\" download target=\"_blank\" role=\"button\" rel=\"noopener\">\n\t\t\t\t\t\t\tVersandanweisung\n\t\t\t\t\t<\/a>\n\t<p>Erl\u00e4uterungen zum Katalog<\/p>\n\t\t\t<a href=\"\" download target=\"_blank\" role=\"button\" rel=\"noopener\">\n\t\t\t\t\t\t\tHinweise zum Katalog | Export\n\t\t\t\t\t<\/a>\n\t\t\t<a href=\"\" download target=\"_blank\" role=\"button\" rel=\"noopener\">\n\t\t\t\t\t\t\tAbk\u00fcrzungsverzeichnis\n\t\t\t\t\t<\/a>\n\t\t\t<a href=\"\" download target=\"_blank\" role=\"button\" rel=\"noopener\">\n\t\t\t\t\t\t\tZustand\n\t\t\t\t\t<\/a>\n\t\t\t<a href=\"\" download target=\"_blank\" role=\"button\" rel=\"noopener\">\n\t\t\t\t\t\t\tCITES\n\t\t\t\t\t<\/a>\n\t\t\t<a href=\"\" download target=\"_blank\" role=\"button\" rel=\"noopener\">\n\t\t\t\t\t\t\tHinweis zu \u00a7 86a StGB\n\t\t\t\t\t<\/a>\n<h2>\n\t\tFormulare und Informationen zum Download\n\t<\/h2>\n\t<p>Versteigerung<\/p>\n\t\t\t<a href=\"\" download target=\"_blank\" role=\"button\" rel=\"noopener\">\n\t\t\t\t\t\t\tAuftragsbedingungen\n\t\t\t\t\t<\/a>\n\t\t\t<a href=\"\" download target=\"_blank\" role=\"button\" rel=\"noopener\">\n\t\t\t\t\t\t\tVersteigerungsbedingungen\n\t\t\t\t\t<\/a>\n\t\t\t<a href=\"\" download target=\"_blank\" role=\"button\" rel=\"noopener\">\n\t\t\t\t\t\t\tErstbieter-Anmeldung\n\t\t\t\t\t<\/a>\n\t\t\t<a href=\"\" download target=\"_blank\" role=\"button\" rel=\"noopener\">\n\t\t\t\t\t\t\tSchriftliche Gebote\n\t\t\t\t\t<\/a>\n\t\t\t<a href=\"\" download target=\"_blank\" role=\"button\" rel=\"noopener\">\n\t\t\t\t\t\t\tTelefonische Gebote\n\t\t\t\t\t<\/a>\n\t<p>Versand<\/p>\n\t\t\t<a href=\"\" download target=\"_blank\" role=\"button\" rel=\"noopener\">\n\t\t\t\t\t\t\tVersandkosten\n\t\t\t\t\t<\/a>\n\t\t\t<a href=\"\" download target=\"_blank\" role=\"button\" rel=\"noopener\">\n\t\t\t\t\t\t\tVersandanweisung\n\t\t\t\t\t<\/a>\n\t<p>Erl\u00e4uterungen zum Katalog<\/p>\n\t\t\t<a href=\"\" download target=\"_blank\" role=\"button\" rel=\"noopener\">\n\t\t\t\t\t\t\tHinweise zum Katalog | Export\n\t\t\t\t\t<\/a>\n\t\t\t<a href=\"\" download target=\"_blank\" role=\"button\" rel=\"noopener\">\n\t\t\t\t\t\t\tAbk\u00fcrzungsverzeichnis\n\t\t\t\t\t<\/a>\n\t\t\t<a href=\"\" download target=\"_blank\" role=\"button\" rel=\"noopener\">\n\t\t\t\t\t\t\tZustand\n\t\t\t\t\t<\/a>\n\t\t\t<a href=\"\" download target=\"_blank\" role=\"button\" rel=\"noopener\">\n\t\t\t\t\t\t\tCITES\n\t\t\t\t\t<\/a>\n\t\t\t<a href=\"\" download target=\"_blank\" role=\"button\" rel=\"noopener\">\n\t\t\t\t\t\t\tHinweis zu \u00a7 86a StGB\n\t\t\t\t\t<\/a>\n\n","protected":false},"excerpt":{"rendered":"<p>Schnellnavigation Sch\u00e4tzungen Auf Wunsch geben wir Ihnen gerne kostenlose und unverbindliche m\u00fcndliche Sch\u00e4tzungen f\u00fcr Ihre Objekte, die Sie uns w\u00e4hrend unserer Gesch\u00e4ftszeiten pr\u00e4sentieren. K\u00f6nnen Sie nicht pers\u00f6nlich kommen, geben wir Ihnen gerne eine Sch\u00e4tzung anhand von Fotos, die Sie uns mit zus\u00e4tzlichen Informationen \u00fcber Gr\u00f6\u00dfe, Zustand, Signaturen etc. per Post oder E-Mail (info@engel-kunst.com) zusenden. Bei &#8230; <a title=\"Sell\" class=\"read-more\" href=\"https:\/\/engel-kunst.com\/en\/sell\/\" aria-label=\"Read more about Sell\">Read more<\/a><\/p>\n","protected":false},"author":2,"featured_media":0,"parent":0,"menu_order":0,"comment_status":"closed","ping_status":"closed","template":"","meta":{"_acf_changed":false,"_seopress_robots_primary_cat":"","_seopress_titles_title":"","_seopress_titles_desc":"","_seopress_robots_index":"","footnotes":""},"class_list":["post-30094","page","type-page","status-publish"],"acf":[],"_links":{"self":[{"href":"https:\/\/engel-kunst.com\/en\/wp-json\/wp\/v2\/pages\/30094","targetHints":{"allow":["GET"]}}],"collection":[{"href":"https:\/\/engel-kunst.com\/en\/wp-json\/wp\/v2\/pages"}],"about":[{"href":"https:\/\/engel-kunst.com\/en\/wp-json\/wp\/v2\/types\/page"}],"author":[{"embeddable":true,"href":"https:\/\/engel-kunst.com\/en\/wp-json\/wp\/v2\/users\/2"}],"replies":[{"embeddable":true,"href":"https:\/\/engel-kunst.com\/en\/wp-json\/wp\/v2\/comments?post=30094"}],"version-history":[{"count":3,"href":"https:\/\/engel-kunst.com\/en\/wp-json\/wp\/v2\/pages\/30094\/revisions"}],"predecessor-version":[{"id":35285,"href":"https:\/\/engel-kunst.com\/en\/wp-json\/wp\/v2\/pages\/30094\/revisions\/35285"}],"wp:attachment":[{"href":"https:\/\/engel-kunst.com\/en\/wp-json\/wp\/v2\/media?parent=30094"}],"curies":[{"name":"wp","href":"https:\/\/api.w.org\/{rel}","templated":true}]}}