{"id":35180,"date":"2021-04-14T16:05:42","date_gmt":"2021-04-14T14:05:42","guid":{"rendered":"https:\/\/katalog.engel-kunst.com\/imprint\/"},"modified":"2025-07-14T15:34:15","modified_gmt":"2025-07-14T13:34:15","slug":"imprint","status":"publish","type":"page","link":"https:\/\/engel-kunst.com\/en\/imprint\/","title":{"rendered":"Imprint"},"content":{"rendered":"\n<h1>\n\t\tImpressum\n\t<\/h1>\n\t<h2>Angaben gem\u00e4\u00df DGG<\/h2>\nWolfgang Engel<br \/>\nE N G E L KUNSTAUKTIONEN<br \/>\nFriedrich-Ebert-Ring 12<br \/>\n56068 Koblenz\nHandelsregister: HRA 3921<br \/>\nRegistergericht: Amtsgericht Koblenz\n<h2>Kontakt<\/h2>\nTelefon: +49 (0) 2 61 &#8211; 9 14 37 51<br \/>\nTelefax: +49 (0) 2 61 &#8211; 9 14 37 52<br \/>\nE-Mail: info@engel-kunst.com\n<h2>Umsatzsteuer-ID<\/h2>\nUmsatzsteuer-Identifikationsnummer gem\u00e4\u00df \u00a7 27 a Umsatzsteuergesetz:<br \/>\nDE148768648\n<h2>Redaktionell verantwortlich<\/h2>\nWolfgang Engel<br \/>\nFriedrich-Ebert-Ring 12<br \/>\nD-56068 Koblenz\n<h2>EU-Streitschlichtung<\/h2>\nDie Europ\u00e4ische Kommission stellt eine Plattform zur Online-Streitbeilegung (OS) bereit: <a href=\"https:\/\/ec.europa.eu\/consumers\/odr\/\" target=\"_blank\" rel=\"noopener noreferrer\">https:\/\/ec.europa.eu\/consumers\/odr\/<\/a>.<br \/>\nUnsere E-Mail-Adresse finden Sie oben im Impressum.\n<h2>Verbraucher\u00adstreit\u00adbeilegung\/Universal\u00adschlichtungs\u00adstelle<\/h2>\n<p>Wir sind nicht bereit oder verpflichtet, an Streitbeilegungsverfahren vor einer Verbraucherschlichtungsstelle teilzunehmen.<\/p>\n\t<h3 id=\"bankverbindungen_link\">Bankverbindungen<\/h3>\n<p><strong>Volksbank RheinAhrEifel eG<\/strong><\/p>\nIBAN: DE04 5776 1591 1031 7220 00<br \/>\nSwift-BIC: GENODED1BNA\n<p><strong>Commerzbank AG<\/strong><\/p>\nIBAN: DE32 5708 00700642 1787 59<br \/>\nSwift-BIC: DRES DE FF\n\t<h3>\u00d6ffnungszeiten:<\/h3>\n<p>Au\u00dferhalb der Vorbesichtigungen von Montag bis Freitag 10.00 bis 12.00 Uhr und 14.00 bis 18.00 Uhr und nach tel. Vereinbarung.<\/p>\n\t<h3>Bildrechte:<\/h3>\nDie Bildrechte sind gekl\u00e4rt. Die Zustimmung der Inhaber der Bildrechte liegt vor. Sollten Sie sich dennoch in Ihren Rechten beeintr\u00e4chtigt f\u00fchlen, wenden Sie sich bitte an webmaster@engel-kunst.com.<br \/>\nCopyright: \u00a9\u00a0E N G E L\u00a0\u00a0KUNSTAUKTIONEN\n\t<p>Wiedergabe und Weitergabe von Inhalten dieser Web-Site und Verweise darauf sind nur mit Genehmigung durch ENGEL\u00a0\u00a0KUNSTAUKTIONEN unentgeltlich und unter den Voraussetzungen gestattet, dass sowohl die Quelle als auch die Internet-Adresse genannt werden. Warenzeichen, Markennamen und Banner sind Eigentum der jeweiligen Inhaber.<\/p>\n<h4>\nHaftungsausschluss:<\/h4>\n<p><strong>Mit dieser Internetseite pr\u00e4sentiert sich E N G E L\u00a0\u00a0KUNSTAUKTIONEN.\u00a0<\/strong><\/p>\n<p>Die Angaben auf dieser Seite werden st\u00e4ndig gepflegt. Wir k\u00f6nnen gleichwohl keine Haftung \u00fcbernehmen f\u00fcr<\/p>\n<ul>\n<li>die Richtigkeit, Aktualit\u00e4t und Vollst\u00e4ndigkeit der hier gemachten Angaben,<\/li>\n<li>Wortlaut und Geltung der genannten Rechtsvorschriften. Es gilt stets die aktuelle, amtliche Fassung<\/li>\n<li>Richtigkeit und Rechtm\u00e4\u00dfigkeit des Inhalts fremder Seiten anderer Anbieter, auf die wir einen Link gesetzt haben. Der Inhalt verlinkter Seiten ist bei der Erstellung unseres Angebotes gepr\u00fcft worden.<\/li>\n<\/ul>\n<p>Der Inhalt einer Seite ist jedoch dynamisch und kann sich jederzeit \u00e4ndern. Wir machen uns den Inhalt fremder Internetseiten, auf die wir einen Link gesetzt haben, insoweit ausdr\u00fccklich nicht zu Eigen.<\/p>\n<p>Wir betonen hiermit ausdr\u00fccklich, dass wir keinerlei Einfluss auf die Gestaltung und die Inhalte der verlinkten Internetseiten haben. Deshalb distanzieren wir uns hiermit ausdr\u00fccklich von allen Inhalten der mit unserer Homepage verlinkten Internetseiten und Dateien. Diese Erkl\u00e4rung gilt f\u00fcr alle auf unserer Homepage ausgebrachten Links sowie f\u00fcr alle Inhalte der Seiten, zu denen Links oder auch Banner f\u00fchren.<\/p>\n<p>Alle auf unseren Webseiten genannten Markennamen sind Eigentum der Markennamen-Inhaber. Wir machen uns mit der Nennung weder den Markennamen noch Produkteigenschaften zu Eigen.<\/p>\n<p><strong>Hinweise zu Links:<\/strong><\/p>\n<p>Die Verweise (Links) auf externe Angebote werden von uns st\u00e4ndig \u00fcberpr\u00fcft. Trotzdem kann es vorkommen, dass ein externes Angebot umzieht, nicht mehr vorhanden oder funktionsunf\u00e4hig ist. In solchen F\u00e4llen sind wir f\u00fcr einen entsprechenden Hinweis an den Webmaster (webmaster@engel-kunst.com) dankbar.\u00a0Die Inhalte und die Funktionsf\u00e4higkeit externer Angebote verantworten alleine die jeweiligen Anbieter.<\/p>\n\n","protected":false},"excerpt":{"rendered":"<p>Impressum Angaben gem\u00e4\u00df DGG Wolfgang Engel E N G E L KUNSTAUKTIONEN Friedrich-Ebert-Ring 12 56068 Koblenz Handelsregister: HRA 3921 Registergericht: Amtsgericht Koblenz Kontakt Telefon: +49 (0) 2 61 &#8211; 9 14 37 51 Telefax: +49 (0) 2 61 &#8211; 9 14 37 52 E-Mail: info@engel-kunst.com Umsatzsteuer-ID Umsatzsteuer-Identifikationsnummer gem\u00e4\u00df \u00a7 27 a Umsatzsteuergesetz: DE148768648 Redaktionell verantwortlich &#8230; <a title=\"Imprint\" class=\"read-more\" href=\"https:\/\/engel-kunst.com\/en\/imprint\/\" aria-label=\"Read more about Imprint\">Read more<\/a><\/p>\n","protected":false},"author":2,"featured_media":0,"parent":0,"menu_order":0,"comment_status":"closed","ping_status":"closed","template":"","meta":{"_acf_changed":false,"_seopress_robots_primary_cat":"","_seopress_titles_title":"","_seopress_titles_desc":"","_seopress_robots_index":"yes","footnotes":""},"class_list":["post-35180","page","type-page","status-publish"],"acf":[],"_links":{"self":[{"href":"https:\/\/engel-kunst.com\/en\/wp-json\/wp\/v2\/pages\/35180","targetHints":{"allow":["GET"]}}],"collection":[{"href":"https:\/\/engel-kunst.com\/en\/wp-json\/wp\/v2\/pages"}],"about":[{"href":"https:\/\/engel-kunst.com\/en\/wp-json\/wp\/v2\/types\/page"}],"author":[{"embeddable":true,"href":"https:\/\/engel-kunst.com\/en\/wp-json\/wp\/v2\/users\/2"}],"replies":[{"embeddable":true,"href":"https:\/\/engel-kunst.com\/en\/wp-json\/wp\/v2\/comments?post=35180"}],"version-history":[{"count":3,"href":"https:\/\/engel-kunst.com\/en\/wp-json\/wp\/v2\/pages\/35180\/revisions"}],"predecessor-version":[{"id":43317,"href":"https:\/\/engel-kunst.com\/en\/wp-json\/wp\/v2\/pages\/35180\/revisions\/43317"}],"wp:attachment":[{"href":"https:\/\/engel-kunst.com\/en\/wp-json\/wp\/v2\/media?parent=35180"}],"curies":[{"name":"wp","href":"https:\/\/api.w.org\/{rel}","templated":true}]}}