{"id":51492,"date":"2025-08-11T12:01:59","date_gmt":"2025-08-11T10:01:59","guid":{"rendered":"https:\/\/engel-kunst.com\/auktion-objekt\/herrenarmbanduhr-4\/"},"modified":"2025-11-03T18:40:15","modified_gmt":"2025-11-03T17:40:15","slug":"herrenarmbanduhr-4","status":"publish","type":"product","link":"https:\/\/engel-kunst.com\/en\/auktion-objekt\/herrenarmbanduhr-4\/","title":{"rendered":"Herrenarmbanduhr"},"content":{"rendered":"<p>Herrenarmbanduhr<br \/>\nWindgassen Automatic. Geh\u00e4use Edelstahl vergoldet, Glasboden. D \u00fcber Krone 41 mm. Goldfarbenes Zifferblatt, r\u00f6m. und arab. Ziffern, Leuchtzeiger, Zentralsek., Mondphase, Anzeigen f\u00fcr Monat, Wochentag und Datum. Schwarzes Lederarmband mit Dornschlie\u00dfe. Neuwertiger Zustand. In orig., schwarzem Etui.<\/p>\n","protected":false},"excerpt":{"rendered":"<p>Herrenarmbanduhr<br \/>\nWindgassen Automatic. Geh\u00e4use Edelstahl vergoldet, Glasboden. D \u00fcber Krone 41 mm. Goldfarbenes Zifferblatt, r\u00f6m. und arab. Ziffern, Leuchtzeiger, Zentralsek., Mondphase, Anzeigen f\u00fcr Monat, Wochentag und Datum. Schwarzes Lederarmband mit Dornschlie\u00dfe. Neuwertiger Zustand. In orig., schwarzem Etui.<br \/>\n\u20ac 50<\/p>\n","protected":false},"featured_media":51493,"template":"","meta":{"_acf_changed":false,"_seopress_robots_primary_cat":"","_seopress_titles_title":"","_seopress_titles_desc":"","_seopress_robots_index":""},"product_brand":[],"product_cat":[20],"product_tag":[51],"class_list":{"0":"post-51492","1":"product","2":"type-product","3":"status-publish","4":"has-post-thumbnail","6":"auktion-versteigerung-150","7":"auktion-archiv","8":"product_cat-uhren-wissenschaftliche-instrumente","9":"product_tag-schriftlich","10":"sales-flash-overlay","11":"woocommerce-text-align-left","12":"woocommerce-image-align-center","14":"first","15":"outofstock","16":"sold-individually","17":"purchasable","18":"product-type-simple"},"acf":[],"_links":{"self":[{"href":"https:\/\/engel-kunst.com\/en\/wp-json\/wp\/v2\/product\/51492","targetHints":{"allow":["GET"]}}],"collection":[{"href":"https:\/\/engel-kunst.com\/en\/wp-json\/wp\/v2\/product"}],"about":[{"href":"https:\/\/engel-kunst.com\/en\/wp-json\/wp\/v2\/types\/product"}],"wp:featuredmedia":[{"embeddable":true,"href":"https:\/\/engel-kunst.com\/en\/wp-json\/wp\/v2\/media\/51493"}],"wp:attachment":[{"href":"https:\/\/engel-kunst.com\/en\/wp-json\/wp\/v2\/media?parent=51492"}],"wp:term":[{"taxonomy":"product_brand","embeddable":true,"href":"https:\/\/engel-kunst.com\/en\/wp-json\/wp\/v2\/product_brand?post=51492"},{"taxonomy":"product_cat","embeddable":true,"href":"https:\/\/engel-kunst.com\/en\/wp-json\/wp\/v2\/product_cat?post=51492"},{"taxonomy":"product_tag","embeddable":true,"href":"https:\/\/engel-kunst.com\/en\/wp-json\/wp\/v2\/product_tag?post=51492"}],"curies":[{"name":"wp","href":"https:\/\/api.w.org\/{rel}","templated":true}]}}