{"id":51498,"date":"2025-08-11T12:01:59","date_gmt":"2025-08-11T10:01:59","guid":{"rendered":"https:\/\/engel-kunst.com\/auktion-objekt\/damenarmbanduhr-2\/"},"modified":"2025-11-03T18:40:16","modified_gmt":"2025-11-03T17:40:16","slug":"damenarmbanduhr-2","status":"publish","type":"product","link":"https:\/\/engel-kunst.com\/en\/auktion-objekt\/damenarmbanduhr-2\/","title":{"rendered":"Damenarmbanduhr"},"content":{"rendered":"<p>Damenarmbanduhr<br \/>\nFav\u00f3r. Schweiz. Ovales Geh\u00e4use und Armband mit Leiterschlie\u00dfe 925er Silber. D 21 mm. Versilbertes Zifferblatt, silber-schwarze Ziffernstriche, schwarze Zeiger. Handaufzug, gangbar. Nur m\u00e4\u00dfige Gebrauchsspuren. <\/p>\n","protected":false},"excerpt":{"rendered":"<p>Damenarmbanduhr<br \/>\nFav\u00f3r. Schweiz. Ovales Geh\u00e4use und Armband mit Leiterschlie\u00dfe 925er Silber. D 21 mm. Versilbertes Zifferblatt, silber-schwarze Ziffernstriche, schwarze Zeiger. Handaufzug, gangbar. Nur m\u00e4\u00dfige Gebrauchsspuren.<br \/>\n\u20ac 20<\/p>\n","protected":false},"featured_media":51499,"template":"","meta":{"_acf_changed":false,"_seopress_robots_primary_cat":"","_seopress_titles_title":"","_seopress_titles_desc":"","_seopress_robots_index":""},"product_brand":[],"product_cat":[20],"product_tag":[51],"class_list":{"0":"post-51498","1":"product","2":"type-product","3":"status-publish","4":"has-post-thumbnail","6":"auktion-versteigerung-150","7":"auktion-archiv","8":"product_cat-uhren-wissenschaftliche-instrumente","9":"product_tag-schriftlich","10":"sales-flash-overlay","11":"woocommerce-text-align-left","12":"woocommerce-image-align-center","14":"first","15":"outofstock","16":"sold-individually","17":"purchasable","18":"product-type-simple"},"acf":[],"_links":{"self":[{"href":"https:\/\/engel-kunst.com\/en\/wp-json\/wp\/v2\/product\/51498","targetHints":{"allow":["GET"]}}],"collection":[{"href":"https:\/\/engel-kunst.com\/en\/wp-json\/wp\/v2\/product"}],"about":[{"href":"https:\/\/engel-kunst.com\/en\/wp-json\/wp\/v2\/types\/product"}],"wp:featuredmedia":[{"embeddable":true,"href":"https:\/\/engel-kunst.com\/en\/wp-json\/wp\/v2\/media\/51499"}],"wp:attachment":[{"href":"https:\/\/engel-kunst.com\/en\/wp-json\/wp\/v2\/media?parent=51498"}],"wp:term":[{"taxonomy":"product_brand","embeddable":true,"href":"https:\/\/engel-kunst.com\/en\/wp-json\/wp\/v2\/product_brand?post=51498"},{"taxonomy":"product_cat","embeddable":true,"href":"https:\/\/engel-kunst.com\/en\/wp-json\/wp\/v2\/product_cat?post=51498"},{"taxonomy":"product_tag","embeddable":true,"href":"https:\/\/engel-kunst.com\/en\/wp-json\/wp\/v2\/product_tag?post=51498"}],"curies":[{"name":"wp","href":"https:\/\/api.w.org\/{rel}","templated":true}]}}