{"id":51520,"date":"2025-08-11T12:02:09","date_gmt":"2025-08-11T10:02:09","guid":{"rendered":"https:\/\/engel-kunst.com\/auktion-objekt\/herrenarmbanduhr-6\/"},"modified":"2025-11-03T18:40:20","modified_gmt":"2025-11-03T17:40:20","slug":"herrenarmbanduhr-6","status":"publish","type":"product","link":"https:\/\/engel-kunst.com\/en\/auktion-objekt\/herrenarmbanduhr-6\/","title":{"rendered":"Herrenarmbanduhr"},"content":{"rendered":"<p>Herrenarmbanduhr<br \/>\nTrias. In Deutschland gefertigt. Geh\u00e4use Edelstahl vergoldet, Nr. T21400-13. B 40 mm. Mineralglas, verschraubter Glasboden. Wei\u00dfes Zifferblatt mit Sicht auf das Uhrwerk, gebl\u00e4ute Zeiger, Zentralsek.. Vier Anzeigen f\u00fcr Tag, Datum, Monat und 24 Stunden. Einstellung der Z\u00e4hler \u00fcber in das Geh\u00e4use eingelassene Dr\u00fccker. Automatikwerk, gangbar. Orig. schwarzes Lederarmband mit Dornschlie\u00dfe. Sehr gepflegter Erhaltungszustand.<\/p>\n","protected":false},"excerpt":{"rendered":"<p>Herrenarmbanduhr<br \/>\nTrias. In Deutschland gefertigt. Geh\u00e4use Edelstahl vergoldet, Nr. T21400-13. B 40 mm. Mineralglas, verschraubter Glasboden. Wei\u00dfes Zifferblatt mit Sicht auf das Uhrwerk, gebl\u00e4ute Zeiger, Zentralsek.. Vier Anzeigen f\u00fcr Tag, Datum, Monat und 24 Stunden. Einstellung der Z\u00e4hler \u00fcber in das Geh\u00e4use eingelassene Dr\u00fccker. Automatikwerk, gangbar. Orig. schwarzes Lederarmband mit Dornschlie\u00dfe. Sehr gepflegter Erhaltungszustand.<br \/>\n\u20ac 15<\/p>\n","protected":false},"featured_media":51521,"template":"","meta":{"_acf_changed":false,"_seopress_robots_primary_cat":"","_seopress_titles_title":"","_seopress_titles_desc":"","_seopress_robots_index":""},"product_brand":[],"product_cat":[20],"product_tag":[51],"class_list":{"0":"post-51520","1":"product","2":"type-product","3":"status-publish","4":"has-post-thumbnail","6":"auktion-versteigerung-150","7":"auktion-archiv","8":"product_cat-uhren-wissenschaftliche-instrumente","9":"product_tag-schriftlich","10":"sales-flash-overlay","11":"woocommerce-text-align-left","12":"woocommerce-image-align-center","14":"first","15":"outofstock","16":"sold-individually","17":"purchasable","18":"product-type-simple"},"acf":[],"_links":{"self":[{"href":"https:\/\/engel-kunst.com\/en\/wp-json\/wp\/v2\/product\/51520","targetHints":{"allow":["GET"]}}],"collection":[{"href":"https:\/\/engel-kunst.com\/en\/wp-json\/wp\/v2\/product"}],"about":[{"href":"https:\/\/engel-kunst.com\/en\/wp-json\/wp\/v2\/types\/product"}],"wp:featuredmedia":[{"embeddable":true,"href":"https:\/\/engel-kunst.com\/en\/wp-json\/wp\/v2\/media\/51521"}],"wp:attachment":[{"href":"https:\/\/engel-kunst.com\/en\/wp-json\/wp\/v2\/media?parent=51520"}],"wp:term":[{"taxonomy":"product_brand","embeddable":true,"href":"https:\/\/engel-kunst.com\/en\/wp-json\/wp\/v2\/product_brand?post=51520"},{"taxonomy":"product_cat","embeddable":true,"href":"https:\/\/engel-kunst.com\/en\/wp-json\/wp\/v2\/product_cat?post=51520"},{"taxonomy":"product_tag","embeddable":true,"href":"https:\/\/engel-kunst.com\/en\/wp-json\/wp\/v2\/product_tag?post=51520"}],"curies":[{"name":"wp","href":"https:\/\/api.w.org\/{rel}","templated":true}]}}