{"id":51526,"date":"2025-08-11T12:02:09","date_gmt":"2025-08-11T10:02:09","guid":{"rendered":"https:\/\/engel-kunst.com\/auktion-objekt\/wecker\/"},"modified":"2025-11-03T18:40:21","modified_gmt":"2025-11-03T17:40:21","slug":"wecker","status":"publish","type":"product","link":"https:\/\/engel-kunst.com\/en\/auktion-objekt\/wecker\/","title":{"rendered":"Wecker"},"content":{"rendered":"<p>Wecker<br \/>\nDeluxe. Germany. Dunkelgrau patiniertes Stahlgeh\u00e4use. Blaues Zifferblatt, wei\u00dfe Ziffernstriche und arab. Ziffern mit Leuchtpunkten, Leuchtzeiger. Handaufzug, gangbar. Knopf f\u00fcr Weckereinstellung fehlt. H 9,2 cm.<\/p>\n","protected":false},"excerpt":{"rendered":"<p>Wecker<br \/>\nDeluxe. Germany. Dunkelgrau patiniertes Stahlgeh\u00e4use. Blaues Zifferblatt, wei\u00dfe Ziffernstriche und arab. Ziffern mit Leuchtpunkten, Leuchtzeiger. Handaufzug, gangbar. Knopf f\u00fcr Weckereinstellung fehlt. H 9,2 cm.<br \/>\n\u20ac 10<\/p>\n","protected":false},"featured_media":51527,"template":"","meta":{"_acf_changed":false,"_seopress_robots_primary_cat":"","_seopress_titles_title":"","_seopress_titles_desc":"","_seopress_robots_index":""},"product_brand":[],"product_cat":[20],"product_tag":[51],"class_list":{"0":"post-51526","1":"product","2":"type-product","3":"status-publish","4":"has-post-thumbnail","6":"auktion-versteigerung-150","7":"auktion-archiv","8":"product_cat-uhren-wissenschaftliche-instrumente","9":"product_tag-schriftlich","10":"sales-flash-overlay","11":"woocommerce-text-align-left","12":"woocommerce-image-align-center","14":"first","15":"outofstock","16":"sold-individually","17":"purchasable","18":"product-type-simple"},"acf":[],"_links":{"self":[{"href":"https:\/\/engel-kunst.com\/en\/wp-json\/wp\/v2\/product\/51526","targetHints":{"allow":["GET"]}}],"collection":[{"href":"https:\/\/engel-kunst.com\/en\/wp-json\/wp\/v2\/product"}],"about":[{"href":"https:\/\/engel-kunst.com\/en\/wp-json\/wp\/v2\/types\/product"}],"wp:featuredmedia":[{"embeddable":true,"href":"https:\/\/engel-kunst.com\/en\/wp-json\/wp\/v2\/media\/51527"}],"wp:attachment":[{"href":"https:\/\/engel-kunst.com\/en\/wp-json\/wp\/v2\/media?parent=51526"}],"wp:term":[{"taxonomy":"product_brand","embeddable":true,"href":"https:\/\/engel-kunst.com\/en\/wp-json\/wp\/v2\/product_brand?post=51526"},{"taxonomy":"product_cat","embeddable":true,"href":"https:\/\/engel-kunst.com\/en\/wp-json\/wp\/v2\/product_cat?post=51526"},{"taxonomy":"product_tag","embeddable":true,"href":"https:\/\/engel-kunst.com\/en\/wp-json\/wp\/v2\/product_tag?post=51526"}],"curies":[{"name":"wp","href":"https:\/\/api.w.org\/{rel}","templated":true}]}}