{"id":51528,"date":"2025-08-11T12:02:19","date_gmt":"2025-08-11T10:02:19","guid":{"rendered":"https:\/\/engel-kunst.com\/auktion-objekt\/kuechenwanduhr\/"},"modified":"2025-11-03T18:40:22","modified_gmt":"2025-11-03T17:40:22","slug":"kuechenwanduhr","status":"publish","type":"product","link":"https:\/\/engel-kunst.com\/en\/auktion-objekt\/kuechenwanduhr\/","title":{"rendered":"K\u00fcchenwanduhr"},"content":{"rendered":"<p>K\u00fcchenwanduhr<br \/>\nRemington Lektro-Kling. 1960er Jahre. Wei\u00df und blau glasiertes Keramikgeh\u00e4use. Wei\u00dfes Zifferblatt mit schwarzen Ziffernstrichen und arab. Ziffern, verchromte Metallzeiger. Batteriewerk, gangbar. Unten eingeh\u00e4ngte Eieruhr aus wei\u00dfem Kunststoff mit Federaufzug, Werk bleibt h\u00e4ngen, Geh\u00e4use vergilbt und besch.. H 26,7 cm.<\/p>\n","protected":false},"excerpt":{"rendered":"<p>K\u00fcchenwanduhr<br \/>\nRemington Lektro-Kling. 1960er Jahre. Wei\u00df und blau glasiertes Keramikgeh\u00e4use. Wei\u00dfes Zifferblatt mit schwarzen Ziffernstrichen und arab. Ziffern, verchromte Metallzeiger. Batteriewerk, gangbar. Unten eingeh\u00e4ngte Eieruhr aus wei\u00dfem Kunststoff mit Federaufzug, Werk bleibt h\u00e4ngen, Geh\u00e4use vergilbt und besch.. H 26,7 cm.<br \/>\n\u20ac 10<\/p>\n","protected":false},"featured_media":51529,"template":"","meta":{"_acf_changed":false,"_seopress_robots_primary_cat":"","_seopress_titles_title":"","_seopress_titles_desc":"","_seopress_robots_index":""},"product_brand":[],"product_cat":[20],"product_tag":[51],"class_list":{"0":"post-51528","1":"product","2":"type-product","3":"status-publish","4":"has-post-thumbnail","6":"auktion-versteigerung-150","7":"auktion-archiv","8":"product_cat-uhren-wissenschaftliche-instrumente","9":"product_tag-schriftlich","10":"sales-flash-overlay","11":"woocommerce-text-align-left","12":"woocommerce-image-align-center","14":"first","15":"outofstock","16":"sold-individually","17":"purchasable","18":"product-type-simple"},"acf":[],"_links":{"self":[{"href":"https:\/\/engel-kunst.com\/en\/wp-json\/wp\/v2\/product\/51528","targetHints":{"allow":["GET"]}}],"collection":[{"href":"https:\/\/engel-kunst.com\/en\/wp-json\/wp\/v2\/product"}],"about":[{"href":"https:\/\/engel-kunst.com\/en\/wp-json\/wp\/v2\/types\/product"}],"wp:featuredmedia":[{"embeddable":true,"href":"https:\/\/engel-kunst.com\/en\/wp-json\/wp\/v2\/media\/51529"}],"wp:attachment":[{"href":"https:\/\/engel-kunst.com\/en\/wp-json\/wp\/v2\/media?parent=51528"}],"wp:term":[{"taxonomy":"product_brand","embeddable":true,"href":"https:\/\/engel-kunst.com\/en\/wp-json\/wp\/v2\/product_brand?post=51528"},{"taxonomy":"product_cat","embeddable":true,"href":"https:\/\/engel-kunst.com\/en\/wp-json\/wp\/v2\/product_cat?post=51528"},{"taxonomy":"product_tag","embeddable":true,"href":"https:\/\/engel-kunst.com\/en\/wp-json\/wp\/v2\/product_tag?post=51528"}],"curies":[{"name":"wp","href":"https:\/\/api.w.org\/{rel}","templated":true}]}}