{"id":51530,"date":"2025-08-11T12:02:19","date_gmt":"2025-08-11T10:02:19","guid":{"rendered":"https:\/\/engel-kunst.com\/auktion-objekt\/wanduhr-rahmenuhr-2\/"},"modified":"2025-11-03T18:40:23","modified_gmt":"2025-11-03T17:40:23","slug":"wanduhr-rahmenuhr-2","status":"publish","type":"product","link":"https:\/\/engel-kunst.com\/en\/auktion-objekt\/wanduhr-rahmenuhr-2\/","title":{"rendered":"Wanduhr (Rahmenuhr)"},"content":{"rendered":"<p>Wanduhr (Rahmenuhr)<br \/>\nSchwarzwald, 19. Jh.. Holzkasten, gepr\u00e4gtes, vergoldetes Messingschild mit bemalten Blumen, oben in ovaler Kartusche bunte Papierlithografie mit Frauenbildnis. Emailzifferblatt mit r\u00f6m. Ziffern, schwarze Metallzeiger. Messingr\u00e4derwerk mit Holzplatinen, Aufzug mit zwei Gewichten (fehlen), Messingpendel. Schlagwerk f\u00fcr volle und halbe Stunden auf Tonspirale.  Funktion nicht gepr\u00fcft. H 33,3 cm.<\/p>\n","protected":false},"excerpt":{"rendered":"<p>Wanduhr (Rahmenuhr)<br \/>\nSchwarzwald, 19. Jh.. Holzkasten, gepr\u00e4gtes, vergoldetes Messingschild mit bemalten Blumen, oben in ovaler Kartusche bunte Papierlithografie mit Frauenbildnis. Emailzifferblatt mit r\u00f6m. Ziffern, schwarze Metallzeiger. Messingr\u00e4derwerk mit Holzplatinen, Aufzug mit zwei Gewichten (fehlen), Messingpendel. Schlagwerk f\u00fcr volle und halbe Stunden auf Tonspirale.  Funktion nicht gepr\u00fcft. H 33,3 cm.<br \/>\n\u20ac 65<\/p>\n","protected":false},"featured_media":51531,"template":"","meta":{"_acf_changed":false,"_seopress_robots_primary_cat":"","_seopress_titles_title":"","_seopress_titles_desc":"","_seopress_robots_index":""},"product_brand":[],"product_cat":[20],"product_tag":[51],"class_list":{"0":"post-51530","1":"product","2":"type-product","3":"status-publish","4":"has-post-thumbnail","6":"auktion-versteigerung-150","7":"auktion-archiv","8":"product_cat-uhren-wissenschaftliche-instrumente","9":"product_tag-schriftlich","10":"sales-flash-overlay","11":"woocommerce-text-align-left","12":"woocommerce-image-align-center","14":"first","15":"outofstock","16":"sold-individually","17":"purchasable","18":"product-type-simple"},"acf":[],"_links":{"self":[{"href":"https:\/\/engel-kunst.com\/en\/wp-json\/wp\/v2\/product\/51530","targetHints":{"allow":["GET"]}}],"collection":[{"href":"https:\/\/engel-kunst.com\/en\/wp-json\/wp\/v2\/product"}],"about":[{"href":"https:\/\/engel-kunst.com\/en\/wp-json\/wp\/v2\/types\/product"}],"wp:featuredmedia":[{"embeddable":true,"href":"https:\/\/engel-kunst.com\/en\/wp-json\/wp\/v2\/media\/51531"}],"wp:attachment":[{"href":"https:\/\/engel-kunst.com\/en\/wp-json\/wp\/v2\/media?parent=51530"}],"wp:term":[{"taxonomy":"product_brand","embeddable":true,"href":"https:\/\/engel-kunst.com\/en\/wp-json\/wp\/v2\/product_brand?post=51530"},{"taxonomy":"product_cat","embeddable":true,"href":"https:\/\/engel-kunst.com\/en\/wp-json\/wp\/v2\/product_cat?post=51530"},{"taxonomy":"product_tag","embeddable":true,"href":"https:\/\/engel-kunst.com\/en\/wp-json\/wp\/v2\/product_tag?post=51530"}],"curies":[{"name":"wp","href":"https:\/\/api.w.org\/{rel}","templated":true}]}}