{"id":51532,"date":"2025-08-11T12:02:19","date_gmt":"2025-08-11T10:02:19","guid":{"rendered":"https:\/\/engel-kunst.com\/auktion-objekt\/herrenarmbanduhr-15\/"},"modified":"2025-11-03T18:40:23","modified_gmt":"2025-11-03T17:40:23","slug":"herrenarmbanduhr-15","status":"publish","type":"product","link":"https:\/\/engel-kunst.com\/en\/auktion-objekt\/herrenarmbanduhr-15\/","title":{"rendered":"Herrenarmbanduhr"},"content":{"rendered":"<p>Herrenarmbanduhr<br \/>\nKienzle. 1960er Jahre. Geh\u00e4use vergoldet. D 33 mm. Versilbertes Zifferblatt, goldene Ziffernstriche, Leuchtzeiger, goldene Zentralsek.. Handaufzug, gangbar. Sch\u00f6ner Erhaltungszustand. Sp\u00e4teres schwarzes Lederarmband mit Dornschlie\u00dfe abgenutzt.<\/p>\n","protected":false},"excerpt":{"rendered":"<p>Herrenarmbanduhr<br \/>\nKienzle. 1960er Jahre. Geh\u00e4use vergoldet. D 33 mm. Versilbertes Zifferblatt, goldene Ziffernstriche, Leuchtzeiger, goldene Zentralsek.. Handaufzug, gangbar. Sch\u00f6ner Erhaltungszustand. Sp\u00e4teres schwarzes Lederarmband mit Dornschlie\u00dfe abgenutzt.<br \/>\n\u20ac 15<\/p>\n","protected":false},"featured_media":51533,"template":"","meta":{"_acf_changed":false,"_seopress_robots_primary_cat":"","_seopress_titles_title":"","_seopress_titles_desc":"","_seopress_robots_index":""},"product_brand":[],"product_cat":[20],"product_tag":[51],"class_list":{"0":"post-51532","1":"product","2":"type-product","3":"status-publish","4":"has-post-thumbnail","6":"auktion-versteigerung-150","7":"auktion-archiv","8":"product_cat-uhren-wissenschaftliche-instrumente","9":"product_tag-schriftlich","10":"sales-flash-overlay","11":"woocommerce-text-align-left","12":"woocommerce-image-align-center","14":"first","15":"outofstock","16":"sold-individually","17":"purchasable","18":"product-type-simple"},"acf":[],"_links":{"self":[{"href":"https:\/\/engel-kunst.com\/en\/wp-json\/wp\/v2\/product\/51532","targetHints":{"allow":["GET"]}}],"collection":[{"href":"https:\/\/engel-kunst.com\/en\/wp-json\/wp\/v2\/product"}],"about":[{"href":"https:\/\/engel-kunst.com\/en\/wp-json\/wp\/v2\/types\/product"}],"wp:featuredmedia":[{"embeddable":true,"href":"https:\/\/engel-kunst.com\/en\/wp-json\/wp\/v2\/media\/51533"}],"wp:attachment":[{"href":"https:\/\/engel-kunst.com\/en\/wp-json\/wp\/v2\/media?parent=51532"}],"wp:term":[{"taxonomy":"product_brand","embeddable":true,"href":"https:\/\/engel-kunst.com\/en\/wp-json\/wp\/v2\/product_brand?post=51532"},{"taxonomy":"product_cat","embeddable":true,"href":"https:\/\/engel-kunst.com\/en\/wp-json\/wp\/v2\/product_cat?post=51532"},{"taxonomy":"product_tag","embeddable":true,"href":"https:\/\/engel-kunst.com\/en\/wp-json\/wp\/v2\/product_tag?post=51532"}],"curies":[{"name":"wp","href":"https:\/\/api.w.org\/{rel}","templated":true}]}}