{"id":51538,"date":"2025-08-11T12:02:19","date_gmt":"2025-08-11T10:02:19","guid":{"rendered":"https:\/\/engel-kunst.com\/auktion-objekt\/armbanduhr-unisex-3\/"},"modified":"2025-11-03T18:40:24","modified_gmt":"2025-11-03T17:40:24","slug":"armbanduhr-unisex-3","status":"publish","type":"product","link":"https:\/\/engel-kunst.com\/en\/auktion-objekt\/armbanduhr-unisex-3\/","title":{"rendered":"Armbanduhr, unisex"},"content":{"rendered":"<p>Armbanduhr, unisex<br \/>\nEdition der Osts\u00e4chsischen Sparkasse Dresden zur Weihe der Dresdner Frauenkirche 30.10.2005. Aufl. 00074\/10000. Ovales, mattiertes Stahlgeh\u00e4use. D 36 mm. Wei\u00df-schwarzes Zifferblatt, r\u00f6m. Ziffern, schwarze Zeiger, vier orig. Steinst\u00fcckchen vom Gem\u00e4uer der Frauenkirche. Quartzwerk, gangbar. Orig. schwarzes Lederarmband mit Dornschlie\u00dfe etwas abgegriffen.<\/p>\n","protected":false},"excerpt":{"rendered":"<p>Armbanduhr, unisex<br \/>\nEdition der Osts\u00e4chsischen Sparkasse Dresden zur Weihe der Dresdner Frauenkirche 30.10.2005. Aufl. 00074\/10000. Ovales, mattiertes Stahlgeh\u00e4use. D 36 mm. Wei\u00df-schwarzes Zifferblatt, r\u00f6m. Ziffern, schwarze Zeiger, vier orig. Steinst\u00fcckchen vom Gem\u00e4uer der Frauenkirche. Quartzwerk, gangbar. Orig. schwarzes Lederarmband mit Dornschlie\u00dfe etwas abgegriffen.<br \/>\n\u20ac 10<\/p>\n","protected":false},"featured_media":51539,"template":"","meta":{"_acf_changed":false,"_seopress_robots_primary_cat":"","_seopress_titles_title":"","_seopress_titles_desc":"","_seopress_robots_index":""},"product_brand":[],"product_cat":[20],"product_tag":[51],"class_list":{"0":"post-51538","1":"product","2":"type-product","3":"status-publish","4":"has-post-thumbnail","6":"auktion-versteigerung-150","7":"auktion-archiv","8":"product_cat-uhren-wissenschaftliche-instrumente","9":"product_tag-schriftlich","10":"sales-flash-overlay","11":"woocommerce-text-align-left","12":"woocommerce-image-align-center","14":"first","15":"outofstock","16":"sold-individually","17":"purchasable","18":"product-type-simple"},"acf":[],"_links":{"self":[{"href":"https:\/\/engel-kunst.com\/en\/wp-json\/wp\/v2\/product\/51538","targetHints":{"allow":["GET"]}}],"collection":[{"href":"https:\/\/engel-kunst.com\/en\/wp-json\/wp\/v2\/product"}],"about":[{"href":"https:\/\/engel-kunst.com\/en\/wp-json\/wp\/v2\/types\/product"}],"wp:featuredmedia":[{"embeddable":true,"href":"https:\/\/engel-kunst.com\/en\/wp-json\/wp\/v2\/media\/51539"}],"wp:attachment":[{"href":"https:\/\/engel-kunst.com\/en\/wp-json\/wp\/v2\/media?parent=51538"}],"wp:term":[{"taxonomy":"product_brand","embeddable":true,"href":"https:\/\/engel-kunst.com\/en\/wp-json\/wp\/v2\/product_brand?post=51538"},{"taxonomy":"product_cat","embeddable":true,"href":"https:\/\/engel-kunst.com\/en\/wp-json\/wp\/v2\/product_cat?post=51538"},{"taxonomy":"product_tag","embeddable":true,"href":"https:\/\/engel-kunst.com\/en\/wp-json\/wp\/v2\/product_tag?post=51538"}],"curies":[{"name":"wp","href":"https:\/\/api.w.org\/{rel}","templated":true}]}}