{"id":51544,"date":"2025-08-11T12:02:19","date_gmt":"2025-08-11T10:02:19","guid":{"rendered":"https:\/\/engel-kunst.com\/auktion-objekt\/marinebeobachtungsuhr\/"},"modified":"2025-11-03T18:40:25","modified_gmt":"2025-11-03T17:40:25","slug":"marinebeobachtungsuhr","status":"publish","type":"product","link":"https:\/\/engel-kunst.com\/en\/auktion-objekt\/marinebeobachtungsuhr\/","title":{"rendered":"Marinebeobachtungsuhr"},"content":{"rendered":"<p>Marinebeobachtungsuhr<br \/>\nLange u. S\u00f6hne, Glash\u00fctte. Um 1944. Herstellerkennung auf der Au\u00dfenseite des Staubbodens. Geh\u00e4use 900er Silber. Lange Schutzmarke, Reichspunze f\u00fcr Silber mit Feingehaltsstempel. Versilbertes Zifferblatt mit schwarzem Aufdruck der Minuterie und der arab. Zahlen, angelassene Stahlzeiger. Werk Kaliber 48, Werknr. 201777. Werkdurchmesser 48 mm, vergoldetes 2\/3 Platinenwerk, Gangreserve 35 Stunden, Kupplungsaufzug, Kompensationsunruh, Breguet-Spirale, Schwanenhals-Feinregulierung, kleine Sek. bei 3, Gangreserve bei 9. Gangbar. Nur m\u00e4\u00dfige Gebrauchsspuren.<\/p>\n","protected":false},"excerpt":{"rendered":"<p>Marinebeobachtungsuhr<br \/>\nLange u. S\u00f6hne, Glash\u00fctte. Um 1944. Herstellerkennung auf der Au\u00dfenseite des Staubbodens. Geh\u00e4use 900er Silber. Lange Schutzmarke, Reichspunze f\u00fcr Silber mit Feingehaltsstempel. Versilbertes Zifferblatt mit schwarzem Aufdruck der Minuterie und der arab. Zahlen, angelassene Stahlzeiger. Werk Kaliber 48, Werknr. 201777. Werkdurchmesser 48 mm, vergoldetes 2\/3 Platinenwerk, Gangreserve 35 Stunden, Kupplungsaufzug, Kompensationsunruh, Breguet-Spirale, Schwanenhals-Feinregulierung, kleine Sek. bei 3, Gangreserve bei 9. Gangbar. Nur m\u00e4\u00dfige Gebrauchsspuren.<br \/>\n\u20ac 1100<\/p>\n","protected":false},"featured_media":51545,"template":"","meta":{"_acf_changed":false,"_seopress_robots_primary_cat":"","_seopress_titles_title":"","_seopress_titles_desc":"","_seopress_robots_index":""},"product_brand":[],"product_cat":[20],"product_tag":[52],"class_list":{"0":"post-51544","1":"product","2":"type-product","3":"status-publish","4":"has-post-thumbnail","6":"auktion-versteigerung-150","7":"auktion-archiv","8":"product_cat-uhren-wissenschaftliche-instrumente","9":"product_tag-telefon","10":"sales-flash-overlay","11":"woocommerce-text-align-left","12":"woocommerce-image-align-center","14":"first","15":"outofstock","16":"featured","17":"sold-individually","18":"purchasable","19":"product-type-simple"},"acf":[],"_links":{"self":[{"href":"https:\/\/engel-kunst.com\/en\/wp-json\/wp\/v2\/product\/51544","targetHints":{"allow":["GET"]}}],"collection":[{"href":"https:\/\/engel-kunst.com\/en\/wp-json\/wp\/v2\/product"}],"about":[{"href":"https:\/\/engel-kunst.com\/en\/wp-json\/wp\/v2\/types\/product"}],"wp:featuredmedia":[{"embeddable":true,"href":"https:\/\/engel-kunst.com\/en\/wp-json\/wp\/v2\/media\/51545"}],"wp:attachment":[{"href":"https:\/\/engel-kunst.com\/en\/wp-json\/wp\/v2\/media?parent=51544"}],"wp:term":[{"taxonomy":"product_brand","embeddable":true,"href":"https:\/\/engel-kunst.com\/en\/wp-json\/wp\/v2\/product_brand?post=51544"},{"taxonomy":"product_cat","embeddable":true,"href":"https:\/\/engel-kunst.com\/en\/wp-json\/wp\/v2\/product_cat?post=51544"},{"taxonomy":"product_tag","embeddable":true,"href":"https:\/\/engel-kunst.com\/en\/wp-json\/wp\/v2\/product_tag?post=51544"}],"curies":[{"name":"wp","href":"https:\/\/api.w.org\/{rel}","templated":true}]}}