{"id":51568,"date":"2025-08-11T12:02:29","date_gmt":"2025-08-11T10:02:29","guid":{"rendered":"https:\/\/engel-kunst.com\/auktion-objekt\/deckelgefaess-4\/"},"modified":"2025-11-03T18:40:28","modified_gmt":"2025-11-03T17:40:28","slug":"deckelgefaess-4","status":"publish","type":"product","link":"https:\/\/engel-kunst.com\/en\/auktion-objekt\/deckelgefaess-4\/","title":{"rendered":"Deckelgef\u00e4\u00df"},"content":{"rendered":"<p>Deckelgef\u00e4\u00df<br \/>\nUnikat. Konischer, bauchiger Gef\u00e4\u00dfk\u00f6rper, gew\u00f6lbter Deckel mit gro\u00dfem, offenen Griff. Auf der Deckelunterseite sign. Wein Mehs, dat. (19)73. Hellgrau salzglasiertes Steinzeug, blaue Bemalung. Im Boden kleinerer Brennriss. H 32 cm.<\/p>\n","protected":false},"excerpt":{"rendered":"<p>Deckelgef\u00e4\u00df<br \/>\nUnikat. Konischer, bauchiger Gef\u00e4\u00dfk\u00f6rper, gew\u00f6lbter Deckel mit gro\u00dfem, offenen Griff. Auf der Deckelunterseite sign. Wein Mehs, dat. (19)73. Hellgrau salzglasiertes Steinzeug, blaue Bemalung. Im Boden kleinerer Brennriss. H 32 cm.<br \/>\n\u20ac 10<\/p>\n","protected":false},"featured_media":51569,"template":"","meta":{"_acf_changed":false,"_seopress_robots_primary_cat":"","_seopress_titles_title":"","_seopress_titles_desc":"","_seopress_robots_index":""},"product_brand":[],"product_cat":[22],"product_tag":[51],"class_list":{"0":"post-51568","1":"product","2":"type-product","3":"status-publish","4":"has-post-thumbnail","6":"auktion-versteigerung-150","7":"auktion-archiv","8":"product_cat-keramik","9":"product_tag-schriftlich","10":"sales-flash-overlay","11":"woocommerce-text-align-left","12":"woocommerce-image-align-center","14":"first","15":"outofstock","16":"sold-individually","17":"purchasable","18":"product-type-simple"},"acf":[],"_links":{"self":[{"href":"https:\/\/engel-kunst.com\/en\/wp-json\/wp\/v2\/product\/51568","targetHints":{"allow":["GET"]}}],"collection":[{"href":"https:\/\/engel-kunst.com\/en\/wp-json\/wp\/v2\/product"}],"about":[{"href":"https:\/\/engel-kunst.com\/en\/wp-json\/wp\/v2\/types\/product"}],"wp:featuredmedia":[{"embeddable":true,"href":"https:\/\/engel-kunst.com\/en\/wp-json\/wp\/v2\/media\/51569"}],"wp:attachment":[{"href":"https:\/\/engel-kunst.com\/en\/wp-json\/wp\/v2\/media?parent=51568"}],"wp:term":[{"taxonomy":"product_brand","embeddable":true,"href":"https:\/\/engel-kunst.com\/en\/wp-json\/wp\/v2\/product_brand?post=51568"},{"taxonomy":"product_cat","embeddable":true,"href":"https:\/\/engel-kunst.com\/en\/wp-json\/wp\/v2\/product_cat?post=51568"},{"taxonomy":"product_tag","embeddable":true,"href":"https:\/\/engel-kunst.com\/en\/wp-json\/wp\/v2\/product_tag?post=51568"}],"curies":[{"name":"wp","href":"https:\/\/api.w.org\/{rel}","templated":true}]}}