{"id":51576,"date":"2025-08-11T12:02:38","date_gmt":"2025-08-11T10:02:38","guid":{"rendered":"https:\/\/engel-kunst.com\/auktion-objekt\/amorphes-gefaess-2\/"},"modified":"2025-11-03T18:40:31","modified_gmt":"2025-11-03T17:40:31","slug":"amorphes-gefaess-2","status":"publish","type":"product","link":"https:\/\/engel-kunst.com\/en\/auktion-objekt\/amorphes-gefaess-2\/","title":{"rendered":"Amorphes Gef\u00e4\u00df"},"content":{"rendered":"<p>Amorphes Gef\u00e4\u00df<br \/>\nUnikat. Bauchiges Schultergef\u00e4\u00df auf zwei runden Beinen, oben drei zylindrische \u00d6ffnungen. Am Boden sign. Wein, dat. (19)73. Hellgraues, salzglasiertes Steinzeug, Glasur mit braunen Sprenkeln. H 43,2 cm.<\/p>\n","protected":false},"excerpt":{"rendered":"<p>Amorphes Gef\u00e4\u00df<br \/>\nUnikat. Bauchiges Schultergef\u00e4\u00df auf zwei runden Beinen, oben drei zylindrische \u00d6ffnungen. Am Boden sign. Wein, dat. (19)73. Hellgraues, salzglasiertes Steinzeug, Glasur mit braunen Sprenkeln. H 43,2 cm.<br \/>\n\u20ac 10<\/p>\n","protected":false},"featured_media":51577,"template":"","meta":{"_acf_changed":false,"_seopress_robots_primary_cat":"","_seopress_titles_title":"","_seopress_titles_desc":"","_seopress_robots_index":""},"product_brand":[],"product_cat":[22],"product_tag":[51],"class_list":{"0":"post-51576","1":"product","2":"type-product","3":"status-publish","4":"has-post-thumbnail","6":"auktion-versteigerung-150","7":"auktion-archiv","8":"product_cat-keramik","9":"product_tag-schriftlich","10":"sales-flash-overlay","11":"woocommerce-text-align-left","12":"woocommerce-image-align-center","14":"first","15":"outofstock","16":"sold-individually","17":"purchasable","18":"product-type-simple"},"acf":[],"_links":{"self":[{"href":"https:\/\/engel-kunst.com\/en\/wp-json\/wp\/v2\/product\/51576","targetHints":{"allow":["GET"]}}],"collection":[{"href":"https:\/\/engel-kunst.com\/en\/wp-json\/wp\/v2\/product"}],"about":[{"href":"https:\/\/engel-kunst.com\/en\/wp-json\/wp\/v2\/types\/product"}],"wp:featuredmedia":[{"embeddable":true,"href":"https:\/\/engel-kunst.com\/en\/wp-json\/wp\/v2\/media\/51577"}],"wp:attachment":[{"href":"https:\/\/engel-kunst.com\/en\/wp-json\/wp\/v2\/media?parent=51576"}],"wp:term":[{"taxonomy":"product_brand","embeddable":true,"href":"https:\/\/engel-kunst.com\/en\/wp-json\/wp\/v2\/product_brand?post=51576"},{"taxonomy":"product_cat","embeddable":true,"href":"https:\/\/engel-kunst.com\/en\/wp-json\/wp\/v2\/product_cat?post=51576"},{"taxonomy":"product_tag","embeddable":true,"href":"https:\/\/engel-kunst.com\/en\/wp-json\/wp\/v2\/product_tag?post=51576"}],"curies":[{"name":"wp","href":"https:\/\/api.w.org\/{rel}","templated":true}]}}