{"id":51578,"date":"2025-08-11T12:02:38","date_gmt":"2025-08-11T10:02:38","guid":{"rendered":"https:\/\/engel-kunst.com\/auktion-objekt\/grosser-krug-2\/"},"modified":"2025-11-03T18:40:31","modified_gmt":"2025-11-03T17:40:31","slug":"grosser-krug-2","status":"publish","type":"product","link":"https:\/\/engel-kunst.com\/en\/auktion-objekt\/grosser-krug-2\/","title":{"rendered":"Gro\u00dfer Krug"},"content":{"rendered":"<p>Gro\u00dfer Krug<br \/>\nWesterwald(?), 20. Jh.. Bauchiger Gef\u00e4\u00dfk\u00f6rper, kurzer, profilierter Hals mit runder Lippe, wulstiger Henkel unten spitz abgestrichen. Hellgraues, salzglasiertes Steinzeug, blaues Streifen- und Blumenmuster. Partieller Glasurfehlbrand. H 46 cm.<\/p>\n","protected":false},"excerpt":{"rendered":"<p>Gro\u00dfer Krug<br \/>\nWesterwald(?), 20. Jh.. Bauchiger Gef\u00e4\u00dfk\u00f6rper, kurzer, profilierter Hals mit runder Lippe, wulstiger Henkel unten spitz abgestrichen. Hellgraues, salzglasiertes Steinzeug, blaues Streifen- und Blumenmuster. Partieller Glasurfehlbrand. H 46 cm.<br \/>\n\u20ac 10<\/p>\n","protected":false},"featured_media":51579,"template":"","meta":{"_acf_changed":false,"_seopress_robots_primary_cat":"","_seopress_titles_title":"","_seopress_titles_desc":"","_seopress_robots_index":""},"product_brand":[],"product_cat":[22],"product_tag":[51],"class_list":{"0":"post-51578","1":"product","2":"type-product","3":"status-publish","4":"has-post-thumbnail","6":"auktion-versteigerung-150","7":"auktion-archiv","8":"product_cat-keramik","9":"product_tag-schriftlich","10":"sales-flash-overlay","11":"woocommerce-text-align-left","12":"woocommerce-image-align-center","14":"first","15":"outofstock","16":"sold-individually","17":"purchasable","18":"product-type-simple"},"acf":[],"_links":{"self":[{"href":"https:\/\/engel-kunst.com\/en\/wp-json\/wp\/v2\/product\/51578","targetHints":{"allow":["GET"]}}],"collection":[{"href":"https:\/\/engel-kunst.com\/en\/wp-json\/wp\/v2\/product"}],"about":[{"href":"https:\/\/engel-kunst.com\/en\/wp-json\/wp\/v2\/types\/product"}],"wp:featuredmedia":[{"embeddable":true,"href":"https:\/\/engel-kunst.com\/en\/wp-json\/wp\/v2\/media\/51579"}],"wp:attachment":[{"href":"https:\/\/engel-kunst.com\/en\/wp-json\/wp\/v2\/media?parent=51578"}],"wp:term":[{"taxonomy":"product_brand","embeddable":true,"href":"https:\/\/engel-kunst.com\/en\/wp-json\/wp\/v2\/product_brand?post=51578"},{"taxonomy":"product_cat","embeddable":true,"href":"https:\/\/engel-kunst.com\/en\/wp-json\/wp\/v2\/product_cat?post=51578"},{"taxonomy":"product_tag","embeddable":true,"href":"https:\/\/engel-kunst.com\/en\/wp-json\/wp\/v2\/product_tag?post=51578"}],"curies":[{"name":"wp","href":"https:\/\/api.w.org\/{rel}","templated":true}]}}