{"id":51580,"date":"2025-08-11T12:02:38","date_gmt":"2025-08-11T10:02:38","guid":{"rendered":"https:\/\/engel-kunst.com\/auktion-objekt\/bauchiges-gefaess\/"},"modified":"2025-11-03T18:40:32","modified_gmt":"2025-11-03T17:40:32","slug":"bauchiges-gefaess","status":"publish","type":"product","link":"https:\/\/engel-kunst.com\/en\/auktion-objekt\/bauchiges-gefaess\/","title":{"rendered":"Bauchiges Gef\u00e4\u00df"},"content":{"rendered":"<p>Bauchiges Gef\u00e4\u00df<br \/>\nGriechenland(?). R\u00f6tlicher Ton, braun-graue Glasur. Auf der Leibung Relieffries mit Rehen und Hirschen. H 13,6 cm. Mehrere kleinere Besto\u00dfungen.<\/p>\n","protected":false},"excerpt":{"rendered":"<p>Bauchiges Gef\u00e4\u00df<br \/>\nGriechenland(?). R\u00f6tlicher Ton, braun-graue Glasur. Auf der Leibung Relieffries mit Rehen und Hirschen. H 13,6 cm. Mehrere kleinere Besto\u00dfungen.<br \/>\n\u20ac 15<\/p>\n","protected":false},"featured_media":51581,"template":"","meta":{"_acf_changed":false,"_seopress_robots_primary_cat":"","_seopress_titles_title":"","_seopress_titles_desc":"","_seopress_robots_index":""},"product_brand":[],"product_cat":[22],"product_tag":[51],"class_list":{"0":"post-51580","1":"product","2":"type-product","3":"status-publish","4":"has-post-thumbnail","6":"auktion-versteigerung-150","7":"auktion-archiv","8":"product_cat-keramik","9":"product_tag-schriftlich","10":"sales-flash-overlay","11":"woocommerce-text-align-left","12":"woocommerce-image-align-center","14":"first","15":"outofstock","16":"sold-individually","17":"purchasable","18":"product-type-simple"},"acf":[],"_links":{"self":[{"href":"https:\/\/engel-kunst.com\/en\/wp-json\/wp\/v2\/product\/51580","targetHints":{"allow":["GET"]}}],"collection":[{"href":"https:\/\/engel-kunst.com\/en\/wp-json\/wp\/v2\/product"}],"about":[{"href":"https:\/\/engel-kunst.com\/en\/wp-json\/wp\/v2\/types\/product"}],"wp:featuredmedia":[{"embeddable":true,"href":"https:\/\/engel-kunst.com\/en\/wp-json\/wp\/v2\/media\/51581"}],"wp:attachment":[{"href":"https:\/\/engel-kunst.com\/en\/wp-json\/wp\/v2\/media?parent=51580"}],"wp:term":[{"taxonomy":"product_brand","embeddable":true,"href":"https:\/\/engel-kunst.com\/en\/wp-json\/wp\/v2\/product_brand?post=51580"},{"taxonomy":"product_cat","embeddable":true,"href":"https:\/\/engel-kunst.com\/en\/wp-json\/wp\/v2\/product_cat?post=51580"},{"taxonomy":"product_tag","embeddable":true,"href":"https:\/\/engel-kunst.com\/en\/wp-json\/wp\/v2\/product_tag?post=51580"}],"curies":[{"name":"wp","href":"https:\/\/api.w.org\/{rel}","templated":true}]}}