{"id":51594,"date":"2025-08-11T12:02:47","date_gmt":"2025-08-11T10:02:47","guid":{"rendered":"https:\/\/engel-kunst.com\/auktion-objekt\/vase-48\/"},"modified":"2025-11-03T18:40:34","modified_gmt":"2025-11-03T17:40:34","slug":"vase-48","status":"publish","type":"product","link":"https:\/\/engel-kunst.com\/en\/auktion-objekt\/vase-48\/","title":{"rendered":"Vase"},"content":{"rendered":"<p>Vase<br \/>\nStaatliche Majolika Manufaktur Karlsruhe, Reliefmarke, Modellnr. 9026. Konisches Schultergef\u00e4\u00df, konischer Hals mit bauchiger Lippe, breiter Bandhenkel. Matte und gl\u00e4nzende, graue Glasur. H 41,5 cm.<\/p>\n","protected":false},"excerpt":{"rendered":"<p>Vase<br \/>\nStaatliche Majolika Manufaktur Karlsruhe, Reliefmarke, Modellnr. 9026. Konisches Schultergef\u00e4\u00df, konischer Hals mit bauchiger Lippe, breiter Bandhenkel. Matte und gl\u00e4nzende, graue Glasur. H 41,5 cm.<br \/>\n\u20ac 10<\/p>\n","protected":false},"featured_media":51595,"template":"","meta":{"_acf_changed":false,"_seopress_robots_primary_cat":"","_seopress_titles_title":"","_seopress_titles_desc":"","_seopress_robots_index":""},"product_brand":[],"product_cat":[22],"product_tag":[51],"class_list":{"0":"post-51594","1":"product","2":"type-product","3":"status-publish","4":"has-post-thumbnail","6":"auktion-versteigerung-150","7":"auktion-archiv","8":"product_cat-keramik","9":"product_tag-schriftlich","10":"sales-flash-overlay","11":"woocommerce-text-align-left","12":"woocommerce-image-align-center","14":"first","15":"outofstock","16":"sold-individually","17":"purchasable","18":"product-type-simple"},"acf":[],"_links":{"self":[{"href":"https:\/\/engel-kunst.com\/en\/wp-json\/wp\/v2\/product\/51594","targetHints":{"allow":["GET"]}}],"collection":[{"href":"https:\/\/engel-kunst.com\/en\/wp-json\/wp\/v2\/product"}],"about":[{"href":"https:\/\/engel-kunst.com\/en\/wp-json\/wp\/v2\/types\/product"}],"wp:featuredmedia":[{"embeddable":true,"href":"https:\/\/engel-kunst.com\/en\/wp-json\/wp\/v2\/media\/51595"}],"wp:attachment":[{"href":"https:\/\/engel-kunst.com\/en\/wp-json\/wp\/v2\/media?parent=51594"}],"wp:term":[{"taxonomy":"product_brand","embeddable":true,"href":"https:\/\/engel-kunst.com\/en\/wp-json\/wp\/v2\/product_brand?post=51594"},{"taxonomy":"product_cat","embeddable":true,"href":"https:\/\/engel-kunst.com\/en\/wp-json\/wp\/v2\/product_cat?post=51594"},{"taxonomy":"product_tag","embeddable":true,"href":"https:\/\/engel-kunst.com\/en\/wp-json\/wp\/v2\/product_tag?post=51594"}],"curies":[{"name":"wp","href":"https:\/\/api.w.org\/{rel}","templated":true}]}}