{"id":51608,"date":"2025-08-11T12:02:47","date_gmt":"2025-08-11T10:02:47","guid":{"rendered":"https:\/\/engel-kunst.com\/auktion-objekt\/bowle-4\/"},"modified":"2025-11-03T18:40:36","modified_gmt":"2025-11-03T17:40:36","slug":"bowle-4","status":"publish","type":"product","link":"https:\/\/engel-kunst.com\/en\/auktion-objekt\/bowle-4\/","title":{"rendered":"Bowle"},"content":{"rendered":"<p>Bowle<br \/>\nWesterwald, H\u00f6hr, D\u00fcmler &#038; Breiden, Pressmarke, Modellnr. 1852, 1. Drittel 20. Jh.. Bauchiger Gef\u00e4\u00dfk\u00f6rper, unten bauchig abgesetzt mit Relieffries aus Weintrauben und Rippen, konische Standfl\u00e4che. Gew\u00f6lbter Deckel mit gro\u00dfem Fruchtnodus. Lippe und Deckelrand mit Perlschnurdekor. Hellgrau und t\u00fcrkis glasiertes Steinzeug, Reliefmuster dunkelbraun bemalt. H 28,5 cm, D oben 22,4 cm. Gebrauchsspuren, auf Wandung und Standfl\u00e4che schwacher Harriss.<\/p>\n","protected":false},"excerpt":{"rendered":"<p>Bowle<br \/>\nWesterwald, H\u00f6hr, D\u00fcmler &#038; Breiden, Pressmarke, Modellnr. 1852, 1. Drittel 20. Jh.. Bauchiger Gef\u00e4\u00dfk\u00f6rper, unten bauchig abgesetzt mit Relieffries aus Weintrauben und Rippen, konische Standfl\u00e4che. Gew\u00f6lbter Deckel mit gro\u00dfem Fruchtnodus. Lippe und Deckelrand mit Perlschnurdekor. Hellgrau und t\u00fcrkis glasiertes Steinzeug, Reliefmuster dunkelbraun bemalt. H 28,5 cm, D oben 22,4 cm. Gebrauchsspuren, auf Wandung und Standfl\u00e4che schwacher Harriss.<br \/>\n\u20ac 10<\/p>\n","protected":false},"featured_media":51609,"template":"","meta":{"_acf_changed":false,"_seopress_robots_primary_cat":"","_seopress_titles_title":"","_seopress_titles_desc":"","_seopress_robots_index":""},"product_brand":[],"product_cat":[22],"product_tag":[51],"class_list":{"0":"post-51608","1":"product","2":"type-product","3":"status-publish","4":"has-post-thumbnail","6":"auktion-versteigerung-150","7":"auktion-archiv","8":"product_cat-keramik","9":"product_tag-schriftlich","10":"sales-flash-overlay","11":"woocommerce-text-align-left","12":"woocommerce-image-align-center","14":"first","15":"outofstock","16":"sold-individually","17":"purchasable","18":"product-type-simple"},"acf":[],"_links":{"self":[{"href":"https:\/\/engel-kunst.com\/en\/wp-json\/wp\/v2\/product\/51608","targetHints":{"allow":["GET"]}}],"collection":[{"href":"https:\/\/engel-kunst.com\/en\/wp-json\/wp\/v2\/product"}],"about":[{"href":"https:\/\/engel-kunst.com\/en\/wp-json\/wp\/v2\/types\/product"}],"wp:featuredmedia":[{"embeddable":true,"href":"https:\/\/engel-kunst.com\/en\/wp-json\/wp\/v2\/media\/51609"}],"wp:attachment":[{"href":"https:\/\/engel-kunst.com\/en\/wp-json\/wp\/v2\/media?parent=51608"}],"wp:term":[{"taxonomy":"product_brand","embeddable":true,"href":"https:\/\/engel-kunst.com\/en\/wp-json\/wp\/v2\/product_brand?post=51608"},{"taxonomy":"product_cat","embeddable":true,"href":"https:\/\/engel-kunst.com\/en\/wp-json\/wp\/v2\/product_cat?post=51608"},{"taxonomy":"product_tag","embeddable":true,"href":"https:\/\/engel-kunst.com\/en\/wp-json\/wp\/v2\/product_tag?post=51608"}],"curies":[{"name":"wp","href":"https:\/\/api.w.org\/{rel}","templated":true}]}}