{"id":51612,"date":"2025-08-11T12:02:57","date_gmt":"2025-08-11T10:02:57","guid":{"rendered":"https:\/\/engel-kunst.com\/auktion-objekt\/deckelvase\/"},"modified":"2025-11-03T18:40:38","modified_gmt":"2025-11-03T17:40:38","slug":"deckelvase","status":"publish","type":"product","link":"https:\/\/engel-kunst.com\/en\/auktion-objekt\/deckelvase\/","title":{"rendered":"Deckelvase"},"content":{"rendered":"<p>Deckelvase<br \/>\nHolland, Delft, Manufakturstempel. Bauchiges Schultergef\u00e4\u00df mit kurzem Hals und konischem Fu\u00df, gew\u00f6lbter Deckel mit spitzkugeligem Knauf. Wei\u00dfe, gl\u00e4nzende Glasur, ugl. blaue Blumen- und Streifenbemalung. H 36 cm.<\/p>\n","protected":false},"excerpt":{"rendered":"<p>Deckelvase<br \/>\nHolland, Delft, Manufakturstempel. Bauchiges Schultergef\u00e4\u00df mit kurzem Hals und konischem Fu\u00df, gew\u00f6lbter Deckel mit spitzkugeligem Knauf. Wei\u00dfe, gl\u00e4nzende Glasur, ugl. blaue Blumen- und Streifenbemalung. H 36 cm.<br \/>\n\u20ac 10<\/p>\n","protected":false},"featured_media":51613,"template":"","meta":{"_acf_changed":false,"_seopress_robots_primary_cat":"","_seopress_titles_title":"","_seopress_titles_desc":"","_seopress_robots_index":""},"product_brand":[],"product_cat":[22],"product_tag":[51],"class_list":{"0":"post-51612","1":"product","2":"type-product","3":"status-publish","4":"has-post-thumbnail","6":"auktion-versteigerung-150","7":"auktion-archiv","8":"product_cat-keramik","9":"product_tag-schriftlich","10":"sales-flash-overlay","11":"woocommerce-text-align-left","12":"woocommerce-image-align-center","14":"first","15":"outofstock","16":"sold-individually","17":"purchasable","18":"product-type-simple"},"acf":[],"_links":{"self":[{"href":"https:\/\/engel-kunst.com\/en\/wp-json\/wp\/v2\/product\/51612","targetHints":{"allow":["GET"]}}],"collection":[{"href":"https:\/\/engel-kunst.com\/en\/wp-json\/wp\/v2\/product"}],"about":[{"href":"https:\/\/engel-kunst.com\/en\/wp-json\/wp\/v2\/types\/product"}],"wp:featuredmedia":[{"embeddable":true,"href":"https:\/\/engel-kunst.com\/en\/wp-json\/wp\/v2\/media\/51613"}],"wp:attachment":[{"href":"https:\/\/engel-kunst.com\/en\/wp-json\/wp\/v2\/media?parent=51612"}],"wp:term":[{"taxonomy":"product_brand","embeddable":true,"href":"https:\/\/engel-kunst.com\/en\/wp-json\/wp\/v2\/product_brand?post=51612"},{"taxonomy":"product_cat","embeddable":true,"href":"https:\/\/engel-kunst.com\/en\/wp-json\/wp\/v2\/product_cat?post=51612"},{"taxonomy":"product_tag","embeddable":true,"href":"https:\/\/engel-kunst.com\/en\/wp-json\/wp\/v2\/product_tag?post=51612"}],"curies":[{"name":"wp","href":"https:\/\/api.w.org\/{rel}","templated":true}]}}