{"id":51626,"date":"2025-08-11T12:02:57","date_gmt":"2025-08-11T10:02:57","guid":{"rendered":"https:\/\/engel-kunst.com\/auktion-objekt\/grosser-zweihenkeltopf\/"},"modified":"2025-11-03T18:40:40","modified_gmt":"2025-11-03T17:40:40","slug":"grosser-zweihenkeltopf","status":"publish","type":"product","link":"https:\/\/engel-kunst.com\/en\/auktion-objekt\/grosser-zweihenkeltopf\/","title":{"rendered":"Gro\u00dfer Zweihenkeltopf"},"content":{"rendered":"<p>Gro\u00dfer Zweihenkeltopf<br \/>\nS\u00fcdeuropa\/Mittelmeerraum, 19. Jh.. Konischer Gef\u00e4\u00dfk\u00f6rper, zwei kleine, profilierte Bandhenkel, durch Rille abgesetzte Lippe, etwas vorspringende Standfl\u00e4che. Terrakotta, grau-schwarze, krustige Patina. H 69,8 cm, D oben 28 cm. Anm.: solche Gef\u00e4\u00dfe dienten zum Transport von Oliven.<\/p>\n","protected":false},"excerpt":{"rendered":"<p>Gro\u00dfer Zweihenkeltopf<br \/>\nS\u00fcdeuropa\/Mittelmeerraum, 19. Jh.. Konischer Gef\u00e4\u00dfk\u00f6rper, zwei kleine, profilierte Bandhenkel, durch Rille abgesetzte Lippe, etwas vorspringende Standfl\u00e4che. Terrakotta, grau-schwarze, krustige Patina. H 69,8 cm, D oben 28 cm. Anm.: solche Gef\u00e4\u00dfe dienten zum Transport von Oliven.<br \/>\n\u20ac 180<\/p>\n","protected":false},"featured_media":51627,"template":"","meta":{"_acf_changed":false,"_seopress_robots_primary_cat":"","_seopress_titles_title":"","_seopress_titles_desc":"","_seopress_robots_index":""},"product_brand":[],"product_cat":[22],"product_tag":[51],"class_list":{"0":"post-51626","1":"product","2":"type-product","3":"status-publish","4":"has-post-thumbnail","6":"auktion-versteigerung-150","7":"auktion-archiv","8":"product_cat-keramik","9":"product_tag-schriftlich","10":"sales-flash-overlay","11":"woocommerce-text-align-left","12":"woocommerce-image-align-center","14":"first","15":"outofstock","16":"sold-individually","17":"purchasable","18":"product-type-simple"},"acf":[],"_links":{"self":[{"href":"https:\/\/engel-kunst.com\/en\/wp-json\/wp\/v2\/product\/51626","targetHints":{"allow":["GET"]}}],"collection":[{"href":"https:\/\/engel-kunst.com\/en\/wp-json\/wp\/v2\/product"}],"about":[{"href":"https:\/\/engel-kunst.com\/en\/wp-json\/wp\/v2\/types\/product"}],"wp:featuredmedia":[{"embeddable":true,"href":"https:\/\/engel-kunst.com\/en\/wp-json\/wp\/v2\/media\/51627"}],"wp:attachment":[{"href":"https:\/\/engel-kunst.com\/en\/wp-json\/wp\/v2\/media?parent=51626"}],"wp:term":[{"taxonomy":"product_brand","embeddable":true,"href":"https:\/\/engel-kunst.com\/en\/wp-json\/wp\/v2\/product_brand?post=51626"},{"taxonomy":"product_cat","embeddable":true,"href":"https:\/\/engel-kunst.com\/en\/wp-json\/wp\/v2\/product_cat?post=51626"},{"taxonomy":"product_tag","embeddable":true,"href":"https:\/\/engel-kunst.com\/en\/wp-json\/wp\/v2\/product_tag?post=51626"}],"curies":[{"name":"wp","href":"https:\/\/api.w.org\/{rel}","templated":true}]}}