{"id":51668,"date":"2025-08-11T12:03:17","date_gmt":"2025-08-11T10:03:17","guid":{"rendered":"https:\/\/engel-kunst.com\/auktion-objekt\/deckelkanne-2\/"},"modified":"2025-11-03T18:40:48","modified_gmt":"2025-11-03T17:40:48","slug":"deckelkanne-2","status":"publish","type":"product","link":"https:\/\/engel-kunst.com\/en\/auktion-objekt\/deckelkanne-2\/","title":{"rendered":"Deckelkanne"},"content":{"rendered":"<p>Deckelkanne<br \/>\nKonischer Gef\u00e4\u00dfk\u00f6rper aus farbl. Kristallglas. Breite Halsmanschette mit Schnauze und flachem Scharnierdeckel mit kugeligem Daumendr\u00fccker sowie Henkel 800er Silber. Herstellermarke: H. Meyen &#038; Co., Berlin. Im Deckel Monogrammgravur, dat. 1875 &#8211; 10. Mai &#8211; 1900. Auf der Wandung geschnittener Blumendekor, im Boden Sternschliff. H mit Deckel 26 cm. Gebrauchsspuren, im Henkel mehrere kleine Dellen.<\/p>\n","protected":false},"excerpt":{"rendered":"<p>Deckelkanne<br \/>\nKonischer Gef\u00e4\u00dfk\u00f6rper aus farbl. Kristallglas. Breite Halsmanschette mit Schnauze und flachem Scharnierdeckel mit kugeligem Daumendr\u00fccker sowie Henkel 800er Silber. Herstellermarke: H. Meyen &#038; Co., Berlin. Im Deckel Monogrammgravur, dat. 1875 &#8211; 10. Mai &#8211; 1900. Auf der Wandung geschnittener Blumendekor, im Boden Sternschliff. H mit Deckel 26 cm. Gebrauchsspuren, im Henkel mehrere kleine Dellen.<br \/>\n\u20ac 15<\/p>\n","protected":false},"featured_media":51669,"template":"","meta":{"_acf_changed":false,"_seopress_robots_primary_cat":"","_seopress_titles_title":"","_seopress_titles_desc":"","_seopress_robots_index":""},"product_brand":[],"product_cat":[23],"product_tag":[51],"class_list":{"0":"post-51668","1":"product","2":"type-product","3":"status-publish","4":"has-post-thumbnail","6":"auktion-versteigerung-150","7":"auktion-archiv","8":"product_cat-glas","9":"product_tag-schriftlich","10":"sales-flash-overlay","11":"woocommerce-text-align-left","12":"woocommerce-image-align-center","14":"first","15":"outofstock","16":"sold-individually","17":"purchasable","18":"product-type-simple"},"acf":[],"_links":{"self":[{"href":"https:\/\/engel-kunst.com\/en\/wp-json\/wp\/v2\/product\/51668","targetHints":{"allow":["GET"]}}],"collection":[{"href":"https:\/\/engel-kunst.com\/en\/wp-json\/wp\/v2\/product"}],"about":[{"href":"https:\/\/engel-kunst.com\/en\/wp-json\/wp\/v2\/types\/product"}],"wp:featuredmedia":[{"embeddable":true,"href":"https:\/\/engel-kunst.com\/en\/wp-json\/wp\/v2\/media\/51669"}],"wp:attachment":[{"href":"https:\/\/engel-kunst.com\/en\/wp-json\/wp\/v2\/media?parent=51668"}],"wp:term":[{"taxonomy":"product_brand","embeddable":true,"href":"https:\/\/engel-kunst.com\/en\/wp-json\/wp\/v2\/product_brand?post=51668"},{"taxonomy":"product_cat","embeddable":true,"href":"https:\/\/engel-kunst.com\/en\/wp-json\/wp\/v2\/product_cat?post=51668"},{"taxonomy":"product_tag","embeddable":true,"href":"https:\/\/engel-kunst.com\/en\/wp-json\/wp\/v2\/product_tag?post=51668"}],"curies":[{"name":"wp","href":"https:\/\/api.w.org\/{rel}","templated":true}]}}