{"id":51696,"date":"2025-08-11T12:03:35","date_gmt":"2025-08-11T10:03:35","guid":{"rendered":"https:\/\/engel-kunst.com\/auktion-objekt\/konvolut-30-trinkglaeser\/"},"modified":"2025-11-03T18:40:54","modified_gmt":"2025-11-03T17:40:54","slug":"konvolut-30-trinkglaeser","status":"publish","type":"product","link":"https:\/\/engel-kunst.com\/en\/auktion-objekt\/konvolut-30-trinkglaeser\/","title":{"rendered":"Konvolut 30 Trinkgl\u00e4ser"},"content":{"rendered":"<p>Konvolut 30 Trinkgl\u00e4ser<br \/>\n11 Sektschalen, 8 Weingl\u00e4ser, 2 S\u00fc\u00dfweingl\u00e4ser, 1 Sektglas, 5 Henkelbecher, 3 Becher. Farbl. Kristallglas, olivgr\u00fcner \u00dcberfang. Feines Jugendstilmuster aus Blumenranken und geschwungenen Linien in Matt- und Kerbschnitt. Drei Gl\u00e4ser am Rand etwas best..<\/p>\n","protected":false},"excerpt":{"rendered":"<p>Konvolut 30 Trinkgl\u00e4ser<br \/>\n11 Sektschalen, 8 Weingl\u00e4ser, 2 S\u00fc\u00dfweingl\u00e4ser, 1 Sektglas, 5 Henkelbecher, 3 Becher. Farbl. Kristallglas, olivgr\u00fcner \u00dcberfang. Feines Jugendstilmuster aus Blumenranken und geschwungenen Linien in Matt- und Kerbschnitt. Drei Gl\u00e4ser am Rand etwas best..<br \/>\n\u20ac 150<\/p>\n","protected":false},"featured_media":51697,"template":"","meta":{"_acf_changed":false,"_seopress_robots_primary_cat":"","_seopress_titles_title":"","_seopress_titles_desc":"","_seopress_robots_index":""},"product_brand":[],"product_cat":[23],"product_tag":[51],"class_list":{"0":"post-51696","1":"product","2":"type-product","3":"status-publish","4":"has-post-thumbnail","6":"auktion-versteigerung-150","7":"auktion-archiv","8":"product_cat-glas","9":"product_tag-schriftlich","10":"sales-flash-overlay","11":"woocommerce-text-align-left","12":"woocommerce-image-align-center","14":"first","15":"outofstock","16":"sold-individually","17":"purchasable","18":"product-type-simple"},"acf":[],"_links":{"self":[{"href":"https:\/\/engel-kunst.com\/en\/wp-json\/wp\/v2\/product\/51696","targetHints":{"allow":["GET"]}}],"collection":[{"href":"https:\/\/engel-kunst.com\/en\/wp-json\/wp\/v2\/product"}],"about":[{"href":"https:\/\/engel-kunst.com\/en\/wp-json\/wp\/v2\/types\/product"}],"wp:featuredmedia":[{"embeddable":true,"href":"https:\/\/engel-kunst.com\/en\/wp-json\/wp\/v2\/media\/51697"}],"wp:attachment":[{"href":"https:\/\/engel-kunst.com\/en\/wp-json\/wp\/v2\/media?parent=51696"}],"wp:term":[{"taxonomy":"product_brand","embeddable":true,"href":"https:\/\/engel-kunst.com\/en\/wp-json\/wp\/v2\/product_brand?post=51696"},{"taxonomy":"product_cat","embeddable":true,"href":"https:\/\/engel-kunst.com\/en\/wp-json\/wp\/v2\/product_cat?post=51696"},{"taxonomy":"product_tag","embeddable":true,"href":"https:\/\/engel-kunst.com\/en\/wp-json\/wp\/v2\/product_tag?post=51696"}],"curies":[{"name":"wp","href":"https:\/\/api.w.org\/{rel}","templated":true}]}}