{"id":51718,"date":"2025-08-11T12:03:45","date_gmt":"2025-08-11T10:03:45","guid":{"rendered":"https:\/\/engel-kunst.com\/auktion-objekt\/grosse-vase\/"},"modified":"2025-11-03T18:40:57","modified_gmt":"2025-11-03T17:40:57","slug":"grosse-vase","status":"publish","type":"product","link":"https:\/\/engel-kunst.com\/en\/auktion-objekt\/grosse-vase\/","title":{"rendered":"Gro\u00dfe Vase"},"content":{"rendered":"<p>Gro\u00dfe Vase<br \/>\nZylindrischer Gef\u00e4\u00dfk\u00f6rper, am Boden unles. sign., dat.(?) 2001. Lila Glas mit Luftblasendekor. H 34,2 cm.<\/p>\n","protected":false},"excerpt":{"rendered":"<p>Gro\u00dfe Vase<br \/>\nZylindrischer Gef\u00e4\u00dfk\u00f6rper, am Boden unles. sign., dat.(?) 2001. Lila Glas mit Luftblasendekor. H 34,2 cm.<br \/>\n\u20ac 25<\/p>\n","protected":false},"featured_media":51719,"template":"","meta":{"_acf_changed":false,"_seopress_robots_primary_cat":"","_seopress_titles_title":"","_seopress_titles_desc":"","_seopress_robots_index":""},"product_brand":[],"product_cat":[23],"product_tag":[51],"class_list":{"0":"post-51718","1":"product","2":"type-product","3":"status-publish","4":"has-post-thumbnail","6":"auktion-versteigerung-150","7":"auktion-archiv","8":"product_cat-glas","9":"product_tag-schriftlich","10":"sales-flash-overlay","11":"woocommerce-text-align-left","12":"woocommerce-image-align-center","14":"first","15":"outofstock","16":"sold-individually","17":"purchasable","18":"product-type-simple"},"acf":[],"_links":{"self":[{"href":"https:\/\/engel-kunst.com\/en\/wp-json\/wp\/v2\/product\/51718","targetHints":{"allow":["GET"]}}],"collection":[{"href":"https:\/\/engel-kunst.com\/en\/wp-json\/wp\/v2\/product"}],"about":[{"href":"https:\/\/engel-kunst.com\/en\/wp-json\/wp\/v2\/types\/product"}],"wp:featuredmedia":[{"embeddable":true,"href":"https:\/\/engel-kunst.com\/en\/wp-json\/wp\/v2\/media\/51719"}],"wp:attachment":[{"href":"https:\/\/engel-kunst.com\/en\/wp-json\/wp\/v2\/media?parent=51718"}],"wp:term":[{"taxonomy":"product_brand","embeddable":true,"href":"https:\/\/engel-kunst.com\/en\/wp-json\/wp\/v2\/product_brand?post=51718"},{"taxonomy":"product_cat","embeddable":true,"href":"https:\/\/engel-kunst.com\/en\/wp-json\/wp\/v2\/product_cat?post=51718"},{"taxonomy":"product_tag","embeddable":true,"href":"https:\/\/engel-kunst.com\/en\/wp-json\/wp\/v2\/product_tag?post=51718"}],"curies":[{"name":"wp","href":"https:\/\/api.w.org\/{rel}","templated":true}]}}