{"id":51720,"date":"2025-08-11T12:03:45","date_gmt":"2025-08-11T10:03:45","guid":{"rendered":"https:\/\/engel-kunst.com\/auktion-objekt\/vase-xs-413\/"},"modified":"2025-11-03T18:40:57","modified_gmt":"2025-11-03T17:40:57","slug":"vase-xs-413","status":"publish","type":"product","link":"https:\/\/engel-kunst.com\/en\/auktion-objekt\/vase-xs-413\/","title":{"rendered":"Vase XS 413"},"content":{"rendered":"<p>Vase XS 413<br \/>\nGral-Glash\u00fctte. Entwurf: Karl Wiedmann. Am Boden neben dem Abriss sign. und bez.: 10\/5 K. Wiedmann XS 413. Bauchiger Gef\u00e4\u00dfk\u00f6rper, kurzer Hals, runde Lippe. Mundgeblasenes Kristallglas, olivgr\u00fcnlich, verschiedenfarbige Einschmelzungen und Luftblasen in unterschiedlichen Gr\u00f6\u00dfen. H 18 cm.<\/p>\n","protected":false},"excerpt":{"rendered":"<p>Vase XS 413<br \/>\nGral-Glash\u00fctte. Entwurf: Karl Wiedmann. Am Boden neben dem Abriss sign. und bez.: 10\/5 K. Wiedmann XS 413. Bauchiger Gef\u00e4\u00dfk\u00f6rper, kurzer Hals, runde Lippe. Mundgeblasenes Kristallglas, olivgr\u00fcnlich, verschiedenfarbige Einschmelzungen und Luftblasen in unterschiedlichen Gr\u00f6\u00dfen. H 18 cm.<br \/>\n\u20ac 240<\/p>\n","protected":false},"featured_media":51721,"template":"","meta":{"_acf_changed":false,"_seopress_robots_primary_cat":"","_seopress_titles_title":"","_seopress_titles_desc":"","_seopress_robots_index":""},"product_brand":[],"product_cat":[23],"product_tag":[51],"class_list":{"0":"post-51720","1":"product","2":"type-product","3":"status-publish","4":"has-post-thumbnail","6":"auktion-versteigerung-150","7":"auktion-archiv","8":"product_cat-glas","9":"product_tag-schriftlich","10":"sales-flash-overlay","11":"woocommerce-text-align-left","12":"woocommerce-image-align-center","14":"first","15":"outofstock","16":"sold-individually","17":"purchasable","18":"product-type-simple"},"acf":[],"_links":{"self":[{"href":"https:\/\/engel-kunst.com\/en\/wp-json\/wp\/v2\/product\/51720","targetHints":{"allow":["GET"]}}],"collection":[{"href":"https:\/\/engel-kunst.com\/en\/wp-json\/wp\/v2\/product"}],"about":[{"href":"https:\/\/engel-kunst.com\/en\/wp-json\/wp\/v2\/types\/product"}],"wp:featuredmedia":[{"embeddable":true,"href":"https:\/\/engel-kunst.com\/en\/wp-json\/wp\/v2\/media\/51721"}],"wp:attachment":[{"href":"https:\/\/engel-kunst.com\/en\/wp-json\/wp\/v2\/media?parent=51720"}],"wp:term":[{"taxonomy":"product_brand","embeddable":true,"href":"https:\/\/engel-kunst.com\/en\/wp-json\/wp\/v2\/product_brand?post=51720"},{"taxonomy":"product_cat","embeddable":true,"href":"https:\/\/engel-kunst.com\/en\/wp-json\/wp\/v2\/product_cat?post=51720"},{"taxonomy":"product_tag","embeddable":true,"href":"https:\/\/engel-kunst.com\/en\/wp-json\/wp\/v2\/product_tag?post=51720"}],"curies":[{"name":"wp","href":"https:\/\/api.w.org\/{rel}","templated":true}]}}