{"id":51730,"date":"2025-08-11T12:03:54","date_gmt":"2025-08-11T10:03:54","guid":{"rendered":"https:\/\/engel-kunst.com\/auktion-objekt\/kerzenleuchter-8\/"},"modified":"2025-11-03T18:41:00","modified_gmt":"2025-11-03T17:41:00","slug":"kerzenleuchter-8","status":"publish","type":"product","link":"https:\/\/engel-kunst.com\/en\/auktion-objekt\/kerzenleuchter-8\/","title":{"rendered":"Kerzenleuchter"},"content":{"rendered":"<p>Kerzenleuchter<br \/>\nMessing versilbert. Konischer, gegliederter S\u00e4ulenschaft auf rundem, gew\u00f6lbten Profilfu\u00df. Abnehmbares Oberteil mit zwei geschwungenen Armen in Form von Blumenranken, drei vasenf\u00f6rmige Traufschalen. Ohne Aufsatz verwendbarer Leuchter mit vasenf\u00f6rmigem Trauf. H 48 cm. Fu\u00dfrand stellenweise verbeult, Schaft am Fu\u00dfansatz etwas gebogen.<\/p>\n","protected":false},"excerpt":{"rendered":"<p>Kerzenleuchter<br \/>\nMessing versilbert. Konischer, gegliederter S\u00e4ulenschaft auf rundem, gew\u00f6lbten Profilfu\u00df. Abnehmbares Oberteil mit zwei geschwungenen Armen in Form von Blumenranken, drei vasenf\u00f6rmige Traufschalen. Ohne Aufsatz verwendbarer Leuchter mit vasenf\u00f6rmigem Trauf. H 48 cm. Fu\u00dfrand stellenweise verbeult, Schaft am Fu\u00dfansatz etwas gebogen.<br \/>\n\u20ac 10<\/p>\n","protected":false},"featured_media":51731,"template":"","meta":{"_acf_changed":false,"_seopress_robots_primary_cat":"","_seopress_titles_title":"","_seopress_titles_desc":"","_seopress_robots_index":""},"product_brand":[],"product_cat":[32],"product_tag":[51],"class_list":{"0":"post-51730","1":"product","2":"type-product","3":"status-publish","4":"has-post-thumbnail","6":"auktion-versteigerung-150","7":"auktion-archiv","8":"product_cat-silber-versilbertes-vergoldetes","9":"product_tag-schriftlich","10":"sales-flash-overlay","11":"woocommerce-text-align-left","12":"woocommerce-image-align-center","14":"first","15":"outofstock","16":"sold-individually","17":"purchasable","18":"product-type-simple"},"acf":[],"_links":{"self":[{"href":"https:\/\/engel-kunst.com\/en\/wp-json\/wp\/v2\/product\/51730","targetHints":{"allow":["GET"]}}],"collection":[{"href":"https:\/\/engel-kunst.com\/en\/wp-json\/wp\/v2\/product"}],"about":[{"href":"https:\/\/engel-kunst.com\/en\/wp-json\/wp\/v2\/types\/product"}],"wp:featuredmedia":[{"embeddable":true,"href":"https:\/\/engel-kunst.com\/en\/wp-json\/wp\/v2\/media\/51731"}],"wp:attachment":[{"href":"https:\/\/engel-kunst.com\/en\/wp-json\/wp\/v2\/media?parent=51730"}],"wp:term":[{"taxonomy":"product_brand","embeddable":true,"href":"https:\/\/engel-kunst.com\/en\/wp-json\/wp\/v2\/product_brand?post=51730"},{"taxonomy":"product_cat","embeddable":true,"href":"https:\/\/engel-kunst.com\/en\/wp-json\/wp\/v2\/product_cat?post=51730"},{"taxonomy":"product_tag","embeddable":true,"href":"https:\/\/engel-kunst.com\/en\/wp-json\/wp\/v2\/product_tag?post=51730"}],"curies":[{"name":"wp","href":"https:\/\/api.w.org\/{rel}","templated":true}]}}