{"id":51752,"date":"2025-08-11T12:04:04","date_gmt":"2025-08-11T10:04:04","guid":{"rendered":"https:\/\/engel-kunst.com\/auktion-objekt\/zuckerdose-2\/"},"modified":"2025-11-03T18:41:03","modified_gmt":"2025-11-03T17:41:03","slug":"zuckerdose-2","status":"publish","type":"product","link":"https:\/\/engel-kunst.com\/en\/auktion-objekt\/zuckerdose-2\/","title":{"rendered":"Zuckerdose"},"content":{"rendered":"<p>Zuckerdose<br \/>\n800er Silber, Herstellermarke: Gebr. Sauerland, Berlin. Konische Rechteckform, vier Relieff\u00fc\u00dfe, lei. gew\u00f6lbter Scharnierdeckel mit ringf\u00f6rmigem Reliefgriff. Im Deckel und auf der Vorderseite Gravuren in Form von Kartuschen und Blumenranken. Schloss, der Schl\u00fcssel fehlt. Gebrauchsspuren, mehrere Beulen und Dellen, Deckelscharnier besch., m\u00fcsste neu angel\u00f6tet werden. H 12 cm, L 13,8 cm, B 11 cm. 298 g.<\/p>\n","protected":false},"excerpt":{"rendered":"<p>Zuckerdose<br \/>\n800er Silber, Herstellermarke: Gebr. Sauerland, Berlin. Konische Rechteckform, vier Relieff\u00fc\u00dfe, lei. gew\u00f6lbter Scharnierdeckel mit ringf\u00f6rmigem Reliefgriff. Im Deckel und auf der Vorderseite Gravuren in Form von Kartuschen und Blumenranken. Schloss, der Schl\u00fcssel fehlt. Gebrauchsspuren, mehrere Beulen und Dellen, Deckelscharnier besch., m\u00fcsste neu angel\u00f6tet werden. H 12 cm, L 13,8 cm, B 11 cm. 298 g.<br \/>\n\u20ac 85<\/p>\n","protected":false},"featured_media":51753,"template":"","meta":{"_acf_changed":false,"_seopress_robots_primary_cat":"","_seopress_titles_title":"","_seopress_titles_desc":"","_seopress_robots_index":""},"product_brand":[],"product_cat":[32],"product_tag":[51],"class_list":{"0":"post-51752","1":"product","2":"type-product","3":"status-publish","4":"has-post-thumbnail","6":"auktion-versteigerung-150","7":"auktion-archiv","8":"product_cat-silber-versilbertes-vergoldetes","9":"product_tag-schriftlich","10":"sales-flash-overlay","11":"woocommerce-text-align-left","12":"woocommerce-image-align-center","14":"first","15":"outofstock","16":"sold-individually","17":"purchasable","18":"product-type-simple"},"acf":[],"_links":{"self":[{"href":"https:\/\/engel-kunst.com\/en\/wp-json\/wp\/v2\/product\/51752","targetHints":{"allow":["GET"]}}],"collection":[{"href":"https:\/\/engel-kunst.com\/en\/wp-json\/wp\/v2\/product"}],"about":[{"href":"https:\/\/engel-kunst.com\/en\/wp-json\/wp\/v2\/types\/product"}],"wp:featuredmedia":[{"embeddable":true,"href":"https:\/\/engel-kunst.com\/en\/wp-json\/wp\/v2\/media\/51753"}],"wp:attachment":[{"href":"https:\/\/engel-kunst.com\/en\/wp-json\/wp\/v2\/media?parent=51752"}],"wp:term":[{"taxonomy":"product_brand","embeddable":true,"href":"https:\/\/engel-kunst.com\/en\/wp-json\/wp\/v2\/product_brand?post=51752"},{"taxonomy":"product_cat","embeddable":true,"href":"https:\/\/engel-kunst.com\/en\/wp-json\/wp\/v2\/product_cat?post=51752"},{"taxonomy":"product_tag","embeddable":true,"href":"https:\/\/engel-kunst.com\/en\/wp-json\/wp\/v2\/product_tag?post=51752"}],"curies":[{"name":"wp","href":"https:\/\/api.w.org\/{rel}","templated":true}]}}