{"id":51758,"date":"2025-08-11T12:04:04","date_gmt":"2025-08-11T10:04:04","guid":{"rendered":"https:\/\/engel-kunst.com\/auktion-objekt\/leuchterpaar-4\/"},"modified":"2025-11-03T18:41:04","modified_gmt":"2025-11-03T17:41:04","slug":"leuchterpaar-4","status":"publish","type":"product","link":"https:\/\/engel-kunst.com\/en\/auktion-objekt\/leuchterpaar-4\/","title":{"rendered":"Leuchterpaar"},"content":{"rendered":"<p>Leuchterpaar<br \/>\nUSA. Sterlingsilber. Gegliederter Schaft auf gew\u00f6lbtem Profilfu\u00df, vasenf\u00f6rmiger Trauf. Fu\u00df und Schaft gef\u00fcllt. Ein Leuchter mit starken Gebrauchsspuren, Schaft am Fu\u00df losgel\u00f6st. H 16 cm.<\/p>\n","protected":false},"excerpt":{"rendered":"<p>Leuchterpaar<br \/>\nUSA. Sterlingsilber. Gegliederter Schaft auf gew\u00f6lbtem Profilfu\u00df, vasenf\u00f6rmiger Trauf. Fu\u00df und Schaft gef\u00fcllt. Ein Leuchter mit starken Gebrauchsspuren, Schaft am Fu\u00df losgel\u00f6st. H 16 cm.<br \/>\n\u20ac 10<\/p>\n","protected":false},"featured_media":51759,"template":"","meta":{"_acf_changed":false,"_seopress_robots_primary_cat":"","_seopress_titles_title":"","_seopress_titles_desc":"","_seopress_robots_index":""},"product_brand":[],"product_cat":[32],"product_tag":[51],"class_list":{"0":"post-51758","1":"product","2":"type-product","3":"status-publish","4":"has-post-thumbnail","6":"auktion-versteigerung-150","7":"auktion-archiv","8":"product_cat-silber-versilbertes-vergoldetes","9":"product_tag-schriftlich","10":"sales-flash-overlay","11":"woocommerce-text-align-left","12":"woocommerce-image-align-center","14":"first","15":"outofstock","16":"sold-individually","17":"purchasable","18":"product-type-simple"},"acf":[],"_links":{"self":[{"href":"https:\/\/engel-kunst.com\/en\/wp-json\/wp\/v2\/product\/51758","targetHints":{"allow":["GET"]}}],"collection":[{"href":"https:\/\/engel-kunst.com\/en\/wp-json\/wp\/v2\/product"}],"about":[{"href":"https:\/\/engel-kunst.com\/en\/wp-json\/wp\/v2\/types\/product"}],"wp:featuredmedia":[{"embeddable":true,"href":"https:\/\/engel-kunst.com\/en\/wp-json\/wp\/v2\/media\/51759"}],"wp:attachment":[{"href":"https:\/\/engel-kunst.com\/en\/wp-json\/wp\/v2\/media?parent=51758"}],"wp:term":[{"taxonomy":"product_brand","embeddable":true,"href":"https:\/\/engel-kunst.com\/en\/wp-json\/wp\/v2\/product_brand?post=51758"},{"taxonomy":"product_cat","embeddable":true,"href":"https:\/\/engel-kunst.com\/en\/wp-json\/wp\/v2\/product_cat?post=51758"},{"taxonomy":"product_tag","embeddable":true,"href":"https:\/\/engel-kunst.com\/en\/wp-json\/wp\/v2\/product_tag?post=51758"}],"curies":[{"name":"wp","href":"https:\/\/api.w.org\/{rel}","templated":true}]}}