{"id":51766,"date":"2025-08-11T12:04:04","date_gmt":"2025-08-11T10:04:04","guid":{"rendered":"https:\/\/engel-kunst.com\/auktion-objekt\/serviettenring-2\/"},"modified":"2025-11-03T18:41:05","modified_gmt":"2025-11-03T17:41:05","slug":"serviettenring-2","status":"publish","type":"product","link":"https:\/\/engel-kunst.com\/en\/auktion-objekt\/serviettenring-2\/","title":{"rendered":"Serviettenring"},"content":{"rendered":"<p>Serviettenring<br \/>\nAnfang 20. Jh.. 800er Silber. Herstellermarke: Jacob Grimminger, Schw\u00e4bisch Gm\u00fcnd. Sch\u00f6nes Reliefmuster aus Maigl\u00f6ckchen, Monogrammgravur &#8216;JM&#8217;. H 4 cm. Gebrauchsspuren. 19 g.<\/p>\n","protected":false},"excerpt":{"rendered":"<p>Serviettenring<br \/>\nAnfang 20. Jh.. 800er Silber. Herstellermarke: Jacob Grimminger, Schw\u00e4bisch Gm\u00fcnd. Sch\u00f6nes Reliefmuster aus Maigl\u00f6ckchen, Monogrammgravur &#8216;JM&#8217;. H 4 cm. Gebrauchsspuren. 19 g.<br \/>\n\u20ac 10<\/p>\n","protected":false},"featured_media":51767,"template":"","meta":{"_acf_changed":false,"_seopress_robots_primary_cat":"","_seopress_titles_title":"","_seopress_titles_desc":"","_seopress_robots_index":""},"product_brand":[],"product_cat":[32],"product_tag":[51],"class_list":{"0":"post-51766","1":"product","2":"type-product","3":"status-publish","4":"has-post-thumbnail","6":"auktion-versteigerung-150","7":"auktion-archiv","8":"product_cat-silber-versilbertes-vergoldetes","9":"product_tag-schriftlich","10":"sales-flash-overlay","11":"woocommerce-text-align-left","12":"woocommerce-image-align-center","14":"first","15":"outofstock","16":"sold-individually","17":"purchasable","18":"product-type-simple"},"acf":[],"_links":{"self":[{"href":"https:\/\/engel-kunst.com\/en\/wp-json\/wp\/v2\/product\/51766","targetHints":{"allow":["GET"]}}],"collection":[{"href":"https:\/\/engel-kunst.com\/en\/wp-json\/wp\/v2\/product"}],"about":[{"href":"https:\/\/engel-kunst.com\/en\/wp-json\/wp\/v2\/types\/product"}],"wp:featuredmedia":[{"embeddable":true,"href":"https:\/\/engel-kunst.com\/en\/wp-json\/wp\/v2\/media\/51767"}],"wp:attachment":[{"href":"https:\/\/engel-kunst.com\/en\/wp-json\/wp\/v2\/media?parent=51766"}],"wp:term":[{"taxonomy":"product_brand","embeddable":true,"href":"https:\/\/engel-kunst.com\/en\/wp-json\/wp\/v2\/product_brand?post=51766"},{"taxonomy":"product_cat","embeddable":true,"href":"https:\/\/engel-kunst.com\/en\/wp-json\/wp\/v2\/product_cat?post=51766"},{"taxonomy":"product_tag","embeddable":true,"href":"https:\/\/engel-kunst.com\/en\/wp-json\/wp\/v2\/product_tag?post=51766"}],"curies":[{"name":"wp","href":"https:\/\/api.w.org\/{rel}","templated":true}]}}