{"id":51792,"date":"2025-08-11T12:04:24","date_gmt":"2025-08-11T10:04:24","guid":{"rendered":"https:\/\/engel-kunst.com\/auktion-objekt\/kelch\/"},"modified":"2025-11-03T18:41:11","modified_gmt":"2025-11-03T17:41:11","slug":"kelch","status":"publish","type":"product","link":"https:\/\/engel-kunst.com\/en\/auktion-objekt\/kelch\/","title":{"rendered":"Kelch"},"content":{"rendered":"<p>Kelch<br \/>\n800er Silber, Herstellermarke: Hugo B\u00f6hm, Schw\u00e4bisch Gm\u00fcnd. Bauchige Kuppa, zylindrischer Schaft, gew\u00f6lbter Fu\u00df. H 14,5 cm. 159 g.<\/p>\n","protected":false},"excerpt":{"rendered":"<p>Kelch<br \/>\n800er Silber, Herstellermarke: Hugo B\u00f6hm, Schw\u00e4bisch Gm\u00fcnd. Bauchige Kuppa, zylindrischer Schaft, gew\u00f6lbter Fu\u00df. H 14,5 cm. 159 g.<br \/>\n\u20ac 110<\/p>\n","protected":false},"featured_media":51793,"template":"","meta":{"_acf_changed":false,"_seopress_robots_primary_cat":"none","_seopress_titles_title":"","_seopress_titles_desc":"","_seopress_robots_index":""},"product_brand":[],"product_cat":[32],"product_tag":[51],"class_list":{"0":"post-51792","1":"product","2":"type-product","3":"status-publish","4":"has-post-thumbnail","6":"auktion-versteigerung-150","7":"auktion-archiv","8":"product_cat-silber-versilbertes-vergoldetes","9":"product_tag-schriftlich","10":"sales-flash-overlay","11":"woocommerce-text-align-left","12":"woocommerce-image-align-center","14":"first","15":"outofstock","16":"sold-individually","17":"purchasable","18":"product-type-simple"},"acf":[],"_links":{"self":[{"href":"https:\/\/engel-kunst.com\/en\/wp-json\/wp\/v2\/product\/51792","targetHints":{"allow":["GET"]}}],"collection":[{"href":"https:\/\/engel-kunst.com\/en\/wp-json\/wp\/v2\/product"}],"about":[{"href":"https:\/\/engel-kunst.com\/en\/wp-json\/wp\/v2\/types\/product"}],"wp:featuredmedia":[{"embeddable":true,"href":"https:\/\/engel-kunst.com\/en\/wp-json\/wp\/v2\/media\/51793"}],"wp:attachment":[{"href":"https:\/\/engel-kunst.com\/en\/wp-json\/wp\/v2\/media?parent=51792"}],"wp:term":[{"taxonomy":"product_brand","embeddable":true,"href":"https:\/\/engel-kunst.com\/en\/wp-json\/wp\/v2\/product_brand?post=51792"},{"taxonomy":"product_cat","embeddable":true,"href":"https:\/\/engel-kunst.com\/en\/wp-json\/wp\/v2\/product_cat?post=51792"},{"taxonomy":"product_tag","embeddable":true,"href":"https:\/\/engel-kunst.com\/en\/wp-json\/wp\/v2\/product_tag?post=51792"}],"curies":[{"name":"wp","href":"https:\/\/api.w.org\/{rel}","templated":true}]}}