{"id":51798,"date":"2025-08-11T12:04:24","date_gmt":"2025-08-11T10:04:24","guid":{"rendered":"https:\/\/engel-kunst.com\/auktion-objekt\/gewuerzschaelchen-2\/"},"modified":"2025-11-03T18:41:12","modified_gmt":"2025-11-03T17:41:12","slug":"gewuerzschaelchen-2","status":"publish","type":"product","link":"https:\/\/engel-kunst.com\/en\/auktion-objekt\/gewuerzschaelchen-2\/","title":{"rendered":"Gew\u00fcrzsch\u00e4lchen"},"content":{"rendered":"<p>Gew\u00fcrzsch\u00e4lchen<br \/>\nEngland, London, Mappin &amp; Webb, 925er Silber, Jahresbuchstabe &#8216;q&#8217; f\u00fcr 1931. Runde, bauchige Form, ausschwingender Reliefrand, drei Relieff\u00fc\u00dfchen. H 4,8 cm. 85 g.<\/p>\n","protected":false},"excerpt":{"rendered":"<p>Gew\u00fcrzsch\u00e4lchen<br \/>\nEngland, London, Mappin &amp; Webb, 925er Silber, Jahresbuchstabe &#8216;q&#8217; f\u00fcr 1931. Runde, bauchige Form, ausschwingender Reliefrand, drei Relieff\u00fc\u00dfchen. H 4,8 cm. 85 g.<br \/>\n\u20ac 70<\/p>\n","protected":false},"featured_media":51799,"template":"","meta":{"_acf_changed":false,"_seopress_robots_primary_cat":"none","_seopress_titles_title":"","_seopress_titles_desc":"","_seopress_robots_index":""},"product_brand":[],"product_cat":[32],"product_tag":[51],"class_list":{"0":"post-51798","1":"product","2":"type-product","3":"status-publish","4":"has-post-thumbnail","6":"auktion-versteigerung-150","7":"auktion-archiv","8":"product_cat-silber-versilbertes-vergoldetes","9":"product_tag-schriftlich","10":"sales-flash-overlay","11":"woocommerce-text-align-left","12":"woocommerce-image-align-center","14":"first","15":"outofstock","16":"sold-individually","17":"purchasable","18":"product-type-simple"},"acf":[],"_links":{"self":[{"href":"https:\/\/engel-kunst.com\/en\/wp-json\/wp\/v2\/product\/51798","targetHints":{"allow":["GET"]}}],"collection":[{"href":"https:\/\/engel-kunst.com\/en\/wp-json\/wp\/v2\/product"}],"about":[{"href":"https:\/\/engel-kunst.com\/en\/wp-json\/wp\/v2\/types\/product"}],"wp:featuredmedia":[{"embeddable":true,"href":"https:\/\/engel-kunst.com\/en\/wp-json\/wp\/v2\/media\/51799"}],"wp:attachment":[{"href":"https:\/\/engel-kunst.com\/en\/wp-json\/wp\/v2\/media?parent=51798"}],"wp:term":[{"taxonomy":"product_brand","embeddable":true,"href":"https:\/\/engel-kunst.com\/en\/wp-json\/wp\/v2\/product_brand?post=51798"},{"taxonomy":"product_cat","embeddable":true,"href":"https:\/\/engel-kunst.com\/en\/wp-json\/wp\/v2\/product_cat?post=51798"},{"taxonomy":"product_tag","embeddable":true,"href":"https:\/\/engel-kunst.com\/en\/wp-json\/wp\/v2\/product_tag?post=51798"}],"curies":[{"name":"wp","href":"https:\/\/api.w.org\/{rel}","templated":true}]}}