{"id":51848,"date":"2025-08-11T12:04:43","date_gmt":"2025-08-11T10:04:43","guid":{"rendered":"https:\/\/engel-kunst.com\/auktion-objekt\/deckelkanne-3\/"},"modified":"2025-11-03T18:41:20","modified_gmt":"2025-11-03T17:41:20","slug":"deckelkanne-3","status":"publish","type":"product","link":"https:\/\/engel-kunst.com\/en\/auktion-objekt\/deckelkanne-3\/","title":{"rendered":"Deckelkanne"},"content":{"rendered":"<p>Deckelkanne<br \/>\nArt D\u00e9co, 1930er Jahre. Messing versilbert, Herstellermarke: Dupper &#038; Bernholt, Esslingen. Konischer Gef\u00e4\u00dfk\u00f6rper mit flachem Scharnierdeckel, martelliert, runder Profilfu\u00df, geschwungener, kantiger Holzhenkel. Auf dem Lippenrand zwei Scharniere f\u00fcr den flachen, den Ausguss abdeckenden Klappdeckel, auf dessen Unterseite ein Kugelgewicht an einer bogenf\u00f6rmigen Strebe, sodass sich der Deckel beim Ausgie\u00dfen von selbst \u00f6ffnet. H ca. 13,8 cm. Gebrauchsspuren.<\/p>\n","protected":false},"excerpt":{"rendered":"<p>Deckelkanne<br \/>\nArt D\u00e9co, 1930er Jahre. Messing versilbert, Herstellermarke: Dupper &#038; Bernholt, Esslingen. Konischer Gef\u00e4\u00dfk\u00f6rper mit flachem Scharnierdeckel, martelliert, runder Profilfu\u00df, geschwungener, kantiger Holzhenkel. Auf dem Lippenrand zwei Scharniere f\u00fcr den flachen, den Ausguss abdeckenden Klappdeckel, auf dessen Unterseite ein Kugelgewicht an einer bogenf\u00f6rmigen Strebe, sodass sich der Deckel beim Ausgie\u00dfen von selbst \u00f6ffnet. H ca. 13,8 cm. Gebrauchsspuren.<br \/>\n\u20ac 50<\/p>\n","protected":false},"featured_media":51849,"template":"","meta":{"_acf_changed":false,"_seopress_robots_primary_cat":"","_seopress_titles_title":"","_seopress_titles_desc":"","_seopress_robots_index":""},"product_brand":[],"product_cat":[32],"product_tag":[51],"class_list":{"0":"post-51848","1":"product","2":"type-product","3":"status-publish","4":"has-post-thumbnail","6":"auktion-versteigerung-150","7":"auktion-archiv","8":"product_cat-silber-versilbertes-vergoldetes","9":"product_tag-schriftlich","10":"sales-flash-overlay","11":"woocommerce-text-align-left","12":"woocommerce-image-align-center","14":"first","15":"outofstock","16":"sold-individually","17":"purchasable","18":"product-type-simple"},"acf":[],"_links":{"self":[{"href":"https:\/\/engel-kunst.com\/en\/wp-json\/wp\/v2\/product\/51848","targetHints":{"allow":["GET"]}}],"collection":[{"href":"https:\/\/engel-kunst.com\/en\/wp-json\/wp\/v2\/product"}],"about":[{"href":"https:\/\/engel-kunst.com\/en\/wp-json\/wp\/v2\/types\/product"}],"wp:featuredmedia":[{"embeddable":true,"href":"https:\/\/engel-kunst.com\/en\/wp-json\/wp\/v2\/media\/51849"}],"wp:attachment":[{"href":"https:\/\/engel-kunst.com\/en\/wp-json\/wp\/v2\/media?parent=51848"}],"wp:term":[{"taxonomy":"product_brand","embeddable":true,"href":"https:\/\/engel-kunst.com\/en\/wp-json\/wp\/v2\/product_brand?post=51848"},{"taxonomy":"product_cat","embeddable":true,"href":"https:\/\/engel-kunst.com\/en\/wp-json\/wp\/v2\/product_cat?post=51848"},{"taxonomy":"product_tag","embeddable":true,"href":"https:\/\/engel-kunst.com\/en\/wp-json\/wp\/v2\/product_tag?post=51848"}],"curies":[{"name":"wp","href":"https:\/\/api.w.org\/{rel}","templated":true}]}}