{"id":51901,"date":"2025-08-11T12:05:11","date_gmt":"2025-08-11T10:05:11","guid":{"rendered":"https:\/\/engel-kunst.com\/auktion-objekt\/gutmann-franz\/"},"modified":"2025-11-03T18:41:31","modified_gmt":"2025-11-03T17:41:31","slug":"gutmann-franz","status":"publish","type":"product","link":"https:\/\/engel-kunst.com\/en\/auktion-objekt\/gutmann-franz\/","title":{"rendered":"Gutmann, Franz"},"content":{"rendered":"<p>Gutmann, Franz<br \/>\n1928 Oberm\u00fcnstertal &#8211; 2024 Staufen im Breisgau; deut. Bildhauer. Studium an der Kunstakad. in Freiburg bei Wilhelm Gerstel und an der D\u00fcsseldorfer Akad., Meistersch\u00fcler bei Ewald Matar\u00e9. Baby. Um 1954\/55. Bronze, graue Patina, sign. FG. 7 x 4 x 4 cm. Anm.: Kunstsammlungen Chemnitz &#8211; Kunstsammlungen am Theaterplatz. Die Kunstsammlungen Chemnitz schreiben: Bei der Kleinbronze handelt es sich um die Verselbst\u00e4ndigung eines Details aus einem Relief Mutter mit Kindern, das der K\u00fcnstler in Stein und Bronze (Entwurf) arbeitete. Die Sandsteinfassung mit den Abmessungen von ca. 70 x 110 cm Fl\u00e4che befindet sich an der Nordwand der Kirche St. Anna in D\u00fcren, Rheinland. Das Baby ist das linke in der Reihe.<\/p>\n","protected":false},"excerpt":{"rendered":"<p>Gutmann, Franz<br \/>\n1928 Oberm\u00fcnstertal &#8211; 2024 Staufen im Breisgau; deut. Bildhauer. Studium an der Kunstakad. in Freiburg bei Wilhelm Gerstel und an der D\u00fcsseldorfer Akad., Meistersch\u00fcler bei Ewald Matar\u00e9. Baby. Um 1954\/55. Bronze, graue Patina, sign. FG. 7 x 4 x 4 cm. Anm.: Kunstsammlungen Chemnitz &#8211; Kunstsammlungen am Theaterplatz. Die Kunstsammlungen Chemnitz schreiben: Bei der Kleinbronze handelt es sich um die Verselbst\u00e4ndigung eines Details aus einem Relief Mutter mit Kindern, das der K\u00fcnstler in Stein und Bronze (Entwurf) arbeitete. Die Sandsteinfassung mit den Abmessungen von ca. 70 x 110 cm Fl\u00e4che befindet sich an der Nordwand der Kirche St. Anna in D\u00fcren, Rheinland. Das Baby ist das linke in der Reihe.<br \/>\n\u20ac 100<\/p>\n","protected":false},"featured_media":51902,"template":"","meta":{"_acf_changed":false,"_seopress_robots_primary_cat":"","_seopress_titles_title":"","_seopress_titles_desc":"","_seopress_robots_index":""},"product_brand":[],"product_cat":[33],"product_tag":[51],"class_list":{"0":"post-51901","1":"product","2":"type-product","3":"status-publish","4":"has-post-thumbnail","6":"auktion-versteigerung-150","7":"auktion-archiv","8":"product_cat-skulpturen-plastiken","9":"product_tag-schriftlich","10":"sales-flash-overlay","11":"woocommerce-text-align-left","12":"woocommerce-image-align-center","14":"first","15":"outofstock","16":"sold-individually","17":"purchasable","18":"product-type-simple"},"acf":[],"_links":{"self":[{"href":"https:\/\/engel-kunst.com\/en\/wp-json\/wp\/v2\/product\/51901","targetHints":{"allow":["GET"]}}],"collection":[{"href":"https:\/\/engel-kunst.com\/en\/wp-json\/wp\/v2\/product"}],"about":[{"href":"https:\/\/engel-kunst.com\/en\/wp-json\/wp\/v2\/types\/product"}],"wp:featuredmedia":[{"embeddable":true,"href":"https:\/\/engel-kunst.com\/en\/wp-json\/wp\/v2\/media\/51902"}],"wp:attachment":[{"href":"https:\/\/engel-kunst.com\/en\/wp-json\/wp\/v2\/media?parent=51901"}],"wp:term":[{"taxonomy":"product_brand","embeddable":true,"href":"https:\/\/engel-kunst.com\/en\/wp-json\/wp\/v2\/product_brand?post=51901"},{"taxonomy":"product_cat","embeddable":true,"href":"https:\/\/engel-kunst.com\/en\/wp-json\/wp\/v2\/product_cat?post=51901"},{"taxonomy":"product_tag","embeddable":true,"href":"https:\/\/engel-kunst.com\/en\/wp-json\/wp\/v2\/product_tag?post=51901"}],"curies":[{"name":"wp","href":"https:\/\/api.w.org\/{rel}","templated":true}]}}