{"id":51913,"date":"2025-08-11T12:05:11","date_gmt":"2025-08-11T10:05:11","guid":{"rendered":"https:\/\/engel-kunst.com\/auktion-objekt\/kuenstlerin-1-haelfte-20-jh\/"},"modified":"2025-11-03T18:41:32","modified_gmt":"2025-11-03T17:41:32","slug":"kuenstlerin-1-haelfte-20-jh","status":"publish","type":"product","link":"https:\/\/engel-kunst.com\/en\/auktion-objekt\/kuenstlerin-1-haelfte-20-jh\/","title":{"rendered":"K\u00fcnstler*in, 1. H\u00e4lfte 20. Jh."},"content":{"rendered":"<p>K\u00fcnstler*in, 1. H\u00e4lfte 20. Jh.<br \/>\nGrosspapa\u00b4s Enkel. Kupfergalvano, braune Patina. H 35 cm.<\/p>\n","protected":false},"excerpt":{"rendered":"<p>K\u00fcnstler*in, 1. H\u00e4lfte 20. Jh.<br \/>\nGrosspapa\u00b4s Enkel. Kupfergalvano, braune Patina. H 35 cm.<br \/>\n\u20ac 50<\/p>\n","protected":false},"featured_media":51914,"template":"","meta":{"_acf_changed":false,"_seopress_robots_primary_cat":"","_seopress_titles_title":"","_seopress_titles_desc":"","_seopress_robots_index":""},"product_brand":[],"product_cat":[33],"product_tag":[51],"class_list":{"0":"post-51913","1":"product","2":"type-product","3":"status-publish","4":"has-post-thumbnail","6":"auktion-versteigerung-150","7":"auktion-archiv","8":"product_cat-skulpturen-plastiken","9":"product_tag-schriftlich","10":"sales-flash-overlay","11":"woocommerce-text-align-left","12":"woocommerce-image-align-center","14":"first","15":"outofstock","16":"sold-individually","17":"purchasable","18":"product-type-simple"},"acf":[],"_links":{"self":[{"href":"https:\/\/engel-kunst.com\/en\/wp-json\/wp\/v2\/product\/51913","targetHints":{"allow":["GET"]}}],"collection":[{"href":"https:\/\/engel-kunst.com\/en\/wp-json\/wp\/v2\/product"}],"about":[{"href":"https:\/\/engel-kunst.com\/en\/wp-json\/wp\/v2\/types\/product"}],"wp:featuredmedia":[{"embeddable":true,"href":"https:\/\/engel-kunst.com\/en\/wp-json\/wp\/v2\/media\/51914"}],"wp:attachment":[{"href":"https:\/\/engel-kunst.com\/en\/wp-json\/wp\/v2\/media?parent=51913"}],"wp:term":[{"taxonomy":"product_brand","embeddable":true,"href":"https:\/\/engel-kunst.com\/en\/wp-json\/wp\/v2\/product_brand?post=51913"},{"taxonomy":"product_cat","embeddable":true,"href":"https:\/\/engel-kunst.com\/en\/wp-json\/wp\/v2\/product_cat?post=51913"},{"taxonomy":"product_tag","embeddable":true,"href":"https:\/\/engel-kunst.com\/en\/wp-json\/wp\/v2\/product_tag?post=51913"}],"curies":[{"name":"wp","href":"https:\/\/api.w.org\/{rel}","templated":true}]}}