{"id":51930,"date":"2025-08-11T12:05:21","date_gmt":"2025-08-11T10:05:21","guid":{"rendered":"https:\/\/engel-kunst.com\/auktion-objekt\/peres-lethmate-edith\/"},"modified":"2025-11-03T18:41:35","modified_gmt":"2025-11-03T17:41:35","slug":"peres-lethmate-edith","status":"publish","type":"product","link":"https:\/\/engel-kunst.com\/en\/auktion-objekt\/peres-lethmate-edith\/","title":{"rendered":"Peres-Lethmate, Edith"},"content":{"rendered":"<p>Peres-Lethmate, Edith<br \/>\n1927 Koblenz 2017; deut. Bildhauerin. 1945-49 Sch\u00fclerin von Prof. J. Dettmar, Frau v. Rath und J. Linden. 1951-79 zahlreiche Kunstreisen rund ums Mittelmeer, nach Pal\u00e4stina und Sinai, Indien, Nepal, Mexiko, Guatemala, Taiwan und Japan. Werke in den Kirchen in Cochem, Koblenz, Bad Godesberg, Braunschweig, Niederstetten und Brodenbach; Marienbildnisse in Odenthal, Koblenz-Pfaffendorf und der Jesuitenkirche in Koblenz. Brunnenplastiken in Bronze in Koblenz: Die kleinen Tauzieher und Entenbrunnen. Mitglied im Landesverband bildender K\u00fcnstler Rheinland-Pfalz, der Arbeitsgemeinschaft bildender K\u00fcnstler am Mittelrhein und der K\u00fcnstler Union K\u00f6ln. Tor zur Ewigkeit. 1985. Bronze, graue Patina. Auf der Plinthe sign. EPL (ligiert). H 46,5 cm.<\/p>\n","protected":false},"excerpt":{"rendered":"<p>Peres-Lethmate, Edith<br \/>\n1927 Koblenz 2017; deut. Bildhauerin. 1945-49 Sch\u00fclerin von Prof. J. Dettmar, Frau v. Rath und J. Linden. 1951-79 zahlreiche Kunstreisen rund ums Mittelmeer, nach Pal\u00e4stina und Sinai, Indien, Nepal, Mexiko, Guatemala, Taiwan und Japan. Werke in den Kirchen in Cochem, Koblenz, Bad Godesberg, Braunschweig, Niederstetten und Brodenbach; Marienbildnisse in Odenthal, Koblenz-Pfaffendorf und der Jesuitenkirche in Koblenz. Brunnenplastiken in Bronze in Koblenz: Die kleinen Tauzieher und Entenbrunnen. Mitglied im Landesverband bildender K\u00fcnstler Rheinland-Pfalz, der Arbeitsgemeinschaft bildender K\u00fcnstler am Mittelrhein und der K\u00fcnstler Union K\u00f6ln. Tor zur Ewigkeit. 1985. Bronze, graue Patina. Auf der Plinthe sign. EPL (ligiert). H 46,5 cm.<br \/>\n\u20ac 450<\/p>\n","protected":false},"featured_media":51931,"template":"","meta":{"_acf_changed":false,"_seopress_robots_primary_cat":"","_seopress_titles_title":"","_seopress_titles_desc":"","_seopress_robots_index":""},"product_brand":[],"product_cat":[33],"product_tag":[52],"class_list":{"0":"post-51930","1":"product","2":"type-product","3":"status-publish","4":"has-post-thumbnail","6":"auktion-versteigerung-150","7":"auktion-archiv","8":"product_cat-skulpturen-plastiken","9":"product_tag-telefon","10":"sales-flash-overlay","11":"woocommerce-text-align-left","12":"woocommerce-image-align-center","14":"first","15":"outofstock","16":"featured","17":"sold-individually","18":"purchasable","19":"product-type-simple"},"acf":[],"_links":{"self":[{"href":"https:\/\/engel-kunst.com\/en\/wp-json\/wp\/v2\/product\/51930","targetHints":{"allow":["GET"]}}],"collection":[{"href":"https:\/\/engel-kunst.com\/en\/wp-json\/wp\/v2\/product"}],"about":[{"href":"https:\/\/engel-kunst.com\/en\/wp-json\/wp\/v2\/types\/product"}],"wp:featuredmedia":[{"embeddable":true,"href":"https:\/\/engel-kunst.com\/en\/wp-json\/wp\/v2\/media\/51931"}],"wp:attachment":[{"href":"https:\/\/engel-kunst.com\/en\/wp-json\/wp\/v2\/media?parent=51930"}],"wp:term":[{"taxonomy":"product_brand","embeddable":true,"href":"https:\/\/engel-kunst.com\/en\/wp-json\/wp\/v2\/product_brand?post=51930"},{"taxonomy":"product_cat","embeddable":true,"href":"https:\/\/engel-kunst.com\/en\/wp-json\/wp\/v2\/product_cat?post=51930"},{"taxonomy":"product_tag","embeddable":true,"href":"https:\/\/engel-kunst.com\/en\/wp-json\/wp\/v2\/product_tag?post=51930"}],"curies":[{"name":"wp","href":"https:\/\/api.w.org\/{rel}","templated":true}]}}