{"id":51936,"date":"2025-08-11T12:05:21","date_gmt":"2025-08-11T10:05:21","guid":{"rendered":"https:\/\/engel-kunst.com\/auktion-objekt\/posch-leonhard-2\/"},"modified":"2025-11-03T18:41:35","modified_gmt":"2025-11-03T17:41:35","slug":"posch-leonhard-2","status":"publish","type":"product","link":"https:\/\/engel-kunst.com\/en\/auktion-objekt\/posch-leonhard-2\/","title":{"rendered":"Posch, Leonhard"},"content":{"rendered":"<p>Posch, Leonhard<br \/>\nLuise, K\u00f6nigin von Preu\u00dfen. Rundes Gipspositiv. Brustbild im Profil nach links gewendet, mit Perlenschn\u00fcren durchflochtenen Haaren und mit Diadem, unten Hermelindraperie. Unter der Brust eine zweireihige, die Draperie haltende Kette. Am unteren Rand bez.: POSCH F. AD VIV. D 12 cm. 1. H\u00e4lfte 19. Jh.. <\/p>\n","protected":false},"excerpt":{"rendered":"<p>Posch, Leonhard<br \/>\nLuise, K\u00f6nigin von Preu\u00dfen. Rundes Gipspositiv. Brustbild im Profil nach links gewendet, mit Perlenschn\u00fcren durchflochtenen Haaren und mit Diadem, unten Hermelindraperie. Unter der Brust eine zweireihige, die Draperie haltende Kette. Am unteren Rand bez.: POSCH F. AD VIV. D 12 cm. 1. H\u00e4lfte 19. Jh..<br \/>\n\u20ac 70<\/p>\n","protected":false},"featured_media":51937,"template":"","meta":{"_acf_changed":false,"_seopress_robots_primary_cat":"","_seopress_titles_title":"","_seopress_titles_desc":"","_seopress_robots_index":""},"product_brand":[],"product_cat":[33],"product_tag":[51],"class_list":{"0":"post-51936","1":"product","2":"type-product","3":"status-publish","4":"has-post-thumbnail","6":"auktion-versteigerung-150","7":"auktion-archiv","8":"product_cat-skulpturen-plastiken","9":"product_tag-schriftlich","10":"sales-flash-overlay","11":"woocommerce-text-align-left","12":"woocommerce-image-align-center","14":"first","15":"outofstock","16":"sold-individually","17":"purchasable","18":"product-type-simple"},"acf":[],"_links":{"self":[{"href":"https:\/\/engel-kunst.com\/en\/wp-json\/wp\/v2\/product\/51936","targetHints":{"allow":["GET"]}}],"collection":[{"href":"https:\/\/engel-kunst.com\/en\/wp-json\/wp\/v2\/product"}],"about":[{"href":"https:\/\/engel-kunst.com\/en\/wp-json\/wp\/v2\/types\/product"}],"wp:featuredmedia":[{"embeddable":true,"href":"https:\/\/engel-kunst.com\/en\/wp-json\/wp\/v2\/media\/51937"}],"wp:attachment":[{"href":"https:\/\/engel-kunst.com\/en\/wp-json\/wp\/v2\/media?parent=51936"}],"wp:term":[{"taxonomy":"product_brand","embeddable":true,"href":"https:\/\/engel-kunst.com\/en\/wp-json\/wp\/v2\/product_brand?post=51936"},{"taxonomy":"product_cat","embeddable":true,"href":"https:\/\/engel-kunst.com\/en\/wp-json\/wp\/v2\/product_cat?post=51936"},{"taxonomy":"product_tag","embeddable":true,"href":"https:\/\/engel-kunst.com\/en\/wp-json\/wp\/v2\/product_tag?post=51936"}],"curies":[{"name":"wp","href":"https:\/\/api.w.org\/{rel}","templated":true}]}}