{"id":51947,"date":"2025-08-11T12:05:32","date_gmt":"2025-08-11T10:05:32","guid":{"rendered":"https:\/\/engel-kunst.com\/auktion-objekt\/barlach-ernst-2\/"},"modified":"2025-11-03T18:41:38","modified_gmt":"2025-11-03T17:41:38","slug":"barlach-ernst-2","status":"publish","type":"product","link":"https:\/\/engel-kunst.com\/en\/auktion-objekt\/barlach-ernst-2\/","title":{"rendered":"Barlach, Ernst"},"content":{"rendered":"<p>Barlach, Ernst<br \/>\n1870 Wedel\/Holstein &#8211; 1938 Rostock; deut. Grafiker und Bildhauer. Sch\u00fcler der Gewerbeschule in Hamburg. Studium der Bildhauerei an der Dresdener Akad.. Russisches Liebespaar. Ausf\u00fchrung: Schwarzburger Werkst\u00e4tten f\u00fcr Porzellankunst, Pressmarke mit schn\u00fcrendem Fuchs, Modellnr. U 9, darunter Pressmonogramm AB. Auf dem Sockel bez.: E Barlach. Wei\u00dfe, gl\u00e4nzende Glasur. H 20 cm, L 37,5 cm, B 29,5 cm.<\/p>\n","protected":false},"excerpt":{"rendered":"<p>Barlach, Ernst<br \/>\n1870 Wedel\/Holstein &#8211; 1938 Rostock; deut. Grafiker und Bildhauer. Sch\u00fcler der Gewerbeschule in Hamburg. Studium der Bildhauerei an der Dresdener Akad.. Russisches Liebespaar. Ausf\u00fchrung: Schwarzburger Werkst\u00e4tten f\u00fcr Porzellankunst, Pressmarke mit schn\u00fcrendem Fuchs, Modellnr. U 9, darunter Pressmonogramm AB. Auf dem Sockel bez.: E Barlach. Wei\u00dfe, gl\u00e4nzende Glasur. H 20 cm, L 37,5 cm, B 29,5 cm.<br \/>\n\u20ac 280<\/p>\n","protected":false},"featured_media":51948,"template":"","meta":{"_acf_changed":false,"_seopress_robots_primary_cat":"","_seopress_titles_title":"","_seopress_titles_desc":"","_seopress_robots_index":""},"product_brand":[],"product_cat":[34],"product_tag":[52],"class_list":{"0":"post-51947","1":"product","2":"type-product","3":"status-publish","4":"has-post-thumbnail","6":"auktion-versteigerung-150","7":"auktion-archiv","8":"product_cat-porzellan","9":"product_tag-telefon","10":"sales-flash-overlay","11":"woocommerce-text-align-left","12":"woocommerce-image-align-center","14":"first","15":"outofstock","16":"sold-individually","17":"purchasable","18":"product-type-simple"},"acf":[],"_links":{"self":[{"href":"https:\/\/engel-kunst.com\/en\/wp-json\/wp\/v2\/product\/51947","targetHints":{"allow":["GET"]}}],"collection":[{"href":"https:\/\/engel-kunst.com\/en\/wp-json\/wp\/v2\/product"}],"about":[{"href":"https:\/\/engel-kunst.com\/en\/wp-json\/wp\/v2\/types\/product"}],"wp:featuredmedia":[{"embeddable":true,"href":"https:\/\/engel-kunst.com\/en\/wp-json\/wp\/v2\/media\/51948"}],"wp:attachment":[{"href":"https:\/\/engel-kunst.com\/en\/wp-json\/wp\/v2\/media?parent=51947"}],"wp:term":[{"taxonomy":"product_brand","embeddable":true,"href":"https:\/\/engel-kunst.com\/en\/wp-json\/wp\/v2\/product_brand?post=51947"},{"taxonomy":"product_cat","embeddable":true,"href":"https:\/\/engel-kunst.com\/en\/wp-json\/wp\/v2\/product_cat?post=51947"},{"taxonomy":"product_tag","embeddable":true,"href":"https:\/\/engel-kunst.com\/en\/wp-json\/wp\/v2\/product_tag?post=51947"}],"curies":[{"name":"wp","href":"https:\/\/api.w.org\/{rel}","templated":true}]}}