{"id":51949,"date":"2025-08-11T12:05:32","date_gmt":"2025-08-11T10:05:32","guid":{"rendered":"https:\/\/engel-kunst.com\/auktion-objekt\/aufsatzschale-5\/"},"modified":"2025-11-03T18:41:38","modified_gmt":"2025-11-03T17:41:38","slug":"aufsatzschale-5","status":"publish","type":"product","link":"https:\/\/engel-kunst.com\/en\/auktion-objekt\/aufsatzschale-5\/","title":{"rendered":"Aufsatzschale"},"content":{"rendered":"<p>Aufsatzschale<br \/>\nMeissen, blaue Schwertermarke, wohl Ende 19. Jh.. Sechskantige, konische Schale mit  geschwungenem Rand, aufgeschraubter sechskantiger Relieffu\u00df. Wei\u00dfe, gl\u00e4nzende Glasur. Feines Reliefmuster aus Blumenfestons, Blattwerk und Gittermuster, teils blau und grau konturiert. H 10,7 cm, D 26 cm. Gebrauchsspuren, Fu\u00df oben besch., Lippenrand lei. best..<\/p>\n","protected":false},"excerpt":{"rendered":"<p>Aufsatzschale<br \/>\nMeissen, blaue Schwertermarke, wohl Ende 19. Jh.. Sechskantige, konische Schale mit  geschwungenem Rand, aufgeschraubter sechskantiger Relieffu\u00df. Wei\u00dfe, gl\u00e4nzende Glasur. Feines Reliefmuster aus Blumenfestons, Blattwerk und Gittermuster, teils blau und grau konturiert. H 10,7 cm, D 26 cm. Gebrauchsspuren, Fu\u00df oben besch., Lippenrand lei. best..<br \/>\n\u20ac 10<\/p>\n","protected":false},"featured_media":51950,"template":"","meta":{"_acf_changed":false,"_seopress_robots_primary_cat":"","_seopress_titles_title":"","_seopress_titles_desc":"","_seopress_robots_index":""},"product_brand":[],"product_cat":[34],"product_tag":[51],"class_list":{"0":"post-51949","1":"product","2":"type-product","3":"status-publish","4":"has-post-thumbnail","6":"auktion-versteigerung-150","7":"auktion-archiv","8":"product_cat-porzellan","9":"product_tag-schriftlich","10":"sales-flash-overlay","11":"woocommerce-text-align-left","12":"woocommerce-image-align-center","14":"first","15":"outofstock","16":"sold-individually","17":"purchasable","18":"product-type-simple"},"acf":[],"_links":{"self":[{"href":"https:\/\/engel-kunst.com\/en\/wp-json\/wp\/v2\/product\/51949","targetHints":{"allow":["GET"]}}],"collection":[{"href":"https:\/\/engel-kunst.com\/en\/wp-json\/wp\/v2\/product"}],"about":[{"href":"https:\/\/engel-kunst.com\/en\/wp-json\/wp\/v2\/types\/product"}],"wp:featuredmedia":[{"embeddable":true,"href":"https:\/\/engel-kunst.com\/en\/wp-json\/wp\/v2\/media\/51950"}],"wp:attachment":[{"href":"https:\/\/engel-kunst.com\/en\/wp-json\/wp\/v2\/media?parent=51949"}],"wp:term":[{"taxonomy":"product_brand","embeddable":true,"href":"https:\/\/engel-kunst.com\/en\/wp-json\/wp\/v2\/product_brand?post=51949"},{"taxonomy":"product_cat","embeddable":true,"href":"https:\/\/engel-kunst.com\/en\/wp-json\/wp\/v2\/product_cat?post=51949"},{"taxonomy":"product_tag","embeddable":true,"href":"https:\/\/engel-kunst.com\/en\/wp-json\/wp\/v2\/product_tag?post=51949"}],"curies":[{"name":"wp","href":"https:\/\/api.w.org\/{rel}","templated":true}]}}