{"id":51961,"date":"2025-08-11T12:05:42","date_gmt":"2025-08-11T10:05:42","guid":{"rendered":"https:\/\/engel-kunst.com\/auktion-objekt\/schale-24\/"},"modified":"2025-11-03T18:41:40","modified_gmt":"2025-11-03T17:41:40","slug":"schale-24","status":"publish","type":"product","link":"https:\/\/engel-kunst.com\/en\/auktion-objekt\/schale-24\/","title":{"rendered":"Schale"},"content":{"rendered":"<p>Schale<br \/>\nBlankenhain, Weimar-Porzellan, Manufakturstempel. Runde, konische Form, geschwungene Fahne mit Zierdurchbr\u00fcchen, vier Relieff\u00fc\u00dfchen. Buntes Blumenmuster nach Meissener Vorbild, Golddekor. H 9,8 cm, D 32,2 cm.<\/p>\n","protected":false},"excerpt":{"rendered":"<p>Schale<br \/>\nBlankenhain, Weimar-Porzellan, Manufakturstempel. Runde, konische Form, geschwungene Fahne mit Zierdurchbr\u00fcchen, vier Relieff\u00fc\u00dfchen. Buntes Blumenmuster nach Meissener Vorbild, Golddekor. H 9,8 cm, D 32,2 cm.<br \/>\n\u20ac 15<\/p>\n","protected":false},"featured_media":51962,"template":"","meta":{"_acf_changed":false,"_seopress_robots_primary_cat":"","_seopress_titles_title":"","_seopress_titles_desc":"","_seopress_robots_index":""},"product_brand":[],"product_cat":[34],"product_tag":[51],"class_list":{"0":"post-51961","1":"product","2":"type-product","3":"status-publish","4":"has-post-thumbnail","6":"auktion-versteigerung-150","7":"auktion-archiv","8":"product_cat-porzellan","9":"product_tag-schriftlich","10":"sales-flash-overlay","11":"woocommerce-text-align-left","12":"woocommerce-image-align-center","14":"first","15":"outofstock","16":"sold-individually","17":"purchasable","18":"product-type-simple"},"acf":[],"_links":{"self":[{"href":"https:\/\/engel-kunst.com\/en\/wp-json\/wp\/v2\/product\/51961","targetHints":{"allow":["GET"]}}],"collection":[{"href":"https:\/\/engel-kunst.com\/en\/wp-json\/wp\/v2\/product"}],"about":[{"href":"https:\/\/engel-kunst.com\/en\/wp-json\/wp\/v2\/types\/product"}],"wp:featuredmedia":[{"embeddable":true,"href":"https:\/\/engel-kunst.com\/en\/wp-json\/wp\/v2\/media\/51962"}],"wp:attachment":[{"href":"https:\/\/engel-kunst.com\/en\/wp-json\/wp\/v2\/media?parent=51961"}],"wp:term":[{"taxonomy":"product_brand","embeddable":true,"href":"https:\/\/engel-kunst.com\/en\/wp-json\/wp\/v2\/product_brand?post=51961"},{"taxonomy":"product_cat","embeddable":true,"href":"https:\/\/engel-kunst.com\/en\/wp-json\/wp\/v2\/product_cat?post=51961"},{"taxonomy":"product_tag","embeddable":true,"href":"https:\/\/engel-kunst.com\/en\/wp-json\/wp\/v2\/product_tag?post=51961"}],"curies":[{"name":"wp","href":"https:\/\/api.w.org\/{rel}","templated":true}]}}