{"id":51963,"date":"2025-08-11T12:05:42","date_gmt":"2025-08-11T10:05:42","guid":{"rendered":"https:\/\/engel-kunst.com\/auktion-objekt\/prunkvolle-deckelvase-2\/"},"modified":"2025-11-03T18:41:41","modified_gmt":"2025-11-03T17:41:41","slug":"prunkvolle-deckelvase-2","status":"publish","type":"product","link":"https:\/\/engel-kunst.com\/en\/auktion-objekt\/prunkvolle-deckelvase-2\/","title":{"rendered":"Prunkvolle Deckelvase"},"content":{"rendered":"<p>Prunkvolle Deckelvase<br \/>\nRudolstadt-Volkstedt, Aelteste Volkstedter Porzellanfabrik, Manufakturstempel, Anfang 20. Jh.. Bauchiger Gef\u00e4\u00dfk\u00f6rper auf profiliertem Fu\u00df und quadratischer Sockelplatte. Gew\u00f6lbter Deckel mit konischem Reliefknauf. Am Hals zwei gegenst\u00e4ndige geschweifte Handhaben mit L\u00f6wenkopf mit Ring im Maul. Wei\u00dfe, gl\u00e4nzende Glasur, reiche Goldstaffage. Auf der Wandung oben und unten Friese aus Akanthusbl\u00e4ttern, auf dem Deckel verschiedenes Blattwerk. Im Deckelinnenrand eine \u00e4ltere gerissene und geklebte Stelle. Auf einer Handhabe und dem Deckel Glasurfehlstelle, Vergoldung partiell altersbedingt etwas berieben. H 43 cm.<\/p>\n","protected":false},"excerpt":{"rendered":"<p>Prunkvolle Deckelvase<br \/>\nRudolstadt-Volkstedt, Aelteste Volkstedter Porzellanfabrik, Manufakturstempel, Anfang 20. Jh.. Bauchiger Gef\u00e4\u00dfk\u00f6rper auf profiliertem Fu\u00df und quadratischer Sockelplatte. Gew\u00f6lbter Deckel mit konischem Reliefknauf. Am Hals zwei gegenst\u00e4ndige geschweifte Handhaben mit L\u00f6wenkopf mit Ring im Maul. Wei\u00dfe, gl\u00e4nzende Glasur, reiche Goldstaffage. Auf der Wandung oben und unten Friese aus Akanthusbl\u00e4ttern, auf dem Deckel verschiedenes Blattwerk. Im Deckelinnenrand eine \u00e4ltere gerissene und geklebte Stelle. Auf einer Handhabe und dem Deckel Glasurfehlstelle, Vergoldung partiell altersbedingt etwas berieben. H 43 cm.<br \/>\n\u20ac 100<\/p>\n","protected":false},"featured_media":51964,"template":"","meta":{"_acf_changed":false,"_seopress_robots_primary_cat":"","_seopress_titles_title":"","_seopress_titles_desc":"","_seopress_robots_index":""},"product_brand":[],"product_cat":[34],"product_tag":[51],"class_list":{"0":"post-51963","1":"product","2":"type-product","3":"status-publish","4":"has-post-thumbnail","6":"auktion-versteigerung-150","7":"auktion-archiv","8":"product_cat-porzellan","9":"product_tag-schriftlich","10":"sales-flash-overlay","11":"woocommerce-text-align-left","12":"woocommerce-image-align-center","14":"first","15":"outofstock","16":"sold-individually","17":"purchasable","18":"product-type-simple"},"acf":[],"_links":{"self":[{"href":"https:\/\/engel-kunst.com\/en\/wp-json\/wp\/v2\/product\/51963","targetHints":{"allow":["GET"]}}],"collection":[{"href":"https:\/\/engel-kunst.com\/en\/wp-json\/wp\/v2\/product"}],"about":[{"href":"https:\/\/engel-kunst.com\/en\/wp-json\/wp\/v2\/types\/product"}],"wp:featuredmedia":[{"embeddable":true,"href":"https:\/\/engel-kunst.com\/en\/wp-json\/wp\/v2\/media\/51964"}],"wp:attachment":[{"href":"https:\/\/engel-kunst.com\/en\/wp-json\/wp\/v2\/media?parent=51963"}],"wp:term":[{"taxonomy":"product_brand","embeddable":true,"href":"https:\/\/engel-kunst.com\/en\/wp-json\/wp\/v2\/product_brand?post=51963"},{"taxonomy":"product_cat","embeddable":true,"href":"https:\/\/engel-kunst.com\/en\/wp-json\/wp\/v2\/product_cat?post=51963"},{"taxonomy":"product_tag","embeddable":true,"href":"https:\/\/engel-kunst.com\/en\/wp-json\/wp\/v2\/product_tag?post=51963"}],"curies":[{"name":"wp","href":"https:\/\/api.w.org\/{rel}","templated":true}]}}