{"id":51996,"date":"2025-08-11T12:05:51","date_gmt":"2025-08-11T10:05:51","guid":{"rendered":"https:\/\/engel-kunst.com\/auktion-objekt\/moccaservice-2\/"},"modified":"2025-11-03T18:41:47","modified_gmt":"2025-11-03T17:41:47","slug":"moccaservice-2","status":"publish","type":"product","link":"https:\/\/engel-kunst.com\/en\/auktion-objekt\/moccaservice-2\/","title":{"rendered":"Moccaservice"},"content":{"rendered":"<p>Moccaservice<br \/>\nMeissen, blaue Schwertermarke, zwei Schleifstriche, vor 1945. 1 Moccakanne, 2 Tassen mit Untertassen, 1 Milchk\u00e4nnchen, 1 Zuckerdose, dazu 3 kleine Schalen anderer Manufakturen. Bauchige Gef\u00e4\u00dfk\u00f6rper, Deckel mit Rosennodus. Streifendekor in Rostrot.<\/p>\n","protected":false},"excerpt":{"rendered":"<p>Moccaservice<br \/>\nMeissen, blaue Schwertermarke, zwei Schleifstriche, vor 1945. 1 Moccakanne, 2 Tassen mit Untertassen, 1 Milchk\u00e4nnchen, 1 Zuckerdose, dazu 3 kleine Schalen anderer Manufakturen. Bauchige Gef\u00e4\u00dfk\u00f6rper, Deckel mit Rosennodus. Streifendekor in Rostrot.<br \/>\n\u20ac 60<\/p>\n","protected":false},"featured_media":51997,"template":"","meta":{"_acf_changed":false,"_seopress_robots_primary_cat":"","_seopress_titles_title":"","_seopress_titles_desc":"","_seopress_robots_index":""},"product_brand":[],"product_cat":[34],"product_tag":[51],"class_list":{"0":"post-51996","1":"product","2":"type-product","3":"status-publish","4":"has-post-thumbnail","6":"auktion-versteigerung-150","7":"auktion-archiv","8":"product_cat-porzellan","9":"product_tag-schriftlich","10":"sales-flash-overlay","11":"woocommerce-text-align-left","12":"woocommerce-image-align-center","14":"first","15":"outofstock","16":"sold-individually","17":"purchasable","18":"product-type-simple"},"acf":[],"_links":{"self":[{"href":"https:\/\/engel-kunst.com\/en\/wp-json\/wp\/v2\/product\/51996","targetHints":{"allow":["GET"]}}],"collection":[{"href":"https:\/\/engel-kunst.com\/en\/wp-json\/wp\/v2\/product"}],"about":[{"href":"https:\/\/engel-kunst.com\/en\/wp-json\/wp\/v2\/types\/product"}],"wp:featuredmedia":[{"embeddable":true,"href":"https:\/\/engel-kunst.com\/en\/wp-json\/wp\/v2\/media\/51997"}],"wp:attachment":[{"href":"https:\/\/engel-kunst.com\/en\/wp-json\/wp\/v2\/media?parent=51996"}],"wp:term":[{"taxonomy":"product_brand","embeddable":true,"href":"https:\/\/engel-kunst.com\/en\/wp-json\/wp\/v2\/product_brand?post=51996"},{"taxonomy":"product_cat","embeddable":true,"href":"https:\/\/engel-kunst.com\/en\/wp-json\/wp\/v2\/product_cat?post=51996"},{"taxonomy":"product_tag","embeddable":true,"href":"https:\/\/engel-kunst.com\/en\/wp-json\/wp\/v2\/product_tag?post=51996"}],"curies":[{"name":"wp","href":"https:\/\/api.w.org\/{rel}","templated":true}]}}