{"id":52012,"date":"2025-08-11T12:06:06","date_gmt":"2025-08-11T10:06:06","guid":{"rendered":"https:\/\/engel-kunst.com\/auktion-objekt\/prunkvolle-tischlampe\/"},"modified":"2025-11-03T18:41:49","modified_gmt":"2025-11-03T17:41:49","slug":"prunkvolle-tischlampe","status":"publish","type":"product","link":"https:\/\/engel-kunst.com\/en\/auktion-objekt\/prunkvolle-tischlampe\/","title":{"rendered":"Prunkvolle Tischlampe"},"content":{"rendered":"<p>Prunkvolle Tischlampe<br \/>\nPotschappel, ugl. blauer Manufakturstempel N mit Krone. Lampenfu\u00df in Form eines Baumstrunks, drumherum eine Tanzgruppe aus zwei Jungen und M\u00e4dchen auf einem Landschaftssockel mit bossierten Blumen. Gew\u00f6lbter Lampenschirm mit Reliefdekor, Zierdurchbr\u00fcchen, bossierten Blumen und vier hochovalen Lithophanien. Obenauf eine kegelf\u00f6rmige Schirmhalterung aus verschiedenen Bl\u00fcten. Wei\u00dfe, gl\u00e4nzende Glasur, Bemalung in Blau und Gold, bunte Gesichtsbemalung. H 58,5 cm. Hinweis: nur Selbstabholung oder Versand durch Spedition.<\/p>\n","protected":false},"excerpt":{"rendered":"<p>Prunkvolle Tischlampe<br \/>\nPotschappel, ugl. blauer Manufakturstempel N mit Krone. Lampenfu\u00df in Form eines Baumstrunks, drumherum eine Tanzgruppe aus zwei Jungen und M\u00e4dchen auf einem Landschaftssockel mit bossierten Blumen. Gew\u00f6lbter Lampenschirm mit Reliefdekor, Zierdurchbr\u00fcchen, bossierten Blumen und vier hochovalen Lithophanien. Obenauf eine kegelf\u00f6rmige Schirmhalterung aus verschiedenen Bl\u00fcten. Wei\u00dfe, gl\u00e4nzende Glasur, Bemalung in Blau und Gold, bunte Gesichtsbemalung. H 58,5 cm. Hinweis: nur Selbstabholung oder Versand durch Spedition.<br \/>\n\u20ac 150<\/p>\n","protected":false},"featured_media":52013,"template":"","meta":{"_acf_changed":false,"_seopress_robots_primary_cat":"","_seopress_titles_title":"","_seopress_titles_desc":"","_seopress_robots_index":""},"product_brand":[],"product_cat":[34],"product_tag":[51],"class_list":{"0":"post-52012","1":"product","2":"type-product","3":"status-publish","4":"has-post-thumbnail","6":"auktion-versteigerung-150","7":"auktion-archiv","8":"product_cat-porzellan","9":"product_tag-schriftlich","10":"sales-flash-overlay","11":"woocommerce-text-align-left","12":"woocommerce-image-align-center","14":"first","15":"outofstock","16":"sold-individually","17":"purchasable","18":"product-type-simple"},"acf":[],"_links":{"self":[{"href":"https:\/\/engel-kunst.com\/en\/wp-json\/wp\/v2\/product\/52012","targetHints":{"allow":["GET"]}}],"collection":[{"href":"https:\/\/engel-kunst.com\/en\/wp-json\/wp\/v2\/product"}],"about":[{"href":"https:\/\/engel-kunst.com\/en\/wp-json\/wp\/v2\/types\/product"}],"wp:featuredmedia":[{"embeddable":true,"href":"https:\/\/engel-kunst.com\/en\/wp-json\/wp\/v2\/media\/52013"}],"wp:attachment":[{"href":"https:\/\/engel-kunst.com\/en\/wp-json\/wp\/v2\/media?parent=52012"}],"wp:term":[{"taxonomy":"product_brand","embeddable":true,"href":"https:\/\/engel-kunst.com\/en\/wp-json\/wp\/v2\/product_brand?post=52012"},{"taxonomy":"product_cat","embeddable":true,"href":"https:\/\/engel-kunst.com\/en\/wp-json\/wp\/v2\/product_cat?post=52012"},{"taxonomy":"product_tag","embeddable":true,"href":"https:\/\/engel-kunst.com\/en\/wp-json\/wp\/v2\/product_tag?post=52012"}],"curies":[{"name":"wp","href":"https:\/\/api.w.org\/{rel}","templated":true}]}}