{"id":52030,"date":"2025-08-11T12:06:16","date_gmt":"2025-08-11T10:06:16","guid":{"rendered":"https:\/\/engel-kunst.com\/auktion-objekt\/aufsatzschale-6\/"},"modified":"2025-11-03T18:41:53","modified_gmt":"2025-11-03T17:41:53","slug":"aufsatzschale-6","status":"publish","type":"product","link":"https:\/\/engel-kunst.com\/en\/auktion-objekt\/aufsatzschale-6\/","title":{"rendered":"Aufsatzschale"},"content":{"rendered":"<p>Aufsatzschale<br \/>\nEine Nixe tr\u00e4gt auf ihrer Schwanzflosse die muschelf\u00f6rmige Schale. Ugl. blaue Manufakturmarke R.B. im Oval, dar\u00fcber gekreuzte Stangen. Wei\u00dfe Glasur, bunt bemalte, bossierte Blumen und Ranken, auf dem Schalenrand zwei plastische Tauben. H 15 cm.<\/p>\n","protected":false},"excerpt":{"rendered":"<p>Aufsatzschale<br \/>\nEine Nixe tr\u00e4gt auf ihrer Schwanzflosse die muschelf\u00f6rmige Schale. Ugl. blaue Manufakturmarke R.B. im Oval, dar\u00fcber gekreuzte Stangen. Wei\u00dfe Glasur, bunt bemalte, bossierte Blumen und Ranken, auf dem Schalenrand zwei plastische Tauben. H 15 cm.<br \/>\n\u20ac 30<\/p>\n","protected":false},"featured_media":52031,"template":"","meta":{"_acf_changed":false,"_seopress_robots_primary_cat":"","_seopress_titles_title":"","_seopress_titles_desc":"","_seopress_robots_index":""},"product_brand":[],"product_cat":[34],"product_tag":[51],"class_list":{"0":"post-52030","1":"product","2":"type-product","3":"status-publish","4":"has-post-thumbnail","6":"auktion-versteigerung-150","7":"auktion-archiv","8":"product_cat-porzellan","9":"product_tag-schriftlich","10":"sales-flash-overlay","11":"woocommerce-text-align-left","12":"woocommerce-image-align-center","14":"first","15":"outofstock","16":"sold-individually","17":"purchasable","18":"product-type-simple"},"acf":[],"_links":{"self":[{"href":"https:\/\/engel-kunst.com\/en\/wp-json\/wp\/v2\/product\/52030","targetHints":{"allow":["GET"]}}],"collection":[{"href":"https:\/\/engel-kunst.com\/en\/wp-json\/wp\/v2\/product"}],"about":[{"href":"https:\/\/engel-kunst.com\/en\/wp-json\/wp\/v2\/types\/product"}],"wp:featuredmedia":[{"embeddable":true,"href":"https:\/\/engel-kunst.com\/en\/wp-json\/wp\/v2\/media\/52031"}],"wp:attachment":[{"href":"https:\/\/engel-kunst.com\/en\/wp-json\/wp\/v2\/media?parent=52030"}],"wp:term":[{"taxonomy":"product_brand","embeddable":true,"href":"https:\/\/engel-kunst.com\/en\/wp-json\/wp\/v2\/product_brand?post=52030"},{"taxonomy":"product_cat","embeddable":true,"href":"https:\/\/engel-kunst.com\/en\/wp-json\/wp\/v2\/product_cat?post=52030"},{"taxonomy":"product_tag","embeddable":true,"href":"https:\/\/engel-kunst.com\/en\/wp-json\/wp\/v2\/product_tag?post=52030"}],"curies":[{"name":"wp","href":"https:\/\/api.w.org\/{rel}","templated":true}]}}