{"id":52048,"date":"2025-08-11T12:06:27","date_gmt":"2025-08-11T10:06:27","guid":{"rendered":"https:\/\/engel-kunst.com\/auktion-objekt\/sechs-messerbaenkchen-2\/"},"modified":"2025-11-03T18:41:56","modified_gmt":"2025-11-03T17:41:56","slug":"sechs-messerbaenkchen-2","status":"publish","type":"product","link":"https:\/\/engel-kunst.com\/en\/auktion-objekt\/sechs-messerbaenkchen-2\/","title":{"rendered":"Sechs Messerb\u00e4nkchen"},"content":{"rendered":"<p>Sechs Messerb\u00e4nkchen<br \/>\nRudolstadt, Rudolf K\u00e4mmerer, Manufakturstempel. Wei\u00dfe, gl\u00e4nzende Glasur, Relief- und Golddekor, bossierte, bunt bemalte R\u00f6schen. L 9 cm. In orig. Pappschachtel.<\/p>\n","protected":false},"excerpt":{"rendered":"<p>Sechs Messerb\u00e4nkchen<br \/>\nRudolstadt, Rudolf K\u00e4mmerer, Manufakturstempel. Wei\u00dfe, gl\u00e4nzende Glasur, Relief- und Golddekor, bossierte, bunt bemalte R\u00f6schen. L 9 cm. In orig. Pappschachtel.<br \/>\n\u20ac 45<\/p>\n","protected":false},"featured_media":52049,"template":"","meta":{"_acf_changed":false,"_seopress_robots_primary_cat":"","_seopress_titles_title":"","_seopress_titles_desc":"","_seopress_robots_index":""},"product_brand":[],"product_cat":[34],"product_tag":[51],"class_list":{"0":"post-52048","1":"product","2":"type-product","3":"status-publish","4":"has-post-thumbnail","6":"auktion-versteigerung-150","7":"auktion-archiv","8":"product_cat-porzellan","9":"product_tag-schriftlich","10":"sales-flash-overlay","11":"woocommerce-text-align-left","12":"woocommerce-image-align-center","14":"first","15":"outofstock","16":"sold-individually","17":"purchasable","18":"product-type-simple"},"acf":[],"_links":{"self":[{"href":"https:\/\/engel-kunst.com\/en\/wp-json\/wp\/v2\/product\/52048","targetHints":{"allow":["GET"]}}],"collection":[{"href":"https:\/\/engel-kunst.com\/en\/wp-json\/wp\/v2\/product"}],"about":[{"href":"https:\/\/engel-kunst.com\/en\/wp-json\/wp\/v2\/types\/product"}],"wp:featuredmedia":[{"embeddable":true,"href":"https:\/\/engel-kunst.com\/en\/wp-json\/wp\/v2\/media\/52049"}],"wp:attachment":[{"href":"https:\/\/engel-kunst.com\/en\/wp-json\/wp\/v2\/media?parent=52048"}],"wp:term":[{"taxonomy":"product_brand","embeddable":true,"href":"https:\/\/engel-kunst.com\/en\/wp-json\/wp\/v2\/product_brand?post=52048"},{"taxonomy":"product_cat","embeddable":true,"href":"https:\/\/engel-kunst.com\/en\/wp-json\/wp\/v2\/product_cat?post=52048"},{"taxonomy":"product_tag","embeddable":true,"href":"https:\/\/engel-kunst.com\/en\/wp-json\/wp\/v2\/product_tag?post=52048"}],"curies":[{"name":"wp","href":"https:\/\/api.w.org\/{rel}","templated":true}]}}