{"id":52060,"date":"2025-08-11T12:06:27","date_gmt":"2025-08-11T10:06:27","guid":{"rendered":"https:\/\/engel-kunst.com\/auktion-objekt\/speiseservice-2\/"},"modified":"2025-11-03T18:41:57","modified_gmt":"2025-11-03T17:41:57","slug":"speiseservice-2","status":"publish","type":"product","link":"https:\/\/engel-kunst.com\/en\/auktion-objekt\/speiseservice-2\/","title":{"rendered":"Speiseservice"},"content":{"rendered":"<p>Speiseservice<br \/>\nManufaktur Karlsbad, Manufakturstempel, Anfang 20. Jh.. 33 Teile: 8 Men\u00fcteller (einer am Rand etwas best.), 3 Suppenteller, 11 Dessertteller, 3 Sch\u00fcsseln (eine am Rand etwas best.), 2 Deckelsch\u00fcsseln, 1 Sauciere mit L\u00f6ffel, 2 kleine Schalen, 3 Platten (eine am Rand best.). Sch\u00f6nes Blumenmuster gr\u00fcn-braun, Golddekor. Hinweis: nur Selbstabholung oder Versand durch Spedition.<\/p>\n","protected":false},"excerpt":{"rendered":"<p>Speiseservice<br \/>\nManufaktur Karlsbad, Manufakturstempel, Anfang 20. Jh.. 33 Teile: 8 Men\u00fcteller (einer am Rand etwas best.), 3 Suppenteller, 11 Dessertteller, 3 Sch\u00fcsseln (eine am Rand etwas best.), 2 Deckelsch\u00fcsseln, 1 Sauciere mit L\u00f6ffel, 2 kleine Schalen, 3 Platten (eine am Rand best.). Sch\u00f6nes Blumenmuster gr\u00fcn-braun, Golddekor. Hinweis: nur Selbstabholung oder Versand durch Spedition.<br \/>\n\u20ac 180<\/p>\n","protected":false},"featured_media":52061,"template":"","meta":{"_acf_changed":false,"_seopress_robots_primary_cat":"","_seopress_titles_title":"","_seopress_titles_desc":"","_seopress_robots_index":""},"product_brand":[],"product_cat":[34],"product_tag":[51],"class_list":{"0":"post-52060","1":"product","2":"type-product","3":"status-publish","4":"has-post-thumbnail","6":"auktion-versteigerung-150","7":"auktion-archiv","8":"product_cat-porzellan","9":"product_tag-schriftlich","10":"sales-flash-overlay","11":"woocommerce-text-align-left","12":"woocommerce-image-align-center","14":"first","15":"outofstock","16":"sold-individually","17":"purchasable","18":"product-type-simple"},"acf":[],"_links":{"self":[{"href":"https:\/\/engel-kunst.com\/en\/wp-json\/wp\/v2\/product\/52060","targetHints":{"allow":["GET"]}}],"collection":[{"href":"https:\/\/engel-kunst.com\/en\/wp-json\/wp\/v2\/product"}],"about":[{"href":"https:\/\/engel-kunst.com\/en\/wp-json\/wp\/v2\/types\/product"}],"wp:featuredmedia":[{"embeddable":true,"href":"https:\/\/engel-kunst.com\/en\/wp-json\/wp\/v2\/media\/52061"}],"wp:attachment":[{"href":"https:\/\/engel-kunst.com\/en\/wp-json\/wp\/v2\/media?parent=52060"}],"wp:term":[{"taxonomy":"product_brand","embeddable":true,"href":"https:\/\/engel-kunst.com\/en\/wp-json\/wp\/v2\/product_brand?post=52060"},{"taxonomy":"product_cat","embeddable":true,"href":"https:\/\/engel-kunst.com\/en\/wp-json\/wp\/v2\/product_cat?post=52060"},{"taxonomy":"product_tag","embeddable":true,"href":"https:\/\/engel-kunst.com\/en\/wp-json\/wp\/v2\/product_tag?post=52060"}],"curies":[{"name":"wp","href":"https:\/\/api.w.org\/{rel}","templated":true}]}}