{"id":52064,"date":"2025-08-11T12:06:38","date_gmt":"2025-08-11T10:06:38","guid":{"rendered":"https:\/\/engel-kunst.com\/auktion-objekt\/teekanne-2\/"},"modified":"2025-11-03T18:41:59","modified_gmt":"2025-11-03T17:41:59","slug":"teekanne-2","status":"publish","type":"product","link":"https:\/\/engel-kunst.com\/en\/auktion-objekt\/teekanne-2\/","title":{"rendered":"Teekanne"},"content":{"rendered":"<p>Teekanne<br \/>\nNymphenburg, gr\u00fcner Manufakturstempel. Bauchiger Gef\u00e4\u00dfk\u00f6rper, Tierkopfausguss, geschwungener Henkel, Deckel mit bemaltem Fruchtnodus. Bemalung in Gr\u00fcn, Gelb und Grau, Golddekor. H 14 cm. Deckelrand etwas best..<\/p>\n","protected":false},"excerpt":{"rendered":"<p>Teekanne<br \/>\nNymphenburg, gr\u00fcner Manufakturstempel. Bauchiger Gef\u00e4\u00dfk\u00f6rper, Tierkopfausguss, geschwungener Henkel, Deckel mit bemaltem Fruchtnodus. Bemalung in Gr\u00fcn, Gelb und Grau, Golddekor. H 14 cm. Deckelrand etwas best..<br \/>\n\u20ac 45<\/p>\n","protected":false},"featured_media":52065,"template":"","meta":{"_acf_changed":false,"_seopress_robots_primary_cat":"","_seopress_titles_title":"","_seopress_titles_desc":"","_seopress_robots_index":""},"product_brand":[],"product_cat":[34],"product_tag":[51],"class_list":{"0":"post-52064","1":"product","2":"type-product","3":"status-publish","4":"has-post-thumbnail","6":"auktion-versteigerung-150","7":"auktion-archiv","8":"product_cat-porzellan","9":"product_tag-schriftlich","10":"sales-flash-overlay","11":"woocommerce-text-align-left","12":"woocommerce-image-align-center","14":"first","15":"outofstock","16":"sold-individually","17":"purchasable","18":"product-type-simple"},"acf":[],"_links":{"self":[{"href":"https:\/\/engel-kunst.com\/en\/wp-json\/wp\/v2\/product\/52064","targetHints":{"allow":["GET"]}}],"collection":[{"href":"https:\/\/engel-kunst.com\/en\/wp-json\/wp\/v2\/product"}],"about":[{"href":"https:\/\/engel-kunst.com\/en\/wp-json\/wp\/v2\/types\/product"}],"wp:featuredmedia":[{"embeddable":true,"href":"https:\/\/engel-kunst.com\/en\/wp-json\/wp\/v2\/media\/52065"}],"wp:attachment":[{"href":"https:\/\/engel-kunst.com\/en\/wp-json\/wp\/v2\/media?parent=52064"}],"wp:term":[{"taxonomy":"product_brand","embeddable":true,"href":"https:\/\/engel-kunst.com\/en\/wp-json\/wp\/v2\/product_brand?post=52064"},{"taxonomy":"product_cat","embeddable":true,"href":"https:\/\/engel-kunst.com\/en\/wp-json\/wp\/v2\/product_cat?post=52064"},{"taxonomy":"product_tag","embeddable":true,"href":"https:\/\/engel-kunst.com\/en\/wp-json\/wp\/v2\/product_tag?post=52064"}],"curies":[{"name":"wp","href":"https:\/\/api.w.org\/{rel}","templated":true}]}}