{"id":52070,"date":"2025-08-11T12:06:38","date_gmt":"2025-08-11T10:06:38","guid":{"rendered":"https:\/\/engel-kunst.com\/auktion-objekt\/vase-59\/"},"modified":"2025-11-03T18:42:00","modified_gmt":"2025-11-03T17:42:00","slug":"vase-59","status":"publish","type":"product","link":"https:\/\/engel-kunst.com\/en\/auktion-objekt\/vase-59\/","title":{"rendered":"Vase"},"content":{"rendered":"<p>Vase<br \/>\nSgrafo Modern, Manufakturstempel, 1950er\/60er Jahre. Entwurf: Peter M\u00fcller. Gestreckt konischer, dreikantiger Gef\u00e4\u00dfk\u00f6rper mit abgeschr\u00e4gter \u00d6ffnung. Wei\u00dfe Glasur, dunkelgrau konturiertes Reliefmuster. H 28 cm.<\/p>\n","protected":false},"excerpt":{"rendered":"<p>Vase<br \/>\nSgrafo Modern, Manufakturstempel, 1950er\/60er Jahre. Entwurf: Peter M\u00fcller. Gestreckt konischer, dreikantiger Gef\u00e4\u00dfk\u00f6rper mit abgeschr\u00e4gter \u00d6ffnung. Wei\u00dfe Glasur, dunkelgrau konturiertes Reliefmuster. H 28 cm.<br \/>\n\u20ac 20<\/p>\n","protected":false},"featured_media":52071,"template":"","meta":{"_acf_changed":false,"_seopress_robots_primary_cat":"","_seopress_titles_title":"","_seopress_titles_desc":"","_seopress_robots_index":""},"product_brand":[],"product_cat":[34],"product_tag":[51],"class_list":{"0":"post-52070","1":"product","2":"type-product","3":"status-publish","4":"has-post-thumbnail","6":"auktion-versteigerung-150","7":"auktion-archiv","8":"product_cat-porzellan","9":"product_tag-schriftlich","10":"sales-flash-overlay","11":"woocommerce-text-align-left","12":"woocommerce-image-align-center","14":"first","15":"outofstock","16":"sold-individually","17":"purchasable","18":"product-type-simple"},"acf":[],"_links":{"self":[{"href":"https:\/\/engel-kunst.com\/en\/wp-json\/wp\/v2\/product\/52070","targetHints":{"allow":["GET"]}}],"collection":[{"href":"https:\/\/engel-kunst.com\/en\/wp-json\/wp\/v2\/product"}],"about":[{"href":"https:\/\/engel-kunst.com\/en\/wp-json\/wp\/v2\/types\/product"}],"wp:featuredmedia":[{"embeddable":true,"href":"https:\/\/engel-kunst.com\/en\/wp-json\/wp\/v2\/media\/52071"}],"wp:attachment":[{"href":"https:\/\/engel-kunst.com\/en\/wp-json\/wp\/v2\/media?parent=52070"}],"wp:term":[{"taxonomy":"product_brand","embeddable":true,"href":"https:\/\/engel-kunst.com\/en\/wp-json\/wp\/v2\/product_brand?post=52070"},{"taxonomy":"product_cat","embeddable":true,"href":"https:\/\/engel-kunst.com\/en\/wp-json\/wp\/v2\/product_cat?post=52070"},{"taxonomy":"product_tag","embeddable":true,"href":"https:\/\/engel-kunst.com\/en\/wp-json\/wp\/v2\/product_tag?post=52070"}],"curies":[{"name":"wp","href":"https:\/\/api.w.org\/{rel}","templated":true}]}}