{"id":52076,"date":"2025-08-11T12:06:38","date_gmt":"2025-08-11T10:06:38","guid":{"rendered":"https:\/\/engel-kunst.com\/auktion-objekt\/deckelgefaess-5\/"},"modified":"2025-11-03T18:42:01","modified_gmt":"2025-11-03T17:42:01","slug":"deckelgefaess-5","status":"publish","type":"product","link":"https:\/\/engel-kunst.com\/en\/auktion-objekt\/deckelgefaess-5\/","title":{"rendered":"Deckelgef\u00e4\u00df"},"content":{"rendered":"<p>Deckelgef\u00e4\u00df<br \/>\nChina. Porzellan, am Boden ugl. blaue Vierzeichenmarke. Bauchiger Gef\u00e4\u00dfk\u00f6rper auf konischem Standring, gew\u00f6lbter Deckel mit gegliedertem Nodus. Wei\u00dfe Glasur, graues Craquel\u00e9, ugl. Blaumalerei, Darstellung von Figuren, Blumen und Landschaften. Lippe, Deckelrand und Nodus mit Messingmontierungen. H 11 cm, D 8,5 cm.<\/p>\n","protected":false},"excerpt":{"rendered":"<p>Deckelgef\u00e4\u00df<br \/>\nChina. Porzellan, am Boden ugl. blaue Vierzeichenmarke. Bauchiger Gef\u00e4\u00dfk\u00f6rper auf konischem Standring, gew\u00f6lbter Deckel mit gegliedertem Nodus. Wei\u00dfe Glasur, graues Craquel\u00e9, ugl. Blaumalerei, Darstellung von Figuren, Blumen und Landschaften. Lippe, Deckelrand und Nodus mit Messingmontierungen. H 11 cm, D 8,5 cm.<br \/>\n\u20ac 15<\/p>\n","protected":false},"featured_media":52077,"template":"","meta":{"_acf_changed":false,"_seopress_robots_primary_cat":"","_seopress_titles_title":"","_seopress_titles_desc":"","_seopress_robots_index":""},"product_brand":[],"product_cat":[35],"product_tag":[51],"class_list":{"0":"post-52076","1":"product","2":"type-product","3":"status-publish","4":"has-post-thumbnail","6":"auktion-versteigerung-150","7":"auktion-archiv","8":"product_cat-asiatische-kunst","9":"product_tag-schriftlich","10":"sales-flash-overlay","11":"woocommerce-text-align-left","12":"woocommerce-image-align-center","14":"first","15":"outofstock","16":"sold-individually","17":"purchasable","18":"product-type-simple"},"acf":[],"_links":{"self":[{"href":"https:\/\/engel-kunst.com\/en\/wp-json\/wp\/v2\/product\/52076","targetHints":{"allow":["GET"]}}],"collection":[{"href":"https:\/\/engel-kunst.com\/en\/wp-json\/wp\/v2\/product"}],"about":[{"href":"https:\/\/engel-kunst.com\/en\/wp-json\/wp\/v2\/types\/product"}],"wp:featuredmedia":[{"embeddable":true,"href":"https:\/\/engel-kunst.com\/en\/wp-json\/wp\/v2\/media\/52077"}],"wp:attachment":[{"href":"https:\/\/engel-kunst.com\/en\/wp-json\/wp\/v2\/media?parent=52076"}],"wp:term":[{"taxonomy":"product_brand","embeddable":true,"href":"https:\/\/engel-kunst.com\/en\/wp-json\/wp\/v2\/product_brand?post=52076"},{"taxonomy":"product_cat","embeddable":true,"href":"https:\/\/engel-kunst.com\/en\/wp-json\/wp\/v2\/product_cat?post=52076"},{"taxonomy":"product_tag","embeddable":true,"href":"https:\/\/engel-kunst.com\/en\/wp-json\/wp\/v2\/product_tag?post=52076"}],"curies":[{"name":"wp","href":"https:\/\/api.w.org\/{rel}","templated":true}]}}