{"id":52090,"date":"2025-08-11T12:06:47","date_gmt":"2025-08-11T10:06:47","guid":{"rendered":"https:\/\/engel-kunst.com\/auktion-objekt\/barschrank\/"},"modified":"2025-11-03T18:42:03","modified_gmt":"2025-11-03T17:42:03","slug":"barschrank","status":"publish","type":"product","link":"https:\/\/engel-kunst.com\/en\/auktion-objekt\/barschrank\/","title":{"rendered":"Barschrank"},"content":{"rendered":"<p>Barschrank<br \/>\nChina, ca. Mitte 20. Jh.. Reich geschnitztes Holz, schwarz lackiert. In der Front zwei T\u00fcren, dahinter offenes Gefach und zwei Schubladen, dar\u00fcber eine Klappe, dahinter gro\u00dfes Fach f\u00fcr Flaschen udgl., dar\u00fcber aufklappbare Deckplatte, runde Vorderecken mit T\u00fcr, dahinter Gefach f\u00fcr Trinkgl\u00e4ser, auf den Seiten eine T\u00fcr, dahinter f\u00fcnf Ablagen. Front, Seiten und Innenseite der Deckplatte mit Figurenszenen reich verziert. H 108 cm, B 86,5 cm, T 47,5 cm. Gebrauchsspuren, stellenweise abgebl\u00e4tterter Lack.<\/p>\n","protected":false},"excerpt":{"rendered":"<p>Barschrank<br \/>\nChina, ca. Mitte 20. Jh.. Reich geschnitztes Holz, schwarz lackiert. In der Front zwei T\u00fcren, dahinter offenes Gefach und zwei Schubladen, dar\u00fcber eine Klappe, dahinter gro\u00dfes Fach f\u00fcr Flaschen udgl., dar\u00fcber aufklappbare Deckplatte, runde Vorderecken mit T\u00fcr, dahinter Gefach f\u00fcr Trinkgl\u00e4ser, auf den Seiten eine T\u00fcr, dahinter f\u00fcnf Ablagen. Front, Seiten und Innenseite der Deckplatte mit Figurenszenen reich verziert. H 108 cm, B 86,5 cm, T 47,5 cm. Gebrauchsspuren, stellenweise abgebl\u00e4tterter Lack.<br \/>\n\u20ac 120<\/p>\n","protected":false},"featured_media":52091,"template":"","meta":{"_acf_changed":false,"_seopress_robots_primary_cat":"none","_seopress_titles_title":"","_seopress_titles_desc":"","_seopress_robots_index":""},"product_brand":[],"product_cat":[35],"product_tag":[51],"class_list":{"0":"post-52090","1":"product","2":"type-product","3":"status-publish","4":"has-post-thumbnail","6":"auktion-versteigerung-150","7":"auktion-archiv","8":"product_cat-asiatische-kunst","9":"product_tag-schriftlich","10":"sales-flash-overlay","11":"woocommerce-text-align-left","12":"woocommerce-image-align-center","14":"first","15":"outofstock","16":"sold-individually","17":"purchasable","18":"product-type-simple"},"acf":[],"_links":{"self":[{"href":"https:\/\/engel-kunst.com\/en\/wp-json\/wp\/v2\/product\/52090","targetHints":{"allow":["GET"]}}],"collection":[{"href":"https:\/\/engel-kunst.com\/en\/wp-json\/wp\/v2\/product"}],"about":[{"href":"https:\/\/engel-kunst.com\/en\/wp-json\/wp\/v2\/types\/product"}],"wp:featuredmedia":[{"embeddable":true,"href":"https:\/\/engel-kunst.com\/en\/wp-json\/wp\/v2\/media\/52091"}],"wp:attachment":[{"href":"https:\/\/engel-kunst.com\/en\/wp-json\/wp\/v2\/media?parent=52090"}],"wp:term":[{"taxonomy":"product_brand","embeddable":true,"href":"https:\/\/engel-kunst.com\/en\/wp-json\/wp\/v2\/product_brand?post=52090"},{"taxonomy":"product_cat","embeddable":true,"href":"https:\/\/engel-kunst.com\/en\/wp-json\/wp\/v2\/product_cat?post=52090"},{"taxonomy":"product_tag","embeddable":true,"href":"https:\/\/engel-kunst.com\/en\/wp-json\/wp\/v2\/product_tag?post=52090"}],"curies":[{"name":"wp","href":"https:\/\/api.w.org\/{rel}","templated":true}]}}