{"id":52098,"date":"2025-08-11T12:06:47","date_gmt":"2025-08-11T10:06:47","guid":{"rendered":"https:\/\/engel-kunst.com\/auktion-objekt\/teller-17\/"},"modified":"2025-11-03T18:42:04","modified_gmt":"2025-11-03T17:42:04","slug":"teller-17","status":"publish","type":"product","link":"https:\/\/engel-kunst.com\/en\/auktion-objekt\/teller-17\/","title":{"rendered":"Teller"},"content":{"rendered":"<p>Teller<br \/>\nChina, 18.\/19. Jh.. Porzellan. Am Boden durch eine \u00e4ltere metallene Wandaufh\u00e4ngung etwas verdecktes ugl. blaues Schriftzeichen. Wei\u00dfbl\u00e4uliche Glasur, ugl. Blaumalerei. Im Spiegel bl\u00fchende Landschaft mit Vogel, drumherum Ornamentb\u00e4nder und Blumenranken. D 22,8 cm.<\/p>\n","protected":false},"excerpt":{"rendered":"<p>Teller<br \/>\nChina, 18.\/19. Jh.. Porzellan. Am Boden durch eine \u00e4ltere metallene Wandaufh\u00e4ngung etwas verdecktes ugl. blaues Schriftzeichen. Wei\u00dfbl\u00e4uliche Glasur, ugl. Blaumalerei. Im Spiegel bl\u00fchende Landschaft mit Vogel, drumherum Ornamentb\u00e4nder und Blumenranken. D 22,8 cm.<br \/>\n\u20ac 50<\/p>\n","protected":false},"featured_media":52099,"template":"","meta":{"_acf_changed":false,"_seopress_robots_primary_cat":"","_seopress_titles_title":"","_seopress_titles_desc":"","_seopress_robots_index":""},"product_brand":[],"product_cat":[35],"product_tag":[51],"class_list":{"0":"post-52098","1":"product","2":"type-product","3":"status-publish","4":"has-post-thumbnail","6":"auktion-versteigerung-150","7":"auktion-archiv","8":"product_cat-asiatische-kunst","9":"product_tag-schriftlich","10":"sales-flash-overlay","11":"woocommerce-text-align-left","12":"woocommerce-image-align-center","14":"first","15":"outofstock","16":"sold-individually","17":"purchasable","18":"product-type-simple"},"acf":[],"_links":{"self":[{"href":"https:\/\/engel-kunst.com\/en\/wp-json\/wp\/v2\/product\/52098","targetHints":{"allow":["GET"]}}],"collection":[{"href":"https:\/\/engel-kunst.com\/en\/wp-json\/wp\/v2\/product"}],"about":[{"href":"https:\/\/engel-kunst.com\/en\/wp-json\/wp\/v2\/types\/product"}],"wp:featuredmedia":[{"embeddable":true,"href":"https:\/\/engel-kunst.com\/en\/wp-json\/wp\/v2\/media\/52099"}],"wp:attachment":[{"href":"https:\/\/engel-kunst.com\/en\/wp-json\/wp\/v2\/media?parent=52098"}],"wp:term":[{"taxonomy":"product_brand","embeddable":true,"href":"https:\/\/engel-kunst.com\/en\/wp-json\/wp\/v2\/product_brand?post=52098"},{"taxonomy":"product_cat","embeddable":true,"href":"https:\/\/engel-kunst.com\/en\/wp-json\/wp\/v2\/product_cat?post=52098"},{"taxonomy":"product_tag","embeddable":true,"href":"https:\/\/engel-kunst.com\/en\/wp-json\/wp\/v2\/product_tag?post=52098"}],"curies":[{"name":"wp","href":"https:\/\/api.w.org\/{rel}","templated":true}]}}